{"id":192,"date":"2024-02-25T13:37:39","date_gmt":"2024-02-25T11:37:39","guid":{"rendered":"http:\/\/jnats.eu\/?post_type=product&#038;p=192"},"modified":"2024-07-20T04:48:16","modified_gmt":"2024-07-20T01:48:16","slug":"shobudani-karasu-suite-hibrida","status":"publish","type":"product","link":"https:\/\/jnats.eu\/es\/producto-2\/shobudani-karasu-suite-hibrida\/","title":{"rendered":"Shobudani Karasu Suita Piedra de afilar natural japonesa h\u00edbrida"},"content":{"rendered":"<p>Una obra \u00fanica de la naturaleza: la Shobudani Karasu Suite Hybrid fascina por su estructura homog\u00e9nea con \"cuervos\" y \"flores de loto\". El lado karasu es perfecto para rematar hojas de afeitar. Por supuesto, es f\u00e1cil de manejar con cuchillos y otras herramientas. La cara suita es ligeramente m\u00e1s rugosa. Una piedra similar con una forma regular costar\u00eda varios miles de euros.<\/p>\n\n\n\n<p><\/p>\n\n\n\n<ul class=\"wp-block-list\">\n<li><strong>Dureza: Lv 4.8<\/strong><\/li>\n\n\n\n<li><strong>Dimensiones (aprox.): 180x100x40 mm<\/strong><\/li>\n\n\n\n<li><strong>Peso (con soporte): 1540 g.<\/strong><\/li>\n\n\n\n<li><strong>Genial<strong>Trabajo r\u00e1pido<\/strong> una piedra con una estructura homog\u00e9nea. Las l\u00edneas son totalmente seguras y no se sienten en absoluto al afilar. Perfecta para el acabado de navajas, cuchillos, carpinter\u00eda y otras herramientas.&nbsp;<\/strong><\/li>\n<\/ul>\n\n\n\n<p>Las piedras japonesas naturales no se ensucian durante el trabajo, no crean bloqueos, la hoja dura m\u00e1s, pero el afilado m\u00e1ximo es ligeramente inferior al de las artificiales.<\/p>\n\n\n\n<figure class=\"wp-block-embed is-type-video is-provider-youtube wp-block-embed-youtube wp-embed-aspect-16-9 wp-has-aspect-ratio\"><div class=\"wp-block-embed__wrapper\">\n<div class=\"video-container\"><iframe title=\"Afilar cuchillos con piedras de afilar naturales japonesas: Shobudani Suita-Karasu, Ohira, Nakayama Maruka\" width=\"1170\" height=\"658\" src=\"https:\/\/www.youtube.com\/embed\/SqtxWfIvc8M?feature=oembed\" frameborder=\"0\" allow=\"accelerometer; autoplay; clipboard-write; encrypted-media; gyroscope; picture-in-picture; web-share\" referrerpolicy=\"strict-origin-when-cross-origin\" allowfullscreen><\/iframe><\/div>\n<\/div><\/figure>","protected":false},"excerpt":{"rendered":"<p><!-- wp:list --><\/p>\n<ul><!-- wp:list-item --><\/p>\n<li><strong>Dureza: Lv 4.8<\/strong><\/li>\n<p><!-- \/wp:list-item --><\/p>\n<p><!-- wp:list-item --><\/p>\n<li><strong>Dimensiones (aprox.): 180x100x40 mm<\/strong><\/li>\n<p><!-- \/wp:list-item --><\/p>\n<p><!-- wp:list-item --><\/p>\n<li><strong>Peso (con soporte): 1540 g.<\/strong><\/li>\n<p><!-- \/wp:list-item --><\/p>\n<p><!-- wp:list-item --><\/p>\n<li><strong>Una piedra dura, de trabajo r\u00e1pido y estructura homog\u00e9nea. Las l\u00edneas son completamente seguras y no se sienten en absoluto al afilar. Ideal para el acabado de navajas, cuchillos, carpinter\u00eda y otras herramientas.\u00a0<\/strong><\/li>\n<p><!-- \/wp:list-item --><\/ul>\n<p><!-- \/wp:list --><\/p>","protected":false},"featured_media":1179,"comment_status":"open","ping_status":"closed","template":"","meta":[],"product_brand":[],"product_cat":[22],"product_tag":[57,44,56,50],"class_list":{"0":"post-192","1":"product","2":"type-product","3":"status-publish","4":"has-post-thumbnail","6":"product_cat-jnats","7":"product_tag-karasu","8":"product_tag-shobudani","9":"product_tag-shobudani-karasu-suita","10":"product_tag-suita","11":"product_shipping_class-iprastas","13":"first","14":"outofstock","15":"sale","16":"shipping-taxable","17":"purchasable","18":"product-type-simple"},"_links":{"self":[{"href":"https:\/\/jnats.eu\/es\/wp-json\/wp\/v2\/product\/192","targetHints":{"allow":["GET"]}}],"collection":[{"href":"https:\/\/jnats.eu\/es\/wp-json\/wp\/v2\/product"}],"about":[{"href":"https:\/\/jnats.eu\/es\/wp-json\/wp\/v2\/types\/product"}],"replies":[{"embeddable":true,"href":"https:\/\/jnats.eu\/es\/wp-json\/wp\/v2\/comments?post=192"}],"wp:featuredmedia":[{"embeddable":true,"href":"https:\/\/jnats.eu\/es\/wp-json\/wp\/v2\/media\/1179"}],"wp:attachment":[{"href":"https:\/\/jnats.eu\/es\/wp-json\/wp\/v2\/media?parent=192"}],"wp:term":[{"taxonomy":"product_brand","embeddable":true,"href":"https:\/\/jnats.eu\/es\/wp-json\/wp\/v2\/product_brand?post=192"},{"taxonomy":"product_cat","embeddable":true,"href":"https:\/\/jnats.eu\/es\/wp-json\/wp\/v2\/product_cat?post=192"},{"taxonomy":"product_tag","embeddable":true,"href":"https:\/\/jnats.eu\/es\/wp-json\/wp\/v2\/product_tag?post=192"}],"curies":[{"name":"wp","href":"https:\/\/api.w.org\/{rel}","templated":true}]}}