{"id":1945,"date":"2024-04-23T10:06:17","date_gmt":"2024-04-23T07:06:17","guid":{"rendered":"http:\/\/jnats.eu\/?post_type=product&#038;p=1945"},"modified":"2024-06-29T15:55:34","modified_gmt":"2024-06-29T12:55:34","slug":"okudo-tenjyou-suite","status":"publish","type":"product","link":"https:\/\/jnats.eu\/es\/producto-2\/okudo-tenjyou-suite\/","title":{"rendered":"Suite Okudo Tenjyou"},"content":{"rendered":"<p>Esta piedra es dura y fina pero tiene una excelente sensaci\u00f3n de afilado y velocidad. No se formar\u00e1 una pasta, por lo que recomendamos utilizar nagura para acelerar el pulido de los cuchillos. Por el contrario, los desechos de metal negro se acumular\u00e1n r\u00e1pidamente cuando trabajes con la hoja sobre la piedra. Con la paciencia y la t\u00e9cnica adecuadas, las piedras dejan un kasumi brillante y refinado tanto en el laminado blando como en el n\u00facleo de acero duro. <\/p>\n\n\n\n<p>La hoja no es nada agresiva, pero es perfecta para cuchillos de cocina. Esta piedra tambi\u00e9n funciona bien con herramientas de carpinter\u00eda, p. para cinceles y cepillos y es una excelente preparaci\u00f3n previa a la maquinilla de afeitar. Para navajas, herramientas y pulido, no recomendamos no utilizar una placa de diamante, ya que he notado que la suspensi\u00f3n es desigual y no tan fina como me gustar\u00eda. <\/p>\n\n\n\n<p>Una piedra peque\u00f1a funcionar\u00e1 perfectamente y es significativamente m\u00e1s barata que una piedra grande de calidad comparable. Actualmente, la piedra es amarilla y blanca. M\u00e1s profundo en los lados hay poco visible. <em>CON<\/em> (agujeros) y sin l\u00edneas t\u00f3xicas. Tambi\u00e9n hay un patr\u00f3n raro de renge y namazu.<\/p>\n\n\n\n<p><strong>Okudo (\u5965\u6bbf)<\/strong><br>Mina oriental, famosa por su suite. Estas piedras a menudo se denominan &quot;Rey de los trajes&quot; y son quiz\u00e1s las m\u00e1s buscadas entre sus &quot;colegas&quot;. Suelen ser muy duros, bastante peque\u00f1os y r\u00e1pidos. Las piedras Okudo aut\u00e9nticas suelen ser muy caras y rara vez est\u00e1n disponibles.<\/p>\n\n\n\n<figure class=\"wp-block-embed is-type-video is-provider-youtube wp-block-embed-youtube wp-embed-aspect-16-9 wp-has-aspect-ratio\"><div class=\"wp-block-embed__wrapper\">\n<div class=\"video-container\"><iframe title=\"Okudo Tenjyou Suita, Okudo Loto Negro Shiro Suita, Ohira Renge Suita, Atago Shiro Suita\" width=\"1170\" height=\"658\" src=\"https:\/\/www.youtube.com\/embed\/rH67SY_9N9o?start=526&#038;feature=oembed\" frameborder=\"0\" allow=\"accelerometer; autoplay; clipboard-write; encrypted-media; gyroscope; picture-in-picture; web-share\" referrerpolicy=\"strict-origin-when-cross-origin\" allowfullscreen><\/iframe><\/div>\n<\/div><\/figure>","protected":false},"excerpt":{"rendered":"<ul>\n<li>Adecuado para cuchillos de acabado, tijeras, carpinter\u00eda y otras herramientas.<\/li>\n<li>Dimensiones: 155x63x16mm<\/li>\n<li>Peso: 740 gramos<\/li>\n<li>Dureza: Lv 4.8<\/li>\n<li>Las l\u00edneas son seguras<\/li>\n<li>La superficie es lisa y lista para trabajar.<\/li>\n<li>Recomendamos trabajar con agua tibia, porque el agua fr\u00eda deteriora la velocidad de trabajo y la respuesta.<\/li>\n<\/ul>","protected":false},"featured_media":1950,"comment_status":"open","ping_status":"closed","template":"","meta":[],"product_brand":[],"product_cat":[22],"product_tag":[142,50,239],"class_list":{"0":"post-1945","1":"product","2":"type-product","3":"status-publish","4":"has-post-thumbnail","6":"product_cat-jnats","7":"product_tag-okudo","8":"product_tag-suita","9":"product_tag-tenjyou","10":"product_shipping_class-iprastas","12":"first","13":"outofstock","14":"sale","15":"shipping-taxable","16":"purchasable","17":"product-type-simple"},"_links":{"self":[{"href":"https:\/\/jnats.eu\/es\/wp-json\/wp\/v2\/product\/1945","targetHints":{"allow":["GET"]}}],"collection":[{"href":"https:\/\/jnats.eu\/es\/wp-json\/wp\/v2\/product"}],"about":[{"href":"https:\/\/jnats.eu\/es\/wp-json\/wp\/v2\/types\/product"}],"replies":[{"embeddable":true,"href":"https:\/\/jnats.eu\/es\/wp-json\/wp\/v2\/comments?post=1945"}],"wp:featuredmedia":[{"embeddable":true,"href":"https:\/\/jnats.eu\/es\/wp-json\/wp\/v2\/media\/1950"}],"wp:attachment":[{"href":"https:\/\/jnats.eu\/es\/wp-json\/wp\/v2\/media?parent=1945"}],"wp:term":[{"taxonomy":"product_brand","embeddable":true,"href":"https:\/\/jnats.eu\/es\/wp-json\/wp\/v2\/product_brand?post=1945"},{"taxonomy":"product_cat","embeddable":true,"href":"https:\/\/jnats.eu\/es\/wp-json\/wp\/v2\/product_cat?post=1945"},{"taxonomy":"product_tag","embeddable":true,"href":"https:\/\/jnats.eu\/es\/wp-json\/wp\/v2\/product_tag?post=1945"}],"curies":[{"name":"wp","href":"https:\/\/api.w.org\/{rel}","templated":true}]}}