{"id":1952,"date":"2024-04-23T10:23:13","date_gmt":"2024-04-23T07:23:13","guid":{"rendered":"http:\/\/jnats.eu\/?post_type=product&#038;p=1952"},"modified":"2024-12-24T12:06:35","modified_gmt":"2024-12-24T10:06:35","slug":"okudo-traje-shiro-loto-negro","status":"publish","type":"product","link":"https:\/\/jnats.eu\/es\/producto-2\/okudo-traje-shiro-loto-negro\/","title":{"rendered":"Traje Shiro de loto negro de Okudo"},"content":{"rendered":"<p>Esta piedra es dura y bastante fina, pero tiene una excelente respuesta y velocidad de afilado. Apenas separa su suspensi\u00f3n, pero incluso sin ella la velocidad de trabajo es alta. El pulido se puede acelerar utilizando una placa de nagura o diamante. Realmente esto no ser\u00e1 necesario a la hora de afilar, ya que el \u00e1rea de contacto del acero ser\u00e1 mucho menor. Con la paciencia y la t\u00e9cnica adecuadas, las piedras dejan un kasumi brillante y refinado tanto en el laminado blando como en el n\u00facleo de acero duro.<\/p>\n\n\n\n<p>La hoja es bastante agresiva y es perfecta para cuchillos de cocina. Esta piedra tambi\u00e9n funciona bien con herramientas de carpinter\u00eda, p. cinceles y aviones. Para navajas, herramientas y pulido, no recomendamos no utilizar una placa de diamante, ya que he notado que la suspensi\u00f3n es desigual y no tan fina como me gustar\u00eda.<\/p>\n\n\n\n<p>Las dimensiones de la piedra te permitir\u00e1n realizar todo el trabajo c\u00f3modamente. La piedra es de color blanco con puntos negros &quot;flores de loto&quot; repartidos por toda la superficie y espesor. M\u00e1s profundos en los laterales, hay algunos peque\u00f1os que apenas se ven.\u00a0<em>CON<\/em>\u00a0(agujeros), que hacen que las piedras de afilar Suita trabajen a\u00fan m\u00e1s r\u00e1pido. Absolutamente ninguna l\u00ednea t\u00f3xica, pero <strong>Las acumulaciones de puntos negros pueden ser una molestia en algunos casos. Por ejemplo, si se golpea la hoja con una cuchilla curva, \u00a1puede resultar da\u00f1ada!<\/strong><\/p>\n\n\n\n<p>Ambos lados est\u00e1n listos para la acci\u00f3n. Una m\u00e1s gruesa para la fase inicial de afilado, la otra m\u00e1s fina para la fase de acabado.<\/p>\n\n\n\n<p><strong>Okudo (\u5965\u6bbf)<\/strong><br>Mina oriental, famosa por su suite. Estas piedras a menudo se denominan &quot;Rey de los trajes&quot; y son quiz\u00e1s las m\u00e1s buscadas entre sus &quot;colegas&quot;. Suelen ser muy duros, bastante peque\u00f1os y r\u00e1pidos. Las piedras Okudo aut\u00e9nticas suelen ser muy caras y raras.<\/p>\n\n\n\n<figure class=\"wp-block-embed is-type-video is-provider-youtube wp-block-embed-youtube wp-embed-aspect-16-9 wp-has-aspect-ratio\"><div class=\"wp-block-embed__wrapper\">\n<div class=\"video-container\"><iframe title=\"Okudo Tenjyou Suita, Okudo Loto Negro Shiro Suita, Ohira Renge Suita, Atago Shiro Suita\" width=\"1170\" height=\"658\" src=\"https:\/\/www.youtube.com\/embed\/rH67SY_9N9o?start=218&#038;feature=oembed\" frameborder=\"0\" allow=\"accelerometer; autoplay; clipboard-write; encrypted-media; gyroscope; picture-in-picture; web-share\" referrerpolicy=\"strict-origin-when-cross-origin\" allowfullscreen><\/iframe><\/div>\n<\/div><\/figure>","protected":false},"excerpt":{"rendered":"<ul>\n<li>Adecuado para el acabado de cuchillos, tijeras, carpinter\u00eda y otras herramientas. Para navajas - un preacabado.<\/li>\n<li>Dimensiones: 200x132x20mm<\/li>\n<li>Peso: 1300 gramos<\/li>\n<li>Dureza: Lv 5<\/li>\n<li>Ambas partes est\u00e1n listas para trabajar.<\/li>\n<li><strong>Las acumulaciones de puntos negros pueden ser una molestia en algunos casos. Por ejemplo, si se golpea con la cuchilla curvada, \u00a1se puede da\u00f1ar! Hay 2 en un lado y m\u00e1s en el otro.<\/strong><\/li>\n<\/ul>","protected":false},"featured_media":1954,"comment_status":"open","ping_status":"closed","template":"","meta":[],"product_brand":[],"product_cat":[22],"product_tag":[240,142,87,50],"class_list":{"0":"post-1952","1":"product","2":"type-product","3":"status-publish","4":"has-post-thumbnail","6":"product_cat-jnats","7":"product_tag-black-lotus","8":"product_tag-okudo","9":"product_tag-shiro","10":"product_tag-suita","11":"product_shipping_class-iprastas","13":"first","14":"outofstock","15":"sale","16":"shipping-taxable","17":"purchasable","18":"product-type-simple"},"_links":{"self":[{"href":"https:\/\/jnats.eu\/es\/wp-json\/wp\/v2\/product\/1952","targetHints":{"allow":["GET"]}}],"collection":[{"href":"https:\/\/jnats.eu\/es\/wp-json\/wp\/v2\/product"}],"about":[{"href":"https:\/\/jnats.eu\/es\/wp-json\/wp\/v2\/types\/product"}],"replies":[{"embeddable":true,"href":"https:\/\/jnats.eu\/es\/wp-json\/wp\/v2\/comments?post=1952"}],"wp:featuredmedia":[{"embeddable":true,"href":"https:\/\/jnats.eu\/es\/wp-json\/wp\/v2\/media\/1954"}],"wp:attachment":[{"href":"https:\/\/jnats.eu\/es\/wp-json\/wp\/v2\/media?parent=1952"}],"wp:term":[{"taxonomy":"product_brand","embeddable":true,"href":"https:\/\/jnats.eu\/es\/wp-json\/wp\/v2\/product_brand?post=1952"},{"taxonomy":"product_cat","embeddable":true,"href":"https:\/\/jnats.eu\/es\/wp-json\/wp\/v2\/product_cat?post=1952"},{"taxonomy":"product_tag","embeddable":true,"href":"https:\/\/jnats.eu\/es\/wp-json\/wp\/v2\/product_tag?post=1952"}],"curies":[{"name":"wp","href":"https:\/\/api.w.org\/{rel}","templated":true}]}}