{"id":1969,"date":"2024-04-23T10:39:40","date_gmt":"2024-04-23T07:39:40","guid":{"rendered":"http:\/\/jnats.eu\/?post_type=product&#038;p=1969"},"modified":"2024-11-28T00:01:11","modified_gmt":"2024-11-27T22:01:11","slug":"ohira-renge-traje-kopa","status":"publish","type":"product","link":"https:\/\/jnats.eu\/es\/producto-2\/ohira-renge-traje-kopa\/","title":{"rendered":"Ohira Renge Suite Koppa"},"content":{"rendered":"<p>Un gran traje Ohira Renge vers\u00e1til para una variedad de tareas. La respuesta es muy suave, las l\u00edneas no son un problema a estas alturas, pero es mejor evitar las manchas marrones visibles ya que pueden da\u00f1ar la hoja, por lo que el precio se reduce mucho. El acabado Kasumi es brillante y refinado, resalta los detalles del material de la hoja y deja una superficie &quot;libre de rayones&quot; incluso bajo la luz m\u00e1s intensa. Es una piedra excelente adecuada para una variedad de tareas: afilado final de cuchillos de cocina, pulido kasumi, herramientas y tijeras. Ohira Suita ayud\u00f3 a que la mina alcanzara una reputaci\u00f3n tan destacada.<\/p>\n\n\n\n<p>Este traje shiro blanco est\u00e1 decorado con &quot;flores de loto&quot; rojas, tambi\u00e9n conocidas como patr\u00f3n renge. Tiene una forma y un tama\u00f1o decentes, y las l\u00edneas no son un problema para afilarlas. El fondo de la piedra est\u00e1 relleno de pol\u00edmero.<\/p>\n\n\n\n<p><strong>Ohira (\u5927\u5e73, Oohira, Ohirayama)<\/strong><br>Mina occidental, famosa por la calidad de Uchigumori y Suita. Aunque la mina todav\u00eda se explota ocasionalmente, cada vez es m\u00e1s dif\u00edcil encontrar uchigumori y Ohira suita exportables. Seg\u00fan se informa, muchos mineros est\u00e1n preocupados por el suministro a largo plazo de piedras uchigumori de calidad. Debido a la calidad superior de Ohira suita y uchigumori, no es raro que piedras de otras minas sean estampadas o vendidas como Ohira.<\/p>\n\n\n\n<figure class=\"wp-block-embed is-type-video is-provider-youtube wp-block-embed-youtube wp-embed-aspect-16-9 wp-has-aspect-ratio\"><div class=\"wp-block-embed__wrapper\">\n<div class=\"video-container\"><iframe title=\"Kasumi terminar en Jnats: Ohira, Nisshoyama Naikumo Suita, Shobudani Karasu\" width=\"1170\" height=\"658\" src=\"https:\/\/www.youtube.com\/embed\/EufKzrz4gFs?start=147&#038;feature=oembed\" frameborder=\"0\" allow=\"accelerometer; autoplay; clipboard-write; encrypted-media; gyroscope; picture-in-picture; web-share\" referrerpolicy=\"strict-origin-when-cross-origin\" allowfullscreen><\/iframe><\/div>\n<\/div><\/figure>","protected":false},"excerpt":{"rendered":"<ul>\n<li>Adecuado para el acabado de cuchillos, tijeras, carpinter\u00eda y otras herramientas. Tambi\u00e9n Kasumi para el final.<\/li>\n<li>Dimensiones: 180x120x28mm<\/li>\n<li>Peso: 1390 gramos<\/li>\n<li>Dureza: Lv 4<\/li>\n<li>Las l\u00edneas son seguras <span style=\"color: #993300;\"><strong>manchas &quot;t\u00f3xicas&quot;<\/strong><\/span><\/li>\n<li>Recomendamos trabajar con agua tibia, porque el agua fr\u00eda deteriora la velocidad de trabajo y la respuesta.<\/li>\n<\/ul>","protected":false},"featured_media":1971,"comment_status":"open","ping_status":"closed","template":"","meta":[],"product_brand":[],"product_cat":[22],"product_tag":[241,47,86,50],"class_list":{"0":"post-1969","1":"product","2":"type-product","3":"status-publish","4":"has-post-thumbnail","6":"product_cat-jnats","7":"product_tag-kopa","8":"product_tag-ohira","9":"product_tag-renge","10":"product_tag-suita","11":"product_shipping_class-iprastas","13":"first","14":"outofstock","15":"sale","16":"shipping-taxable","17":"purchasable","18":"product-type-simple"},"_links":{"self":[{"href":"https:\/\/jnats.eu\/es\/wp-json\/wp\/v2\/product\/1969","targetHints":{"allow":["GET"]}}],"collection":[{"href":"https:\/\/jnats.eu\/es\/wp-json\/wp\/v2\/product"}],"about":[{"href":"https:\/\/jnats.eu\/es\/wp-json\/wp\/v2\/types\/product"}],"replies":[{"embeddable":true,"href":"https:\/\/jnats.eu\/es\/wp-json\/wp\/v2\/comments?post=1969"}],"wp:featuredmedia":[{"embeddable":true,"href":"https:\/\/jnats.eu\/es\/wp-json\/wp\/v2\/media\/1971"}],"wp:attachment":[{"href":"https:\/\/jnats.eu\/es\/wp-json\/wp\/v2\/media?parent=1969"}],"wp:term":[{"taxonomy":"product_brand","embeddable":true,"href":"https:\/\/jnats.eu\/es\/wp-json\/wp\/v2\/product_brand?post=1969"},{"taxonomy":"product_cat","embeddable":true,"href":"https:\/\/jnats.eu\/es\/wp-json\/wp\/v2\/product_cat?post=1969"},{"taxonomy":"product_tag","embeddable":true,"href":"https:\/\/jnats.eu\/es\/wp-json\/wp\/v2\/product_tag?post=1969"}],"curies":[{"name":"wp","href":"https:\/\/api.w.org\/{rel}","templated":true}]}}