{"id":1976,"date":"2024-04-23T10:52:41","date_gmt":"2024-04-23T07:52:41","guid":{"rendered":"http:\/\/jnats.eu\/?post_type=product&#038;p=1976"},"modified":"2024-04-26T10:14:33","modified_gmt":"2024-04-26T07:14:33","slug":"atago-shiro-suita","status":"publish","type":"product","link":"https:\/\/jnats.eu\/es\/producto-2\/atago-shiro-suita\/","title":{"rendered":"Suite Atago Shiro"},"content":{"rendered":"<p>Una Suita muy rara, que he visto s\u00f3lo unas pocas veces en el comercio. Esta piedra es de dureza media y fina, con un tacto y velocidad de afilado medios. No formar\u00e1 papilla, por lo que recomendamos el uso de una nagura para acelerar el pulido de sus cuchillos. Por el contrario, los residuos de metal negro se acumular\u00e1n r\u00e1pidamente cuando trabaje la hoja sobre la piedra. Con la paciencia y la t\u00e9cnica adecuadas, las piedras dejar\u00e1n un kasumi brillante y refinado tanto en el laminado blando como en el acero de n\u00facleo duro.<\/p>\n\n\n\n<p>La hoja es bastante poco agresiva, pero es perfecta para cuchillos de cocina. Esta piedra tambi\u00e9n es ideal para herramientas de carpinter\u00eda, como cinceles y cepillos, y es una gran piedra preparatoria para navajas antes del acabado. <\/p>\n\n\n\n<p>La piedra Atago Shiro Suita Galandine har\u00e1 el trabajo perfectamente. La piedra es de color gris con manchas rojizas y l\u00edneas amarillentas en el namazu, que a primera vista pueden parecer ara\u00f1azos.  No presenta l\u00edneas t\u00f3xicas.<\/p>\n\n\n\n<p><strong>Atagoyama<\/strong><br>Esta mina produjo piedras de Chu-ishi naori, que generalmente son grandes y limpias. El monte Atago a menudo se considera el centro de la zona minera de piedra de afilar de Kioto.<\/p>\n\n\n\n<figure class=\"wp-block-embed is-type-video is-provider-youtube wp-block-embed-youtube wp-embed-aspect-16-9 wp-has-aspect-ratio\"><div class=\"wp-block-embed__wrapper\">\n<div class=\"video-container\"><iframe title=\"Okudo Tenjyou Suita, Okudo Loto Negro Shiro Suita, Ohira Renge Suita, Atago Shiro Suita\" width=\"1170\" height=\"658\" src=\"https:\/\/www.youtube.com\/embed\/rH67SY_9N9o?start=549&#038;feature=oembed\" frameborder=\"0\" allow=\"accelerometer; autoplay; clipboard-write; encrypted-media; gyroscope; picture-in-picture; web-share\" referrerpolicy=\"strict-origin-when-cross-origin\" allowfullscreen><\/iframe><\/div>\n<\/div><\/figure>","protected":false},"excerpt":{"rendered":"<ul>\n<li>Adecuado para el acabado de cuchillos, tijeras, carpinter\u00eda y otras herramientas. Para navajas - un preacabado.<\/li>\n<li>Dimensiones: 204x75x33 mm<\/li>\n<li>Peso con soporte: 1780 g<\/li>\n<li>Dureza: Lv 4<\/li>\n<li>Las l\u00edneas son seguras<\/li>\n<li>La superficie es lisa y lista para trabajar.<\/li>\n<li>Recomendamos trabajar con agua tibia, porque el agua fr\u00eda deteriora la velocidad de trabajo y la respuesta.<\/li>\n<\/ul>","protected":false},"featured_media":1980,"comment_status":"open","ping_status":"closed","template":"","meta":[],"product_brand":[],"product_cat":[22],"product_tag":[242,87,50],"class_list":{"0":"post-1976","1":"product","2":"type-product","3":"status-publish","4":"has-post-thumbnail","6":"product_cat-jnats","7":"product_tag-atago","8":"product_tag-shiro","9":"product_tag-suita","10":"product_shipping_class-iprastas","12":"first","13":"instock","14":"sale","15":"shipping-taxable","16":"purchasable","17":"product-type-simple"},"_links":{"self":[{"href":"https:\/\/jnats.eu\/es\/wp-json\/wp\/v2\/product\/1976","targetHints":{"allow":["GET"]}}],"collection":[{"href":"https:\/\/jnats.eu\/es\/wp-json\/wp\/v2\/product"}],"about":[{"href":"https:\/\/jnats.eu\/es\/wp-json\/wp\/v2\/types\/product"}],"replies":[{"embeddable":true,"href":"https:\/\/jnats.eu\/es\/wp-json\/wp\/v2\/comments?post=1976"}],"wp:featuredmedia":[{"embeddable":true,"href":"https:\/\/jnats.eu\/es\/wp-json\/wp\/v2\/media\/1980"}],"wp:attachment":[{"href":"https:\/\/jnats.eu\/es\/wp-json\/wp\/v2\/media?parent=1976"}],"wp:term":[{"taxonomy":"product_brand","embeddable":true,"href":"https:\/\/jnats.eu\/es\/wp-json\/wp\/v2\/product_brand?post=1976"},{"taxonomy":"product_cat","embeddable":true,"href":"https:\/\/jnats.eu\/es\/wp-json\/wp\/v2\/product_cat?post=1976"},{"taxonomy":"product_tag","embeddable":true,"href":"https:\/\/jnats.eu\/es\/wp-json\/wp\/v2\/product_tag?post=1976"}],"curies":[{"name":"wp","href":"https:\/\/api.w.org\/{rel}","templated":true}]}}