{"id":1993,"date":"2024-04-24T09:50:15","date_gmt":"2024-04-24T06:50:15","guid":{"rendered":"http:\/\/jnats.eu\/?post_type=product&#038;p=1993"},"modified":"2025-10-08T12:28:10","modified_gmt":"2025-10-08T09:28:10","slug":"atago-shiro-suita-piedra-japonesa-natural-para-afilar","status":"publish","type":"product","link":"https:\/\/jnats.eu\/es\/producto-2\/atago-shiro-suita-piedra-japonesa-natural-para-afilar\/","title":{"rendered":"Atago Suita Piedra de afilar japonesa natural"},"content":{"rendered":"<p>Una Suita muy rara, que he visto s\u00f3lo unas pocas veces en el comercio. Esta piedra es de dureza media y fina, con una respuesta y velocidad de afilado medias. No formar\u00e1 papilla, por lo que se recomienda el uso de una nagura para acelerar el pulido de los cuchillos. Por el contrario, los residuos de metal negro se acumular\u00e1n r\u00e1pidamente cuando trabaje la hoja sobre la piedra. Con la paciencia y la t\u00e9cnica adecuadas, las piedras dejar\u00e1n un kasumi brillante y refinado tanto en el laminado blando como en el acero de n\u00facleo duro.<\/p>\n\n\n\n<p>La hoja no es nada agresiva, pero es perfecta para cuchillos de cocina. Esta piedra tambi\u00e9n funciona bien con herramientas de carpinter\u00eda, p. para cinceles, cepilladoras y es una excelente preparaci\u00f3n previa a la maquinilla de afeitar.<\/p>\n\n\n\n<p>La piedra de afilar Atago Shiro Suita har\u00e1 todo el trabajo a la perfecci\u00f3n. La piedra es de color gris con manchas rosadas y amarillentas en namaz. Sin l\u00edneas t\u00f3xicas.<\/p>\n\n\n\n<p><strong>Atagoyama<\/strong><br>Esta mina produjo piedras de Chu-ishi naori, que generalmente son grandes y limpias. El monte Atago a menudo se considera el centro de la zona minera de piedra de afilar de Kioto.<\/p>","protected":false},"excerpt":{"rendered":"<ul>\n<li>Adecuado para el acabado de cuchillos, tijeras, carpinter\u00eda y otras herramientas. Para maquinillas de afeitar: preacabado.<\/li>\n<li>Dimensiones: 209x77x20mm<\/li>\n<li>Peso: 780 gramos<\/li>\n<li>Dureza: Lv 3.7<\/li>\n<li>Las l\u00edneas son seguras<\/li>\n<li>La superficie es lisa y lista para trabajar.<\/li>\n<li>Recomendamos trabajar con agua tibia, porque el agua fr\u00eda deteriora la velocidad de trabajo y la respuesta.<\/li>\n<\/ul>","protected":false},"featured_media":2106,"comment_status":"open","ping_status":"closed","template":"","meta":[],"product_brand":[],"product_cat":[22],"product_tag":[242,245,87,50],"class_list":{"0":"post-1993","1":"product","2":"type-product","3":"status-publish","4":"has-post-thumbnail","6":"product_cat-jnats","7":"product_tag-atago","8":"product_tag-naturalus-japoniskas-akmuo-galandinimui","9":"product_tag-shiro","10":"product_tag-suita","11":"product_shipping_class-iprastas","13":"first","14":"outofstock","15":"sale","16":"shipping-taxable","17":"purchasable","18":"product-type-simple"},"_links":{"self":[{"href":"https:\/\/jnats.eu\/es\/wp-json\/wp\/v2\/product\/1993","targetHints":{"allow":["GET"]}}],"collection":[{"href":"https:\/\/jnats.eu\/es\/wp-json\/wp\/v2\/product"}],"about":[{"href":"https:\/\/jnats.eu\/es\/wp-json\/wp\/v2\/types\/product"}],"replies":[{"embeddable":true,"href":"https:\/\/jnats.eu\/es\/wp-json\/wp\/v2\/comments?post=1993"}],"wp:featuredmedia":[{"embeddable":true,"href":"https:\/\/jnats.eu\/es\/wp-json\/wp\/v2\/media\/2106"}],"wp:attachment":[{"href":"https:\/\/jnats.eu\/es\/wp-json\/wp\/v2\/media?parent=1993"}],"wp:term":[{"taxonomy":"product_brand","embeddable":true,"href":"https:\/\/jnats.eu\/es\/wp-json\/wp\/v2\/product_brand?post=1993"},{"taxonomy":"product_cat","embeddable":true,"href":"https:\/\/jnats.eu\/es\/wp-json\/wp\/v2\/product_cat?post=1993"},{"taxonomy":"product_tag","embeddable":true,"href":"https:\/\/jnats.eu\/es\/wp-json\/wp\/v2\/product_tag?post=1993"}],"curies":[{"name":"wp","href":"https:\/\/api.w.org\/{rel}","templated":true}]}}