{"id":200,"date":"2024-02-25T13:49:31","date_gmt":"2024-02-25T11:49:31","guid":{"rendered":"http:\/\/jnats.eu\/?post_type=product&#038;p=200"},"modified":"2024-07-03T10:06:44","modified_gmt":"2024-07-03T07:06:44","slug":"piedra-verde-nakayama-para-maquinillas-de-afeitar","status":"publish","type":"product","link":"https:\/\/jnats.eu\/es\/producto-2\/piedra-verde-nakayama-para-maquinillas-de-afeitar\/","title":{"rendered":"Piedra de afeitar verde Nakayama Honzan"},"content":{"rendered":"<p>La piedra verde de Nakayama es perfecta para dar acabado a las maquinillas de afeitar. Por supuesto, podr\u00e1 manejar f\u00e1cilmente cuchillos y otras herramientas. Una piedra natural homog\u00e9nea de primera clase que sin duda merecer\u00eda la etiqueta Maruka si tuviera la forma adecuada. Aqu\u00ed todo es genial: estructura, rapidez de trabajo, suavidad, respuesta, etc. Este tipo de piedra es una de las m\u00e1s valoradas no s\u00f3lo en Jap\u00f3n, sino tambi\u00e9n por los maestros de todo el mundo, por lo que cuesta miles de euros. Es una inversi\u00f3n para toda tu vida y para las generaciones venideras, porque la piedra se desgastar\u00e1 muy lentamente.<\/p>\n\n\n\n<p>La piedra de afilar de Nakayama es la punta m\u00e1s fina extra\u00edda en la prefectura de Kioto hace casi 900 a\u00f1os. La mina cerr\u00f3 hace m\u00e1s de 30 a\u00f1os. La mina era muy importante como mina militar, ya que las piedras que all\u00ed se extra\u00edan se utilizaban para afilar espadas, por lo que fue custodiada durante mucho tiempo por el Emperador de Jap\u00f3n o el gobierno japon\u00e9s. Durante mucho tiempo, s\u00f3lo la familia Honma pod\u00eda explotar la mina. La Nakayama Maruka es una piedra de afilar muy codiciada, incluso en Jap\u00f3n, porque la mina se cerr\u00f3 y cada vez es m\u00e1s dif\u00edcil encontrarlas. Es ideal para afilar navajas, cuchillos u otras herramientas que necesiten un acabado muy delicado.<\/p>\n\n\n\n<ul class=\"wp-block-list\">\n<li><strong>Dureza: Lv <\/strong>5+<\/li>\n\n\n\n<li><strong>Dimensiones (aprox.): 190x120x20 mm<\/strong><\/li>\n\n\n\n<li><strong>Peso (con soporte): 1310 g.<\/strong><\/li>\n\n\n\n<li><strong>Piedra dura, r\u00e1pida y de estructura homog\u00e9nea. Ideal para el acabado de navajas, cuchillos, carpinter\u00eda y otras herramientas.&nbsp;<\/strong><\/li>\n<\/ul>","protected":false},"excerpt":{"rendered":"<p><!-- wp:list --><\/p>\n<ul><!-- wp:list-item --><\/p>\n<li><strong>Dureza: Lv 5+<\/strong><\/li>\n<p><!-- \/wp:list-item --><\/p>\n<p><!-- wp:list-item --><\/p>\n<li><strong>Dimensiones (aprox.): 190x120x20 mm<\/strong><\/li>\n<p><!-- \/wp:list-item --><\/p>\n<p><!-- wp:list-item --><\/p>\n<li><strong>Peso (con soporte): 1310 g.<\/strong><\/li>\n<p><!-- \/wp:list-item --><\/p>\n<p><!-- wp:list-item --><\/p>\n<li><strong>Piedra dura, r\u00e1pida y de estructura homog\u00e9nea. Ideal para el acabado de navajas, cuchillos, carpinter\u00eda y otras herramientas.\u00a0<\/strong><\/li>\n<p><!-- \/wp:list-item --><\/ul>\n<p><!-- \/wp:list --><\/p>","protected":false},"featured_media":1210,"comment_status":"open","ping_status":"closed","template":"","meta":[],"product_brand":[],"product_cat":[22],"product_tag":[58,49],"class_list":{"0":"post-200","1":"product","2":"type-product","3":"status-publish","4":"has-post-thumbnail","6":"product_cat-jnats","7":"product_tag-maruka","8":"product_tag-nakayama","9":"product_shipping_class-iprastas","11":"first","12":"outofstock","13":"sale","14":"shipping-taxable","15":"purchasable","16":"product-type-simple"},"_links":{"self":[{"href":"https:\/\/jnats.eu\/es\/wp-json\/wp\/v2\/product\/200","targetHints":{"allow":["GET"]}}],"collection":[{"href":"https:\/\/jnats.eu\/es\/wp-json\/wp\/v2\/product"}],"about":[{"href":"https:\/\/jnats.eu\/es\/wp-json\/wp\/v2\/types\/product"}],"replies":[{"embeddable":true,"href":"https:\/\/jnats.eu\/es\/wp-json\/wp\/v2\/comments?post=200"}],"wp:featuredmedia":[{"embeddable":true,"href":"https:\/\/jnats.eu\/es\/wp-json\/wp\/v2\/media\/1210"}],"wp:attachment":[{"href":"https:\/\/jnats.eu\/es\/wp-json\/wp\/v2\/media?parent=200"}],"wp:term":[{"taxonomy":"product_brand","embeddable":true,"href":"https:\/\/jnats.eu\/es\/wp-json\/wp\/v2\/product_brand?post=200"},{"taxonomy":"product_cat","embeddable":true,"href":"https:\/\/jnats.eu\/es\/wp-json\/wp\/v2\/product_cat?post=200"},{"taxonomy":"product_tag","embeddable":true,"href":"https:\/\/jnats.eu\/es\/wp-json\/wp\/v2\/product_tag?post=200"}],"curies":[{"name":"wp","href":"https:\/\/api.w.org\/{rel}","templated":true}]}}