{"id":2002,"date":"2024-04-24T09:58:10","date_gmt":"2024-04-24T06:58:10","guid":{"rendered":"http:\/\/jnats.eu\/?post_type=product&#038;p=2002"},"modified":"2025-10-15T11:10:06","modified_gmt":"2025-10-15T08:10:06","slug":"yamashiro-honba-umeghata-suite","status":"publish","type":"product","link":"https:\/\/jnats.eu\/es\/producto-2\/yamashiro-honba-umeghata-suite\/","title":{"rendered":"Suite Yamashiro Honba Umegahata"},"content":{"rendered":"<p>Esta piedra es de dureza media superior y fina, con buena respuesta de afilado y velocidad. No formar\u00e1 su propia suspensi\u00f3n, por lo que recomendamos utilizar nagura para acelerar el pulido de los cuchillos. Por el contrario, los desechos de metal negro se acumular\u00e1n r\u00e1pidamente cuando afiles la hoja en piedra. Con la paciencia y la t\u00e9cnica adecuadas, las piedras dejan un kasumi brillante y refinado tanto en el laminado blando como en el n\u00facleo de acero duro.<\/p>\n\n\n\n<p>La hoja es agresiva y perfecta para cuchillos de cocina. Esta piedra tambi\u00e9n funciona bien con herramientas de carpinter\u00eda, p. para cinceles y cepillos y es una excelente preparaci\u00f3n previa a la maquinilla de afeitar.<\/p>\n\n\n\n<p>La piedra de afilar japonesa Yamashiro Honba Umegahata Suita har\u00e1 el trabajo perfectamente. Sin l\u00edneas t\u00f3xicas.<\/p>\n\n\n\n<figure class=\"wp-block-embed is-type-video is-provider-youtube wp-block-embed-youtube wp-embed-aspect-16-9 wp-has-aspect-ratio\"><div class=\"wp-block-embed__wrapper\">\n<div class=\"video-container\"><iframe title=\"Yamashiro Honba Umegahata Suita vs Cuchillo de Chef Apex Ultra 66 HRC\" width=\"1170\" height=\"658\" src=\"https:\/\/www.youtube.com\/embed\/OKUOUb-1hes?feature=oembed\" frameborder=\"0\" allow=\"accelerometer; autoplay; clipboard-write; encrypted-media; gyroscope; picture-in-picture; web-share\" referrerpolicy=\"strict-origin-when-cross-origin\" allowfullscreen><\/iframe><\/div>\n<\/div><\/figure>","protected":false},"excerpt":{"rendered":"<ul>\n<li>Adecuado para cuchillos de acabado, tijeras, carpinter\u00eda y otras herramientas.\u00a0<\/li>\n<li>Dimensiones: 201x77x43mm<\/li>\n<li>Peso: 1620 gramos<\/li>\n<li>Dureza: Nivel 4,5<\/li>\n<li>Las l\u00edneas son seguras<\/li>\n<li>La superficie queda lisa y lista para trabajar. El otro lado tambi\u00e9n es plano y se puede terminar f\u00e1cilmente planchando.<\/li>\n<li>Recomendamos trabajar con agua tibia, porque el agua fr\u00eda deteriora la velocidad de trabajo y la respuesta.<\/li>\n<\/ul>","protected":false},"featured_media":2004,"comment_status":"open","ping_status":"closed","template":"","meta":[],"product_brand":[],"product_cat":[22],"product_tag":[246,50,68,247],"class_list":{"0":"post-2002","1":"product","2":"type-product","3":"status-publish","4":"has-post-thumbnail","6":"product_cat-jnats","7":"product_tag-honba","8":"product_tag-suita","9":"product_tag-umegahata","10":"product_tag-yamashiro","11":"product_shipping_class-iprastas","13":"first","14":"outofstock","15":"sale","16":"shipping-taxable","17":"purchasable","18":"product-type-simple"},"_links":{"self":[{"href":"https:\/\/jnats.eu\/es\/wp-json\/wp\/v2\/product\/2002","targetHints":{"allow":["GET"]}}],"collection":[{"href":"https:\/\/jnats.eu\/es\/wp-json\/wp\/v2\/product"}],"about":[{"href":"https:\/\/jnats.eu\/es\/wp-json\/wp\/v2\/types\/product"}],"replies":[{"embeddable":true,"href":"https:\/\/jnats.eu\/es\/wp-json\/wp\/v2\/comments?post=2002"}],"wp:featuredmedia":[{"embeddable":true,"href":"https:\/\/jnats.eu\/es\/wp-json\/wp\/v2\/media\/2004"}],"wp:attachment":[{"href":"https:\/\/jnats.eu\/es\/wp-json\/wp\/v2\/media?parent=2002"}],"wp:term":[{"taxonomy":"product_brand","embeddable":true,"href":"https:\/\/jnats.eu\/es\/wp-json\/wp\/v2\/product_brand?post=2002"},{"taxonomy":"product_cat","embeddable":true,"href":"https:\/\/jnats.eu\/es\/wp-json\/wp\/v2\/product_cat?post=2002"},{"taxonomy":"product_tag","embeddable":true,"href":"https:\/\/jnats.eu\/es\/wp-json\/wp\/v2\/product_tag?post=2002"}],"curies":[{"name":"wp","href":"https:\/\/api.w.org\/{rel}","templated":true}]}}