{"id":2033,"date":"2024-04-24T10:37:39","date_gmt":"2024-04-24T07:37:39","guid":{"rendered":"http:\/\/jnats.eu\/?post_type=product&#038;p=2033"},"modified":"2024-12-05T07:22:36","modified_gmt":"2024-12-05T05:22:36","slug":"ohira-renge-suita-2","status":"publish","type":"product","link":"https:\/\/jnats.eu\/es\/producto-2\/ohira-renge-suita-2\/","title":{"rendered":"Suite Ohira Renge"},"content":{"rendered":"<p>Un gran traje Ohira Renge vers\u00e1til para una variedad de tareas. La respuesta es muy fluida, las l\u00edneas no son un problema de momento. El acabado Kasumi es brillante y refinado, resalta los detalles del material de la hoja y deja una superficie &quot;libre de rayones&quot; incluso bajo la luz m\u00e1s intensa. Es una piedra excelente, adecuada para una variedad de tareas: afilado final de cuchillos de cocina, pulido kasumi, herramientas y tijeras. Ohira Suita ayud\u00f3 a que la mina alcanzara una reputaci\u00f3n tan destacada.<\/p>\n\n\n\n<p>Esta Ohira Shiro Suita blanca est\u00e1 decorada con \u201eflores de loto\u201d rojas, tambi\u00e9n conocidas como patr\u00f3n renge. La piedra tiene una buena forma y tama\u00f1o, y las l\u00edneas son f\u00e1ciles de afilar. Ambas caras est\u00e1n listas para trabajar.<\/p>\n\n\n\n<figure class=\"wp-block-embed is-type-video is-provider-youtube wp-block-embed-youtube wp-embed-aspect-16-9 wp-has-aspect-ratio\"><div class=\"wp-block-embed__wrapper\">\n<div class=\"video-container\"><iframe title=\"Aoto, Aizu, Ohira Suite, Ozuku - Afilado de cuchillas Le Moulin\" width=\"1170\" height=\"658\" src=\"https:\/\/www.youtube.com\/embed\/5Q8Nm6aKSYc?start=612&feature=oembed\" frameborder=\"0\" allow=\"accelerometer; autoplay; clipboard-write; encrypted-media; gyroscope; picture-in-picture; web-share\" referrerpolicy=\"strict-origin-when-cross-origin\" allowfullscreen><\/iframe><\/div>\n<\/div><\/figure>\n\n\n\n<p><strong>Ohira (\u5927\u5e73, Oohira, Ohirayama)<\/strong><br>Mina occidental, famosa por la calidad de Uchigumori y Suita. Aunque la mina todav\u00eda se explota ocasionalmente, cada vez es m\u00e1s dif\u00edcil encontrar uchigumori y Ohira suita exportables. Seg\u00fan se informa, muchos mineros est\u00e1n preocupados por el suministro a largo plazo de piedras uchigumori de calidad. Debido a la calidad superior de Ohira suita y uchigumori, no es raro que piedras de otras minas sean estampadas o vendidas como Ohira.<\/p>","protected":false},"excerpt":{"rendered":"<ul>\n<li>Adecuado para el acabado de cuchillos, tijeras, carpinter\u00eda y otras herramientas. Tambi\u00e9n Kasumi para el final.<\/li>\n<li>Dimensiones: 207x76x22mm<\/li>\n<li>Peso: 707 gramos<\/li>\n<li>Dureza: Lv 4<\/li>\n<li>Las l\u00edneas son seguras<\/li>\n<li>Ambas partes est\u00e1n listas para trabajar.<\/li>\n<li>Recomendamos trabajar con agua tibia, porque el agua fr\u00eda deteriora la velocidad de trabajo y la respuesta.<\/li>\n<\/ul>","protected":false},"featured_media":2036,"comment_status":"open","ping_status":"closed","template":"","meta":[],"product_brand":[],"product_cat":[22],"product_tag":[47,86,50],"class_list":{"0":"post-2033","1":"product","2":"type-product","3":"status-publish","4":"has-post-thumbnail","6":"product_cat-jnats","7":"product_tag-ohira","8":"product_tag-renge","9":"product_tag-suita","10":"product_shipping_class-iprastas","12":"first","13":"outofstock","14":"sale","15":"shipping-taxable","16":"purchasable","17":"product-type-simple"},"_links":{"self":[{"href":"https:\/\/jnats.eu\/es\/wp-json\/wp\/v2\/product\/2033","targetHints":{"allow":["GET"]}}],"collection":[{"href":"https:\/\/jnats.eu\/es\/wp-json\/wp\/v2\/product"}],"about":[{"href":"https:\/\/jnats.eu\/es\/wp-json\/wp\/v2\/types\/product"}],"replies":[{"embeddable":true,"href":"https:\/\/jnats.eu\/es\/wp-json\/wp\/v2\/comments?post=2033"}],"wp:featuredmedia":[{"embeddable":true,"href":"https:\/\/jnats.eu\/es\/wp-json\/wp\/v2\/media\/2036"}],"wp:attachment":[{"href":"https:\/\/jnats.eu\/es\/wp-json\/wp\/v2\/media?parent=2033"}],"wp:term":[{"taxonomy":"product_brand","embeddable":true,"href":"https:\/\/jnats.eu\/es\/wp-json\/wp\/v2\/product_brand?post=2033"},{"taxonomy":"product_cat","embeddable":true,"href":"https:\/\/jnats.eu\/es\/wp-json\/wp\/v2\/product_cat?post=2033"},{"taxonomy":"product_tag","embeddable":true,"href":"https:\/\/jnats.eu\/es\/wp-json\/wp\/v2\/product_tag?post=2033"}],"curies":[{"name":"wp","href":"https:\/\/api.w.org\/{rel}","templated":true}]}}