{"id":2039,"date":"2025-06-30T11:10:34","date_gmt":"2025-06-30T08:10:34","guid":{"rendered":"http:\/\/jnats.eu\/?post_type=product&#038;p=2039"},"modified":"2025-11-28T09:00:18","modified_gmt":"2025-11-28T07:00:18","slug":"ohira-renge-shiro-suita","status":"publish","type":"product","link":"https:\/\/jnats.eu\/es\/producto-2\/ohira-renge-shiro-suita\/","title":{"rendered":"Piedra de afilar japonesa natural Ohira Shiro Suita"},"content":{"rendered":"<p>Una Ohira Renge Suita vers\u00e1til, ideal para diversas tareas. La respuesta es bastante suave, las l\u00edneas no causan problemas notables por el momento, pero a veces se notan. Es una buena piedra ideal para diversas tareas: afilado final de cuchillos de cocina, herramientas de carpinter\u00eda, tijeras, etc. Estas Ohira Suita han ayudado a la mina a alcanzar una reputaci\u00f3n excepcional.<\/p>\n\n\n\n<p>La piedra tiene una forma y un tama\u00f1o decentes, y las l\u00edneas no causan ning\u00fan problema al afilarlas.<\/p>\n\n\n\n<figure class=\"wp-block-embed is-type-video is-provider-youtube wp-block-embed-youtube wp-embed-aspect-16-9 wp-has-aspect-ratio\"><div class=\"wp-block-embed__wrapper\">\n<div class=\"video-container\"><iframe title=\"Suncraft: \u00bfUn SG2 falso o el mejor cuchillo del mundo? Galandam con Ohira Suita\" width=\"1170\" height=\"658\" src=\"https:\/\/www.youtube.com\/embed\/oKKMLcZ-l28?start=450&#038;feature=oembed\" frameborder=\"0\" allow=\"accelerometer; autoplay; clipboard-write; encrypted-media; gyroscope; picture-in-picture; web-share\" referrerpolicy=\"strict-origin-when-cross-origin\" allowfullscreen><\/iframe><\/div>\n<\/div><\/figure>\n\n\n\n<p><strong>Ohira (\u5927\u5e73, Oohira, Ohirayama)<\/strong><br>Mina occidental, famosa por la calidad de Uchigumori y Suita. Aunque la mina todav\u00eda se explota ocasionalmente, cada vez es m\u00e1s dif\u00edcil encontrar uchigumori y Ohira suita exportables. Seg\u00fan se informa, muchos mineros est\u00e1n preocupados por el suministro a largo plazo de piedras uchigumori de calidad. Debido a la calidad superior de Ohira suita y uchigumori, no es raro que piedras de otras minas sean estampadas o vendidas como Ohira.<\/p>","protected":false},"excerpt":{"rendered":"<ul>\n<li>Adecuado para cuchillos de acabado, tijeras, carpinter\u00eda y otras herramientas.\u00a0<\/li>\n<li>Dimensiones: 206x75x42 mm<\/li>\n<li>Peso: 1720 g<\/li>\n<li>Dureza: Nvl 4.3<\/li>\n<li>Las l\u00edneas son seguras, pero una de las m\u00e1s prominentes a veces es un poco notoria.<\/li>\n<li>Recomendamos trabajar con agua tibia, porque el agua fr\u00eda deteriora la velocidad de trabajo y la respuesta.<\/li>\n<\/ul>","protected":false},"featured_media":4835,"comment_status":"open","ping_status":"closed","template":"","meta":[],"product_brand":[],"product_cat":[22],"product_tag":[47,86,87,50],"class_list":{"0":"post-2039","1":"product","2":"type-product","3":"status-publish","4":"has-post-thumbnail","6":"product_cat-jnats","7":"product_tag-ohira","8":"product_tag-renge","9":"product_tag-shiro","10":"product_tag-suita","11":"product_shipping_class-iprastas","13":"first","14":"outofstock","15":"shipping-taxable","16":"purchasable","17":"product-type-simple"},"_links":{"self":[{"href":"https:\/\/jnats.eu\/es\/wp-json\/wp\/v2\/product\/2039","targetHints":{"allow":["GET"]}}],"collection":[{"href":"https:\/\/jnats.eu\/es\/wp-json\/wp\/v2\/product"}],"about":[{"href":"https:\/\/jnats.eu\/es\/wp-json\/wp\/v2\/types\/product"}],"replies":[{"embeddable":true,"href":"https:\/\/jnats.eu\/es\/wp-json\/wp\/v2\/comments?post=2039"}],"wp:featuredmedia":[{"embeddable":true,"href":"https:\/\/jnats.eu\/es\/wp-json\/wp\/v2\/media\/4835"}],"wp:attachment":[{"href":"https:\/\/jnats.eu\/es\/wp-json\/wp\/v2\/media?parent=2039"}],"wp:term":[{"taxonomy":"product_brand","embeddable":true,"href":"https:\/\/jnats.eu\/es\/wp-json\/wp\/v2\/product_brand?post=2039"},{"taxonomy":"product_cat","embeddable":true,"href":"https:\/\/jnats.eu\/es\/wp-json\/wp\/v2\/product_cat?post=2039"},{"taxonomy":"product_tag","embeddable":true,"href":"https:\/\/jnats.eu\/es\/wp-json\/wp\/v2\/product_tag?post=2039"}],"curies":[{"name":"wp","href":"https:\/\/api.w.org\/{rel}","templated":true}]}}