{"id":2044,"date":"2024-04-24T11:07:42","date_gmt":"2024-04-24T08:07:42","guid":{"rendered":"http:\/\/jnats.eu\/?post_type=product&#038;p=2044"},"modified":"2024-05-16T10:39:33","modified_gmt":"2024-05-16T07:39:33","slug":"ohira-suzayama-renge-traje-imanishi-co-ltd","status":"publish","type":"product","link":"https:\/\/jnats.eu\/es\/producto-2\/ohira-suzayama-renge-traje-imanishi-co-ltd\/","title":{"rendered":"Ohira Suzayama Renge Suita Imanishi Co LTD."},"content":{"rendered":"<p>Un conjunto de este tama\u00f1o, forma y clase ideales no aparece muy a menudo y uno vintage con marcas es un verdadero hallazgo. La piedra es r\u00e1pida, da buena respuesta y resultados excepcionales. La Ohira de alta calidad es cada vez m\u00e1s escasa y esta piedra es un excelente ejemplo de c\u00f3mo la mina alcanz\u00f3 su gran reputaci\u00f3n. Este ejemplar est\u00e1 bastante finamente estructurado. Ya sea que su objetivo principal sea afilar cuchillas o pulir kasumi, el Ohira Suzayama Renge Suita no lo decepcionar\u00e1.<\/p>\n\n\n\n<p>Base rosa con un peque\u00f1o estampado en el vestido. Una de las esquinas est\u00e1 ligeramente inclinada y hay unas l\u00edneas de seguridad. Esto es lo \u00fanico que impide que esta piedra se convierta en un ejemplar de museo con un precio verdaderamente astron\u00f3mico.<\/p>\n\n\n\n<p><strong>Ohira (\u5927\u5e73, Oohira, Ohirayama)<\/strong><br>Mina occidental, famosa por la calidad de Uchigumori y Suita. Aunque la mina todav\u00eda se explota ocasionalmente, cada vez es m\u00e1s dif\u00edcil encontrar uchigumori y Ohira suita exportables. Debido a la calidad superior de Ohira suita y uchigumori, no es raro que piedras de otras minas sean estampadas y vendidas como Ohira.<\/p>","protected":false},"excerpt":{"rendered":"<ul>\n<li>Adecuado para el acabado de cuchillos, tijeras, carpinter\u00eda y otras herramientas. Tambi\u00e9n Kasumi para el final.<\/li>\n<li>Dimensiones: 204x74x46mm<\/li>\n<li>Peso: 1760 gramos<\/li>\n<li>Dureza: Lv 4<\/li>\n<li>Las l\u00edneas son seguras<\/li>\n<li>Recomendamos trabajar con agua tibia, porque el agua fr\u00eda deteriora la velocidad de trabajo y la respuesta.<\/li>\n<\/ul>","protected":false},"featured_media":2051,"comment_status":"open","ping_status":"closed","template":"","meta":[],"product_brand":[],"product_cat":[22],"product_tag":[255,254,47,86,50,253],"class_list":{"0":"post-2044","1":"product","2":"type-product","3":"status-publish","4":"has-post-thumbnail","6":"product_cat-jnats","7":"product_tag-co-ltd","8":"product_tag-imanishi","9":"product_tag-ohira","10":"product_tag-renge","11":"product_tag-suita","12":"product_tag-suzayama","13":"product_shipping_class-iprastas","15":"first","16":"instock","17":"sale","18":"shipping-taxable","19":"purchasable","20":"product-type-simple"},"_links":{"self":[{"href":"https:\/\/jnats.eu\/es\/wp-json\/wp\/v2\/product\/2044","targetHints":{"allow":["GET"]}}],"collection":[{"href":"https:\/\/jnats.eu\/es\/wp-json\/wp\/v2\/product"}],"about":[{"href":"https:\/\/jnats.eu\/es\/wp-json\/wp\/v2\/types\/product"}],"replies":[{"embeddable":true,"href":"https:\/\/jnats.eu\/es\/wp-json\/wp\/v2\/comments?post=2044"}],"wp:featuredmedia":[{"embeddable":true,"href":"https:\/\/jnats.eu\/es\/wp-json\/wp\/v2\/media\/2051"}],"wp:attachment":[{"href":"https:\/\/jnats.eu\/es\/wp-json\/wp\/v2\/media?parent=2044"}],"wp:term":[{"taxonomy":"product_brand","embeddable":true,"href":"https:\/\/jnats.eu\/es\/wp-json\/wp\/v2\/product_brand?post=2044"},{"taxonomy":"product_cat","embeddable":true,"href":"https:\/\/jnats.eu\/es\/wp-json\/wp\/v2\/product_cat?post=2044"},{"taxonomy":"product_tag","embeddable":true,"href":"https:\/\/jnats.eu\/es\/wp-json\/wp\/v2\/product_tag?post=2044"}],"curies":[{"name":"wp","href":"https:\/\/api.w.org\/{rel}","templated":true}]}}