{"id":2059,"date":"2024-04-24T11:22:04","date_gmt":"2024-04-24T08:22:04","guid":{"rendered":"http:\/\/jnats.eu\/?post_type=product&#038;p=2059"},"modified":"2025-10-22T15:09:21","modified_gmt":"2025-10-22T12:09:21","slug":"shiro-suita-renge-miyadaiku","status":"publish","type":"product","link":"https:\/\/jnats.eu\/es\/producto-2\/shiro-suita-renge-miyadaiku\/","title":{"rendered":"Shiro Suita Renge Miyadaiku"},"content":{"rendered":"<p>\u00a1La suite m\u00e1s limpia que he visto en mi vida! Las piedras japonesas para afilar y pulir de este tipo, de este tama\u00f1o, forma y grado ideales, son raras, y estar completamente libres de l\u00edneas es pr\u00e1cticamente raro. La piedra es r\u00e1pida, da buena respuesta y resultados excepcionales. La Suita de alta calidad es cada vez menos com\u00fan en el mercado y esta piedra es un excelente ejemplo de c\u00f3mo estas piedras de afilar y pulir se han ganado su gran reputaci\u00f3n. Este ejemplar est\u00e1 bastante finamente estructurado. Ya sea que su objetivo principal sea afilar cuchillas o pulir kasumi, el Suita Renge Miyadaiku no lo decepcionar\u00e1.<\/p>\n\n\n\n<p>Base blanca con peque\u00f1os &quot;lotos&quot; negros y bordes amarillos. <\/p>","protected":false},"excerpt":{"rendered":"<ul>\n<li>Adecuado para el acabado de cuchillos, tijeras, carpinter\u00eda y otras herramientas. Tambi\u00e9n Kasumi para el final.<\/li>\n<li>Dimensiones: 213x63x35mm<\/li>\n<li>Peso con soporte: 1340 g<\/li>\n<li>Dureza: Lv 4<\/li>\n<li>Recomendamos trabajar con agua tibia, porque el agua fr\u00eda deteriora la velocidad de trabajo y la respuesta.<\/li>\n<\/ul>","protected":false},"featured_media":2063,"comment_status":"open","ping_status":"closed","template":"","meta":[],"product_brand":[],"product_cat":[22],"product_tag":[256,86,87,50],"class_list":{"0":"post-2059","1":"product","2":"type-product","3":"status-publish","4":"has-post-thumbnail","6":"product_cat-jnats","7":"product_tag-miyadaiku","8":"product_tag-renge","9":"product_tag-shiro","10":"product_tag-suita","11":"product_shipping_class-iprastas","13":"first","14":"instock","15":"sale","16":"shipping-taxable","17":"purchasable","18":"product-type-simple"},"_links":{"self":[{"href":"https:\/\/jnats.eu\/es\/wp-json\/wp\/v2\/product\/2059","targetHints":{"allow":["GET"]}}],"collection":[{"href":"https:\/\/jnats.eu\/es\/wp-json\/wp\/v2\/product"}],"about":[{"href":"https:\/\/jnats.eu\/es\/wp-json\/wp\/v2\/types\/product"}],"replies":[{"embeddable":true,"href":"https:\/\/jnats.eu\/es\/wp-json\/wp\/v2\/comments?post=2059"}],"wp:featuredmedia":[{"embeddable":true,"href":"https:\/\/jnats.eu\/es\/wp-json\/wp\/v2\/media\/2063"}],"wp:attachment":[{"href":"https:\/\/jnats.eu\/es\/wp-json\/wp\/v2\/media?parent=2059"}],"wp:term":[{"taxonomy":"product_brand","embeddable":true,"href":"https:\/\/jnats.eu\/es\/wp-json\/wp\/v2\/product_brand?post=2059"},{"taxonomy":"product_cat","embeddable":true,"href":"https:\/\/jnats.eu\/es\/wp-json\/wp\/v2\/product_cat?post=2059"},{"taxonomy":"product_tag","embeddable":true,"href":"https:\/\/jnats.eu\/es\/wp-json\/wp\/v2\/product_tag?post=2059"}],"curies":[{"name":"wp","href":"https:\/\/api.w.org\/{rel}","templated":true}]}}