{"id":2125,"date":"2024-04-27T14:55:52","date_gmt":"2024-04-27T11:55:52","guid":{"rendered":"http:\/\/jnats.eu\/?post_type=product&#038;p=2125"},"modified":"2024-10-25T10:57:14","modified_gmt":"2024-10-25T07:57:14","slug":"nakayama-tomae-iromono-japoniskas-naturalus-akmuo-galandimui-2","status":"publish","type":"product","link":"https:\/\/jnats.eu\/es\/producto-2\/nakayama-tomae-iromono-japoniskas-naturalus-akmuo-galandimui-2\/","title":{"rendered":"Nakayama Tomae Iromono Piedra de afilar natural japonesa"},"content":{"rendered":"<p>Este precioso iromono de Nakayama es una piedra natural japonesa dura y perfecta para terminar el afilado de cualquier herramienta. Es mejor para aquellos con m\u00e1s experiencia, pero se puede combinar con un nagura para una experiencia m\u00e1s f\u00e1cil de usar. La textura es muy fina (10k+) y el esmalte tiende a reflejarse. Las l\u00edneas en los bordes no se sentir\u00e1n incluso si se aplica demasiada presi\u00f3n y no quedar\u00e1n rayones.<\/p>\n\n\n\n<p><strong>Nakayama (\u4e2d\u5c71)<\/strong><\/p>\n\n\n\n<p>Esta mina oriental es famosa por sus piedras de acabado de awasedo, y es quiz\u00e1s la m\u00e1s buscada entre los profesionales y aficionados al afilado. En comparaci\u00f3n con piedras de dureza y finura similares de otras minas, las piedras Nakayama son conocidas por una sensaci\u00f3n de afilado m\u00e1s agradable y una alta velocidad de trabajo. Se valoran especialmente la piedra multicapa (Hondomae, Shikitomae) y Kiita.<\/p>","protected":false},"excerpt":{"rendered":"<ul>\n<li>Adecuado para el acabado de navajas, cuchillos, tijeras, carpinter\u00eda y otras herramientas.<\/li>\n<li>Dimensiones: 204x76x18mm<\/li>\n<li>Peso: 700 gramos<\/li>\n<li>Dureza: Lv 4.7<\/li>\n<li>La superficie es lisa y lista para trabajar.<\/li>\n<\/ul>","protected":false},"featured_media":2131,"comment_status":"open","ping_status":"closed","template":"","meta":[],"product_brand":[],"product_cat":[22],"product_tag":[41,259,49,67],"class_list":{"0":"post-2125","1":"product","2":"type-product","3":"status-publish","4":"has-post-thumbnail","6":"product_cat-jnats","7":"product_tag-iromono","8":"product_tag-japoniskas-naturalus-akmuo-galandimui","9":"product_tag-nakayama","10":"product_tag-tomae","12":"first","13":"outofstock","14":"sale","15":"shipping-taxable","16":"purchasable","17":"product-type-simple"},"_links":{"self":[{"href":"https:\/\/jnats.eu\/es\/wp-json\/wp\/v2\/product\/2125","targetHints":{"allow":["GET"]}}],"collection":[{"href":"https:\/\/jnats.eu\/es\/wp-json\/wp\/v2\/product"}],"about":[{"href":"https:\/\/jnats.eu\/es\/wp-json\/wp\/v2\/types\/product"}],"replies":[{"embeddable":true,"href":"https:\/\/jnats.eu\/es\/wp-json\/wp\/v2\/comments?post=2125"}],"wp:featuredmedia":[{"embeddable":true,"href":"https:\/\/jnats.eu\/es\/wp-json\/wp\/v2\/media\/2131"}],"wp:attachment":[{"href":"https:\/\/jnats.eu\/es\/wp-json\/wp\/v2\/media?parent=2125"}],"wp:term":[{"taxonomy":"product_brand","embeddable":true,"href":"https:\/\/jnats.eu\/es\/wp-json\/wp\/v2\/product_brand?post=2125"},{"taxonomy":"product_cat","embeddable":true,"href":"https:\/\/jnats.eu\/es\/wp-json\/wp\/v2\/product_cat?post=2125"},{"taxonomy":"product_tag","embeddable":true,"href":"https:\/\/jnats.eu\/es\/wp-json\/wp\/v2\/product_tag?post=2125"}],"curies":[{"name":"wp","href":"https:\/\/api.w.org\/{rel}","templated":true}]}}