{"id":2149,"date":"2024-04-27T15:27:49","date_gmt":"2024-04-27T12:27:49","guid":{"rendered":"http:\/\/jnats.eu\/?post_type=product&#038;p=2149"},"modified":"2024-10-24T15:59:35","modified_gmt":"2024-10-24T12:59:35","slug":"nakayama-mitsu-asagi","status":"publish","type":"product","link":"https:\/\/jnats.eu\/es\/producto-2\/nakayama-mitsu-asagi\/","title":{"rendered":"Nakayama Mitsu Asagi"},"content":{"rendered":"<p>Este Nakayama asagi es el acabado de afilado de ensue\u00f1o para maquinillas de afeitar, herramientas y cuchillos, adecuado para pulir y refinar hojas de alt\u00edsima calidad. La piedra es muy dura pero f\u00e1cil de manejar, especialmente cuando se utiliza con suspensi\u00f3n lateral o Nagura. El pulido es muy n\u00edtido y detallado, pero se mantiene el contraste. <\/p>\n\n\n\n<p>Este asagi gris claro tiene un patr\u00f3n de sumingashi (tinta sobre agua) bastante prominente en toda la piedra. No se ven inclusiones y las l\u00edneas est\u00e1n seguras. La piedra es mucho m\u00e1s pesada de lo que cabr\u00eda esperar para su tama\u00f1o, lo que significa que tiene una estructura muy densa y se desgastar\u00e1 muy lentamente.<\/p>","protected":false},"excerpt":{"rendered":"<ul>\n<li>Ideal para el acabado de navajas, cuchillos, tijeras, carpinter\u00eda y otras herramientas.<\/li>\n<li>Dimensiones: 180x66x42mm<\/li>\n<li>Peso: 1420 gramos<\/li>\n<li>Dureza: Lv 5+<\/li>\n<li>Las l\u00edneas son seguras<\/li>\n<li>La superficie es lisa y lista para trabajar.<\/li>\n<\/ul>","protected":false},"featured_media":2152,"comment_status":"open","ping_status":"closed","template":"","meta":[],"product_brand":[],"product_cat":[22],"product_tag":[45,261,49],"class_list":{"0":"post-2149","1":"product","2":"type-product","3":"status-publish","4":"has-post-thumbnail","6":"product_cat-jnats","7":"product_tag-asagi","8":"product_tag-mitsu","9":"product_tag-nakayama","10":"product_shipping_class-iprastas","12":"first","13":"outofstock","14":"sale","15":"shipping-taxable","16":"purchasable","17":"product-type-simple"},"_links":{"self":[{"href":"https:\/\/jnats.eu\/es\/wp-json\/wp\/v2\/product\/2149","targetHints":{"allow":["GET"]}}],"collection":[{"href":"https:\/\/jnats.eu\/es\/wp-json\/wp\/v2\/product"}],"about":[{"href":"https:\/\/jnats.eu\/es\/wp-json\/wp\/v2\/types\/product"}],"replies":[{"embeddable":true,"href":"https:\/\/jnats.eu\/es\/wp-json\/wp\/v2\/comments?post=2149"}],"wp:featuredmedia":[{"embeddable":true,"href":"https:\/\/jnats.eu\/es\/wp-json\/wp\/v2\/media\/2152"}],"wp:attachment":[{"href":"https:\/\/jnats.eu\/es\/wp-json\/wp\/v2\/media?parent=2149"}],"wp:term":[{"taxonomy":"product_brand","embeddable":true,"href":"https:\/\/jnats.eu\/es\/wp-json\/wp\/v2\/product_brand?post=2149"},{"taxonomy":"product_cat","embeddable":true,"href":"https:\/\/jnats.eu\/es\/wp-json\/wp\/v2\/product_cat?post=2149"},{"taxonomy":"product_tag","embeddable":true,"href":"https:\/\/jnats.eu\/es\/wp-json\/wp\/v2\/product_tag?post=2149"}],"curies":[{"name":"wp","href":"https:\/\/api.w.org\/{rel}","templated":true}]}}