{"id":2156,"date":"2025-08-26T15:16:22","date_gmt":"2025-08-26T12:16:22","guid":{"rendered":"http:\/\/jnats.eu\/?post_type=product&#038;p=2156"},"modified":"2025-09-04T14:31:44","modified_gmt":"2025-09-04T11:31:44","slug":"vintazinis-nakayama-kiita-tomae-su-dezute","status":"publish","type":"product","link":"https:\/\/jnats.eu\/es\/producto-2\/vintazinis-nakayama-kiita-tomae-su-dezute\/","title":{"rendered":"Vintage Nakayama Kiita Tomae con caja"},"content":{"rendered":"<figure class=\"wp-block-embed is-type-video is-provider-youtube wp-block-embed-youtube wp-embed-aspect-16-9 wp-has-aspect-ratio\"><div class=\"wp-block-embed__wrapper\">\n<div class=\"video-container\"><iframe title=\"Afilado del ic\u00f3nico Iwasaki Kamisori con una piedra de afilar Nakayama\" width=\"1170\" height=\"658\" src=\"https:\/\/www.youtube.com\/embed\/TnGyRyTGinA?start=1072&#038;feature=oembed\" frameborder=\"0\" allow=\"accelerometer; autoplay; clipboard-write; encrypted-media; gyroscope; picture-in-picture; web-share\" referrerpolicy=\"strict-origin-when-cross-origin\" allowfullscreen><\/iframe><\/div>\n<\/div><\/figure>\n\n\n\n<p>A pesar de ser bastante dura, esta Kiita Nakayama de la mina Kato es f\u00e1cil de trabajar. Es lo suficientemente buena como para acabar una navaja, pero lo suficientemente f\u00e1cil de usar como para que tambi\u00e9n sea adecuada para cuchillos. Su tacto es m\u00e1s suave y liso de lo que cabr\u00eda esperar de semejante dureza. Sin clavo ni placa de diamante, la piedra desprender\u00e1 poca lechada, pero pronto mostrar\u00e1 los restos de metal que se han pulido. Su tama\u00f1o la hace ideal para el trabajo con navajas, pero tambi\u00e9n es adecuada para afilar herramientas m\u00e1s grandes. Si su cuchillo est\u00e1 bien preparado, tambi\u00e9n dar\u00e1 un pulido kasumi muy refinado.<\/p>\n\n\n\n<p>Este kiita no es tan amarillo brillante como otros, pero tiene un buen color con algunas manchas marrones ocasionales. <\/p>\n\n\n\n<p><strong>Nakayama (\u4e2d\u5c71)<\/strong><\/p>\n\n\n\n<p>Esta mina oriental es famosa por sus piedras de acabado de awasedo, y es quiz\u00e1s la m\u00e1s buscada entre los profesionales y aficionados al afilado. En comparaci\u00f3n con piedras de dureza y finura similares de otras minas, las piedras Nakayama son conocidas por una sensaci\u00f3n de afilado m\u00e1s agradable y una alta velocidad de trabajo. Se valoran especialmente la piedra multicapa (Hondomae, Shikitomae) y Kiita.<\/p>\n\n\n\n<p><\/p>","protected":false},"excerpt":{"rendered":"<ul>\n<li>Ideal para el acabado de navajas, cuchillos, tijeras, carpinter\u00eda y otras herramientas.<\/li>\n<li>Dimensiones: 203x75x31-25 mm (grosor variable)<\/li>\n<li>Peso: 1045 g<\/li>\n<li>Dureza: Nivel 4,5<\/li>\n<li>La superficie es lisa y lista para trabajar.<\/li>\n<li>Hay una peque\u00f1a hendidura en el centro del borde<\/li>\n<\/ul>","protected":false},"featured_media":5169,"comment_status":"open","ping_status":"closed","template":"","meta":[],"product_brand":[],"product_cat":[22],"product_tag":[141,49,48],"class_list":{"0":"post-2156","1":"product","2":"type-product","3":"status-publish","4":"has-post-thumbnail","6":"product_cat-jnats","7":"product_tag-kiita","8":"product_tag-nakayama","9":"product_tag-nashiji","10":"product_shipping_class-iprastas","12":"first","13":"outofstock","14":"shipping-taxable","15":"purchasable","16":"product-type-simple"},"_links":{"self":[{"href":"https:\/\/jnats.eu\/es\/wp-json\/wp\/v2\/product\/2156","targetHints":{"allow":["GET"]}}],"collection":[{"href":"https:\/\/jnats.eu\/es\/wp-json\/wp\/v2\/product"}],"about":[{"href":"https:\/\/jnats.eu\/es\/wp-json\/wp\/v2\/types\/product"}],"replies":[{"embeddable":true,"href":"https:\/\/jnats.eu\/es\/wp-json\/wp\/v2\/comments?post=2156"}],"wp:featuredmedia":[{"embeddable":true,"href":"https:\/\/jnats.eu\/es\/wp-json\/wp\/v2\/media\/5169"}],"wp:attachment":[{"href":"https:\/\/jnats.eu\/es\/wp-json\/wp\/v2\/media?parent=2156"}],"wp:term":[{"taxonomy":"product_brand","embeddable":true,"href":"https:\/\/jnats.eu\/es\/wp-json\/wp\/v2\/product_brand?post=2156"},{"taxonomy":"product_cat","embeddable":true,"href":"https:\/\/jnats.eu\/es\/wp-json\/wp\/v2\/product_cat?post=2156"},{"taxonomy":"product_tag","embeddable":true,"href":"https:\/\/jnats.eu\/es\/wp-json\/wp\/v2\/product_tag?post=2156"}],"curies":[{"name":"wp","href":"https:\/\/api.w.org\/{rel}","templated":true}]}}