{"id":2169,"date":"2024-04-27T15:49:23","date_gmt":"2024-04-27T12:49:23","guid":{"rendered":"http:\/\/jnats.eu\/?post_type=product&#038;p=2169"},"modified":"2024-05-13T10:16:41","modified_gmt":"2024-05-13T07:16:41","slug":"nakayama-iromono","status":"publish","type":"product","link":"https:\/\/jnats.eu\/es\/producto-2\/nakayama-iromono\/","title":{"rendered":"Nakayama Iromono"},"content":{"rendered":"<p>Una suave piedra de afilar Nakayama Iromono con la que es f\u00e1cil trabajar. Es lo suficientemente bueno para rematar una navaja, pero lo suficientemente f\u00e1cil de usar como para que tambi\u00e9n sea bueno para cuchillos. Es posible prescindir de un respaldo o una placa de diamante, porque la piedra liberar\u00e1 abundantemente su suspensi\u00f3n y pronto se ver\u00e1n los residuos del metal pulido. Por su tama\u00f1o, es perfecto para afilar maquinillas de afeitar, especialmente si te gusta un afeitado suave y seguro. Tambi\u00e9n se puede utilizar como donante de suspensi\u00f3n en roca dura.<\/p>\n\n\n\n<figure class=\"wp-block-embed is-type-video is-provider-youtube wp-block-embed-youtube wp-embed-aspect-16-9 wp-has-aspect-ratio\"><div class=\"wp-block-embed__wrapper\">\n<div class=\"video-container\"><iframe title=\"Nakayama Awasedo Suave\" width=\"1170\" height=\"658\" src=\"https:\/\/www.youtube.com\/embed\/-lrea77d1LM?start=187&#038;feature=oembed\" frameborder=\"0\" allow=\"accelerometer; autoplay; clipboard-write; encrypted-media; gyroscope; picture-in-picture; web-share\" referrerpolicy=\"strict-origin-when-cross-origin\" allowfullscreen><\/iframe><\/div>\n<\/div><\/figure>\n\n\n\n<p><strong>Nakayama (\u4e2d\u5c71)<\/strong><\/p>\n\n\n\n<p>Esta mina oriental es famosa por sus piedras de acabado de awasedo, y es quiz\u00e1s la m\u00e1s buscada entre los profesionales y aficionados al afilado. En comparaci\u00f3n con piedras de dureza y finura similares de otras minas, las piedras Nakayama son conocidas por una sensaci\u00f3n de afilado m\u00e1s agradable y una alta velocidad de trabajo. Se valoran especialmente la piedra multicapa (Hondomae, Shikitomae) y Kiita.<\/p>","protected":false},"excerpt":{"rendered":"<ul>\n<li>Adecuado para el acabado de navajas, cuchillos, tijeras, carpinter\u00eda y otras herramientas. Tambi\u00e9n se puede utilizar como donante de suspensi\u00f3n en roca dura.<\/li>\n<li>Dimensiones: 159x54x18mm<\/li>\n<li>Peso: 260 gramos<\/li>\n<li>Dureza: Lv 3<\/li>\n<li>La superficie queda lisa y lista para trabajar. <strong>Hay un peque\u00f1o agujero en el borde.<\/strong><\/li>\n<\/ul>","protected":false},"featured_media":2174,"comment_status":"open","ping_status":"closed","template":"","meta":[],"product_brand":[],"product_cat":[22],"product_tag":[41,49,262],"class_list":{"0":"post-2169","1":"product","2":"type-product","3":"status-publish","4":"has-post-thumbnail","6":"product_cat-jnats","7":"product_tag-iromono","8":"product_tag-nakayama","9":"product_tag-nakayama-kiita-iromono","10":"product_shipping_class-iprastas","12":"first","13":"outofstock","14":"shipping-taxable","15":"purchasable","16":"product-type-simple"},"_links":{"self":[{"href":"https:\/\/jnats.eu\/es\/wp-json\/wp\/v2\/product\/2169","targetHints":{"allow":["GET"]}}],"collection":[{"href":"https:\/\/jnats.eu\/es\/wp-json\/wp\/v2\/product"}],"about":[{"href":"https:\/\/jnats.eu\/es\/wp-json\/wp\/v2\/types\/product"}],"replies":[{"embeddable":true,"href":"https:\/\/jnats.eu\/es\/wp-json\/wp\/v2\/comments?post=2169"}],"wp:featuredmedia":[{"embeddable":true,"href":"https:\/\/jnats.eu\/es\/wp-json\/wp\/v2\/media\/2174"}],"wp:attachment":[{"href":"https:\/\/jnats.eu\/es\/wp-json\/wp\/v2\/media?parent=2169"}],"wp:term":[{"taxonomy":"product_brand","embeddable":true,"href":"https:\/\/jnats.eu\/es\/wp-json\/wp\/v2\/product_brand?post=2169"},{"taxonomy":"product_cat","embeddable":true,"href":"https:\/\/jnats.eu\/es\/wp-json\/wp\/v2\/product_cat?post=2169"},{"taxonomy":"product_tag","embeddable":true,"href":"https:\/\/jnats.eu\/es\/wp-json\/wp\/v2\/product_tag?post=2169"}],"curies":[{"name":"wp","href":"https:\/\/api.w.org\/{rel}","templated":true}]}}