{"id":2179,"date":"2024-04-28T10:50:58","date_gmt":"2024-04-28T07:50:58","guid":{"rendered":"http:\/\/jnats.eu\/?post_type=product&#038;p=2179"},"modified":"2024-11-11T18:08:55","modified_gmt":"2024-11-11T16:08:55","slug":"nakayama-awasedo","status":"publish","type":"product","link":"https:\/\/jnats.eu\/es\/producto-2\/nakayama-awasedo\/","title":{"rendered":"Nakayama Awasedo"},"content":{"rendered":"<p>La piedra de afilar Nakayama de dureza media es bastante dura y f\u00e1cil de trabajar. No necesitar\u00e1s una nagura ni una placa de diamante, ya que la piedra liberar\u00e1 una cantidad suficiente de su propia suspensi\u00f3n. Una gran opci\u00f3n para aquellos a quienes no les gusta &quot;bailar con tambores&quot;: simplemente t\u00f3malo y muelalo. Su tama\u00f1o lo hace perfecto para trabajar con navajas, pero tambi\u00e9n es ideal para afilar herramientas m\u00e1s grandes. <\/p>\n\n\n\n<p>No es muy bonita, pero es una piedra fina que funciona bien, que es lo que esperamos de la mina Nakayama. La piedra est\u00e1 pegada sobre un soporte de madera.<\/p>\n\n\n\n<p><strong>Nakayama (\u4e2d\u5c71)<\/strong><\/p>\n\n\n\n<p>Esta mina oriental es famosa por sus piedras de acabado de awasedo, y es quiz\u00e1s la m\u00e1s buscada entre los profesionales y aficionados al afilado. En comparaci\u00f3n con piedras de dureza y finura similares de otras minas, las piedras Nakayama son conocidas por una sensaci\u00f3n de afilado m\u00e1s agradable y una alta velocidad de trabajo. Se valoran especialmente la piedra multicapa (Hondomae, Shikitomae) y Kiita.<\/p>","protected":false},"excerpt":{"rendered":"<ul>\n<li>Adecuado para el acabado de navajas, cuchillos, tijeras, carpinter\u00eda y otras herramientas.<\/li>\n<li>Dimensiones: 195x70x23mm<\/li>\n<li>Peso con soporte: 1050 g<\/li>\n<li>Dureza: Lv 4<\/li>\n<li>La superficie es lisa y lista para trabajar.<\/li>\n<\/ul>","protected":false},"featured_media":2183,"comment_status":"open","ping_status":"closed","template":"","meta":[],"product_brand":[],"product_cat":[22],"product_tag":[40,49],"class_list":{"0":"post-2179","1":"product","2":"type-product","3":"status-publish","4":"has-post-thumbnail","6":"product_cat-jnats","7":"product_tag-awasedo","8":"product_tag-nakayama","9":"product_shipping_class-iprastas","11":"first","12":"outofstock","13":"shipping-taxable","14":"purchasable","15":"product-type-simple"},"_links":{"self":[{"href":"https:\/\/jnats.eu\/es\/wp-json\/wp\/v2\/product\/2179","targetHints":{"allow":["GET"]}}],"collection":[{"href":"https:\/\/jnats.eu\/es\/wp-json\/wp\/v2\/product"}],"about":[{"href":"https:\/\/jnats.eu\/es\/wp-json\/wp\/v2\/types\/product"}],"replies":[{"embeddable":true,"href":"https:\/\/jnats.eu\/es\/wp-json\/wp\/v2\/comments?post=2179"}],"wp:featuredmedia":[{"embeddable":true,"href":"https:\/\/jnats.eu\/es\/wp-json\/wp\/v2\/media\/2183"}],"wp:attachment":[{"href":"https:\/\/jnats.eu\/es\/wp-json\/wp\/v2\/media?parent=2179"}],"wp:term":[{"taxonomy":"product_brand","embeddable":true,"href":"https:\/\/jnats.eu\/es\/wp-json\/wp\/v2\/product_brand?post=2179"},{"taxonomy":"product_cat","embeddable":true,"href":"https:\/\/jnats.eu\/es\/wp-json\/wp\/v2\/product_cat?post=2179"},{"taxonomy":"product_tag","embeddable":true,"href":"https:\/\/jnats.eu\/es\/wp-json\/wp\/v2\/product_tag?post=2179"}],"curies":[{"name":"wp","href":"https:\/\/api.w.org\/{rel}","templated":true}]}}