{"id":2185,"date":"2024-04-28T11:00:34","date_gmt":"2024-04-28T08:00:34","guid":{"rendered":"http:\/\/jnats.eu\/?post_type=product&#038;p=2185"},"modified":"2024-10-04T17:53:37","modified_gmt":"2024-10-04T14:53:37","slug":"nakayama-asagi-nashiji","status":"publish","type":"product","link":"https:\/\/jnats.eu\/es\/producto-2\/nakayama-asagi-nashiji\/","title":{"rendered":"Nakayama Asagi Nashiji"},"content":{"rendered":"<p>Piedra de acabado de afilado natural japonesa Nakayama Asagi Nashiji. Una piedra bastante dura y fina que recomendamos como piedra de afilar final al finalizar el proceso de afilado de cuchillos u otras herramientas. Tambi\u00e9n es bueno para terminar las navajas, siempre y cuando no uses demasiada fuerza. <\/p>\n\n\n\n<p>\u00a1Esta es una piedra pesada de forma regular que hace muy bien su trabajo!<\/p>\n\n\n\n<p>Este asagi gris tiene un llamativo patr\u00f3n de puntos nashiji en toda la piedra. Sin l\u00edneas visibles ni inclusiones. La parte inferior de la piedra tambi\u00e9n se puede preparar f\u00e1cilmente para el trabajo.<\/p>\n\n\n\n<p><strong>Nakayama (\u4e2d\u5c71)<\/strong><\/p>\n\n\n\n<p>Esta mina oriental es famosa por afilar las piedras de acabado awasedo. Los carpinteros y afiladores de navajas valoran especialmente una piedra multicapa con un color diferente. En comparaci\u00f3n con piedras de dureza y finura similares de otras minas, las piedras Nakayama son conocidas por una sensaci\u00f3n de afilado m\u00e1s agradable.<\/p>","protected":false},"excerpt":{"rendered":"<ul>\n<li>Adecuado para el acabado de navajas, cuchillos, tijeras, carpinter\u00eda y otras herramientas.<\/li>\n<li>Dimensiones: 205x75x29mm<\/li>\n<li>Peso: 1340 gramos<\/li>\n<li>Dureza: Lv 5<\/li>\n<li>La superficie queda lisa y lista para trabajar.<\/li>\n<li>Recomendamos trabajar con agua caliente, ya que el agua fr\u00eda reduce la velocidad y la respuesta.<\/li>\n<\/ul>","protected":false},"featured_media":2190,"comment_status":"open","ping_status":"closed","template":"","meta":[],"product_brand":[],"product_cat":[22],"product_tag":[45,49,263],"class_list":{"0":"post-2185","1":"product","2":"type-product","3":"status-publish","4":"has-post-thumbnail","6":"product_cat-jnats","7":"product_tag-asagi","8":"product_tag-nakayama","9":"product_tag-nakayama-asagi","10":"product_shipping_class-iprastas","12":"first","13":"outofstock","14":"shipping-taxable","15":"purchasable","16":"product-type-simple"},"_links":{"self":[{"href":"https:\/\/jnats.eu\/es\/wp-json\/wp\/v2\/product\/2185","targetHints":{"allow":["GET"]}}],"collection":[{"href":"https:\/\/jnats.eu\/es\/wp-json\/wp\/v2\/product"}],"about":[{"href":"https:\/\/jnats.eu\/es\/wp-json\/wp\/v2\/types\/product"}],"replies":[{"embeddable":true,"href":"https:\/\/jnats.eu\/es\/wp-json\/wp\/v2\/comments?post=2185"}],"wp:featuredmedia":[{"embeddable":true,"href":"https:\/\/jnats.eu\/es\/wp-json\/wp\/v2\/media\/2190"}],"wp:attachment":[{"href":"https:\/\/jnats.eu\/es\/wp-json\/wp\/v2\/media?parent=2185"}],"wp:term":[{"taxonomy":"product_brand","embeddable":true,"href":"https:\/\/jnats.eu\/es\/wp-json\/wp\/v2\/product_brand?post=2185"},{"taxonomy":"product_cat","embeddable":true,"href":"https:\/\/jnats.eu\/es\/wp-json\/wp\/v2\/product_cat?post=2185"},{"taxonomy":"product_tag","embeddable":true,"href":"https:\/\/jnats.eu\/es\/wp-json\/wp\/v2\/product_tag?post=2185"}],"curies":[{"name":"wp","href":"https:\/\/api.w.org\/{rel}","templated":true}]}}