{"id":2193,"date":"2024-04-28T11:08:31","date_gmt":"2024-04-28T08:08:31","guid":{"rendered":"http:\/\/jnats.eu\/?post_type=product&#038;p=2193"},"modified":"2025-04-22T15:40:08","modified_gmt":"2025-04-22T12:40:08","slug":"nakayama-mizu-asagi-karasu","status":"publish","type":"product","link":"https:\/\/jnats.eu\/es\/producto-2\/nakayama-mizu-asagi-karasu\/","title":{"rendered":"Nakayama Mizu Asagi Karasu"},"content":{"rendered":"<p>Piedra de acabado de afilado natural japonesa Nakayama Mizu Asagi Karasu. Una piedra muy dura y de grano extremadamente fino que recomendamos como piedra de afilar final al final del proceso de afilado de navajas, cuchillos u otras herramientas. Ideal como base para naguras.<\/p>\n\n\n\n<p>\u00a1Esta es una piedra pesada de forma regular que hace muy bien su trabajo! El espesor es peque\u00f1o, pero durar\u00e1 varias generaciones, porque estas piedras duras se desgastan muy lentamente.<\/p>\n\n\n\n<p>Esta asagi gris tiene un patr\u00f3n tenue de Mizu y Karasu en toda la piedra. Sin l\u00edneas visibles ni inclusiones. <\/p>\n\n\n\n<p><strong>Nakayama (\u4e2d\u5c71)<\/strong><\/p>\n\n\n\n<p>Esta mina oriental es famosa por afilar las piedras de acabado awasedo. Los carpinteros y afiladores de navajas valoran especialmente una piedra multicapa con un color diferente. En comparaci\u00f3n con piedras de dureza y finura similares de otras minas, las piedras Nakayama son conocidas por una sensaci\u00f3n de afilado m\u00e1s agradable.<\/p>","protected":false},"excerpt":{"rendered":"<ul>\n<li>Adecuado para el acabado de navajas, cuchillos, tijeras, carpinter\u00eda y otras herramientas.<\/li>\n<li>Dimensiones: 197x71x16mm<\/li>\n<li>Peso con soporte: 860 g<\/li>\n<li>Dureza: Lv 5+<\/li>\n<li>La superficie queda lisa y lista para trabajar.<\/li>\n<li>Recomendamos trabajar con agua caliente, ya que el agua fr\u00eda reduce la velocidad y la respuesta.<\/li>\n<\/ul>","protected":false},"featured_media":2199,"comment_status":"open","ping_status":"closed","template":"","meta":[],"product_brand":[],"product_cat":[],"product_tag":[45,57,154,49],"class_list":{"0":"post-2193","1":"product","2":"type-product","3":"status-publish","4":"has-post-thumbnail","6":"product_tag-asagi","7":"product_tag-karasu","8":"product_tag-mizu","9":"product_tag-nakayama","10":"product_shipping_class-iprastas","12":"first","13":"outofstock","14":"shipping-taxable","15":"purchasable","16":"product-type-simple"},"_links":{"self":[{"href":"https:\/\/jnats.eu\/es\/wp-json\/wp\/v2\/product\/2193","targetHints":{"allow":["GET"]}}],"collection":[{"href":"https:\/\/jnats.eu\/es\/wp-json\/wp\/v2\/product"}],"about":[{"href":"https:\/\/jnats.eu\/es\/wp-json\/wp\/v2\/types\/product"}],"replies":[{"embeddable":true,"href":"https:\/\/jnats.eu\/es\/wp-json\/wp\/v2\/comments?post=2193"}],"wp:featuredmedia":[{"embeddable":true,"href":"https:\/\/jnats.eu\/es\/wp-json\/wp\/v2\/media\/2199"}],"wp:attachment":[{"href":"https:\/\/jnats.eu\/es\/wp-json\/wp\/v2\/media?parent=2193"}],"wp:term":[{"taxonomy":"product_brand","embeddable":true,"href":"https:\/\/jnats.eu\/es\/wp-json\/wp\/v2\/product_brand?post=2193"},{"taxonomy":"product_cat","embeddable":true,"href":"https:\/\/jnats.eu\/es\/wp-json\/wp\/v2\/product_cat?post=2193"},{"taxonomy":"product_tag","embeddable":true,"href":"https:\/\/jnats.eu\/es\/wp-json\/wp\/v2\/product_tag?post=2193"}],"curies":[{"name":"wp","href":"https:\/\/api.w.org\/{rel}","templated":true}]}}