{"id":2214,"date":"2024-04-28T11:43:55","date_gmt":"2024-04-28T08:43:55","guid":{"rendered":"http:\/\/jnats.eu\/?post_type=product&#038;p=2214"},"modified":"2024-10-20T15:02:22","modified_gmt":"2024-10-20T12:02:22","slug":"nakayama-tomae-kita","status":"publish","type":"product","link":"https:\/\/jnats.eu\/es\/producto-2\/nakayama-tomae-kita\/","title":{"rendered":"Nakayama Tomae Kiita"},"content":{"rendered":"<p>Nakayama Kiita merece su reputaci\u00f3n como la mejor piedra de acabado para afilar que el dinero puede comprar. Por lo general, son peque\u00f1os, limpios, r\u00e1pidos y buenos para todo, desde afilar navajas hasta pulir cuchillos de cocina.<\/p>\n\n\n\n<p>Hermosa y aut\u00e9ntica piedra kiita de la mina Nakayama. Minado en la d\u00e9cada de 1950. Esta piedra es de color amarillo brillante y est\u00e1 decorada con escasos puntos nashiji y un par de l\u00edneas seguras de numazu.<\/p>\n\n\n\n<p>La sensaci\u00f3n del afilado es divina, con una base s\u00f3lida y una respuesta s\u00faper suave. La viruta negra se destaca al instante y la piedra simplemente corta el acero manteniendo una sensaci\u00f3n t\u00e1ctil maravillosa. Su suspensi\u00f3n no suelta mucho, pero eso no impide que funcione r\u00e1pidamente.<\/p>\n\n\n\n<p>Kasumi tiene un acabado turbio, con un alto contraste entre hagane y jigane, que es menos com\u00fan en las piedras Nakayama m\u00e1s duras. Al trabajar, la piedra emite un olor fuerte y peculiar.<\/p>\n\n\n\n<p><strong>Un plano horizontal muestra una grieta o roca suelta alrededor de toda la piedra aproximadamente a la mitad.<\/strong>. Por lo tanto, es posible que tus nietos tengan que retirar varias piedras de aproximadamente medio cent\u00edmetro. Tambi\u00e9n existe una peque\u00f1a posibilidad de que la piedra se parta all\u00ed. Para reducirlo, se pueden recubrir los lados de la piedra con barniz, evitando as\u00ed que entre agua en la grieta.<\/p>\n\n\n\n<p><strong>Nakayama (\u4e2d\u5c71)<\/strong><\/p>\n\n\n\n<p>Esta mina oriental es famosa por sus piedras de acabado de awasedo, y es quiz\u00e1s la m\u00e1s buscada entre los profesionales y aficionados al afilado. En comparaci\u00f3n con piedras de dureza y finura similares de otras minas, las piedras Nakayama son conocidas por una respuesta de afilado m\u00e1s agradable y una alta velocidad de trabajo. Se valoran especialmente la piedra multicapa (Hondomae, Shikitomae) y Kiita.<\/p>\n\n\n\n<figure class=\"wp-block-embed is-type-video is-provider-youtube wp-block-embed-youtube wp-embed-aspect-16-9 wp-has-aspect-ratio\"><div class=\"wp-block-embed__wrapper\">\n<div class=\"video-container\"><iframe title=\"Nakayama Tomae Kiita, Ohira Naikumo Suita\" width=\"1170\" height=\"658\" src=\"https:\/\/www.youtube.com\/embed\/VZSDGTWTt3c?start=260&#038;feature=oembed\" frameborder=\"0\" allow=\"accelerometer; autoplay; clipboard-write; encrypted-media; gyroscope; picture-in-picture; web-share\" referrerpolicy=\"strict-origin-when-cross-origin\" allowfullscreen><\/iframe><\/div>\n<\/div><\/figure>","protected":false},"excerpt":{"rendered":"<ul>\n<li>Adecuado para el acabado de navajas, cuchillos, tijeras, carpinter\u00eda y otras herramientas.\u00a0<\/li>\n<li>Dimensiones: 205x75x35mm<\/li>\n<li>Peso: 1290 gramos<\/li>\n<li>Dureza: Lv 4.8<\/li>\n<li>La superficie queda lisa y lista para trabajar.<\/li>\n<li>Recomendamos trabajar con agua caliente, ya que el agua fr\u00eda reduce la velocidad y la respuesta.<\/li>\n<\/ul>","protected":false},"featured_media":2224,"comment_status":"open","ping_status":"closed","template":"","meta":[],"product_brand":[],"product_cat":[22],"product_tag":[141,49,67],"class_list":{"0":"post-2214","1":"product","2":"type-product","3":"status-publish","4":"has-post-thumbnail","6":"product_cat-jnats","7":"product_tag-kiita","8":"product_tag-nakayama","9":"product_tag-tomae","10":"product_shipping_class-iprastas","12":"first","13":"outofstock","14":"shipping-taxable","15":"purchasable","16":"product-type-simple"},"_links":{"self":[{"href":"https:\/\/jnats.eu\/es\/wp-json\/wp\/v2\/product\/2214","targetHints":{"allow":["GET"]}}],"collection":[{"href":"https:\/\/jnats.eu\/es\/wp-json\/wp\/v2\/product"}],"about":[{"href":"https:\/\/jnats.eu\/es\/wp-json\/wp\/v2\/types\/product"}],"replies":[{"embeddable":true,"href":"https:\/\/jnats.eu\/es\/wp-json\/wp\/v2\/comments?post=2214"}],"wp:featuredmedia":[{"embeddable":true,"href":"https:\/\/jnats.eu\/es\/wp-json\/wp\/v2\/media\/2224"}],"wp:attachment":[{"href":"https:\/\/jnats.eu\/es\/wp-json\/wp\/v2\/media?parent=2214"}],"wp:term":[{"taxonomy":"product_brand","embeddable":true,"href":"https:\/\/jnats.eu\/es\/wp-json\/wp\/v2\/product_brand?post=2214"},{"taxonomy":"product_cat","embeddable":true,"href":"https:\/\/jnats.eu\/es\/wp-json\/wp\/v2\/product_cat?post=2214"},{"taxonomy":"product_tag","embeddable":true,"href":"https:\/\/jnats.eu\/es\/wp-json\/wp\/v2\/product_tag?post=2214"}],"curies":[{"name":"wp","href":"https:\/\/api.w.org\/{rel}","templated":true}]}}