{"id":2240,"date":"2024-04-29T11:23:44","date_gmt":"2024-04-29T08:23:44","guid":{"rendered":"http:\/\/jnats.eu\/?post_type=product&#038;p=2240"},"modified":"2024-09-22T15:26:07","modified_gmt":"2024-09-22T12:26:07","slug":"piedra-de-afilar-nakayama-homdomae-de-la-capa-antigua","status":"publish","type":"product","link":"https:\/\/jnats.eu\/es\/producto-2\/piedra-de-afilar-nakayama-homdomae-de-la-capa-antigua\/","title":{"rendered":"Piedra de afilar Nakayama Hondomae de una capa antigua"},"content":{"rendered":"<p>Los Nakayama Hondomae se extrajeron en la prefectura de Umegahata. Esta piedra fue excavada por el Sr. Honda hace 300 a\u00f1os. La capa Hondomae qued\u00f3 completamente agotada hace 100 a\u00f1os, seguida por muchas otras. en 1971 La empresa Hatanaka Toishi compr\u00f3 los derechos para explotar la mina Nakayama y comenz\u00f3 a explotarla. Si el pozo va hacia los lados, puedes llegar all\u00ed casi para siempre, pero si conduce a la cima, tarde o temprano tendr\u00e1s que detenerte debido al peligro de colapso. Por lo tanto, la mina Nakayama Kato-san tuvo que cerrarse en 1967. Una buena piedra para a\u00f1adir a la colecci\u00f3n, porque casi ya no est\u00e1n en el mercado.<\/p>\n\n\n\n<p>En otras partes de esta monta\u00f1a tambi\u00e9n se encuentran hoy piedras de afilar de buena calidad, pero de calidad significativamente inferior a las antiguas. <\/p>\n\n\n\n<p>Una piedra de afilar japonesa Nakayama Homdomae de dureza media y f\u00e1cil de trabajar. Es lo suficientemente fino como para terminar correctamente una navaja, pero lo suficientemente f\u00e1cil de usar como para que tambi\u00e9n sea bueno para cuchillos. Es posible prescindir de un respaldo o una placa de diamante, porque la piedra liberar\u00e1 una cantidad suficiente de su propia suspensi\u00f3n y pronto se ver\u00e1n los restos de metal pulido. Por su tama\u00f1o, es perfecto para afilar maquinillas de afeitar, especialmente si te gusta un afeitado suave y seguro. Tambi\u00e9n se puede utilizar como donante de suspensi\u00f3n en roca dura.   <\/p>","protected":false},"excerpt":{"rendered":"<ul>\n<li>Adecuado para el acabado de navajas, cuchillos, tijeras, carpinter\u00eda y otras herramientas.<\/li>\n<li>Dimensiones: 140x79x22mm<\/li>\n<li>Peso: 620 gramos<\/li>\n<li>Dureza: Lv 4<\/li>\n<li>La superficie es lisa y lista para trabajar.<\/li>\n<\/ul>","protected":false},"featured_media":2244,"comment_status":"open","ping_status":"closed","template":"","meta":[],"product_brand":[],"product_cat":[22],"product_tag":[139,49],"class_list":{"0":"post-2240","1":"product","2":"type-product","3":"status-publish","4":"has-post-thumbnail","6":"product_cat-jnats","7":"product_tag-homdomae","8":"product_tag-nakayama","9":"product_shipping_class-iprastas","11":"first","12":"outofstock","13":"sale","14":"shipping-taxable","15":"purchasable","16":"product-type-simple"},"_links":{"self":[{"href":"https:\/\/jnats.eu\/es\/wp-json\/wp\/v2\/product\/2240","targetHints":{"allow":["GET"]}}],"collection":[{"href":"https:\/\/jnats.eu\/es\/wp-json\/wp\/v2\/product"}],"about":[{"href":"https:\/\/jnats.eu\/es\/wp-json\/wp\/v2\/types\/product"}],"replies":[{"embeddable":true,"href":"https:\/\/jnats.eu\/es\/wp-json\/wp\/v2\/comments?post=2240"}],"wp:featuredmedia":[{"embeddable":true,"href":"https:\/\/jnats.eu\/es\/wp-json\/wp\/v2\/media\/2244"}],"wp:attachment":[{"href":"https:\/\/jnats.eu\/es\/wp-json\/wp\/v2\/media?parent=2240"}],"wp:term":[{"taxonomy":"product_brand","embeddable":true,"href":"https:\/\/jnats.eu\/es\/wp-json\/wp\/v2\/product_brand?post=2240"},{"taxonomy":"product_cat","embeddable":true,"href":"https:\/\/jnats.eu\/es\/wp-json\/wp\/v2\/product_cat?post=2240"},{"taxonomy":"product_tag","embeddable":true,"href":"https:\/\/jnats.eu\/es\/wp-json\/wp\/v2\/product_tag?post=2240"}],"curies":[{"name":"wp","href":"https:\/\/api.w.org\/{rel}","templated":true}]}}