{"id":2246,"date":"2024-04-29T11:35:34","date_gmt":"2024-04-29T08:35:34","guid":{"rendered":"http:\/\/jnats.eu\/?post_type=product&#038;p=2246"},"modified":"2024-09-21T11:33:09","modified_gmt":"2024-09-21T08:33:09","slug":"nakayama-maruka-8-capas-hondomae-shikitomae","status":"publish","type":"product","link":"https:\/\/jnats.eu\/es\/producto-2\/nakayama-maruka-8-capas-hondomae-shikitomae\/","title":{"rendered":"Nakayama Maruka 8 capas Hondomae Shikitomae"},"content":{"rendered":"<p>Las piedras de afilar de ocho capas de Nakayama casi han desaparecido del mercado porque son productos de alta gama. Es una piedra perfecta en todos los aspectos: finura, suavidad, rapidez de trabajo y respuesta. En Jap\u00f3n se vieron ejemplares de 2,9 kg a un precio de 10.000 euros.<\/p>\n\n\n\n<p>Es una piedra de moler perfecta y en Jap\u00f3n se la llama &quot;sin techo&quot;. Esto significa que el precio indicado de la piedra no importa, no importa cu\u00e1nto la ofrezca el vendedor.<\/p>\n\n\n\n<p>Sin embargo, dado que se trata de un negocio, existe un precio justo en la industria. En el afilado natural japon\u00e9s normal, estas son las piedras de afilar m\u00e1s caras.<\/p>\n\n\n\n<p>Esta piedra tiene una forma perfecta para navajas y un grosor que durar\u00e1 varios siglos. El sello de Maruka \u32d5\u6b63\u672c\u5c71 apenas es visible, pero est\u00e1 ah\u00ed. Kato-san, el \u00faltimo propietario de la mina Nakayama, utiliz\u00f3 esta marca s\u00f3lo en las piedras de afilar japonesas de la m\u00e1s alta calidad.\u00a0<\/p>\n\n\n\n<p><strong>Nakayama (\u4e2d\u5c71)<\/strong><\/p>\n\n\n\n<p>Esta mina oriental es famosa por sus piedras de acabado de awasedo, y es quiz\u00e1s la m\u00e1s buscada entre los profesionales y aficionados al afilado. En comparaci\u00f3n con piedras de dureza y finura similares de otras minas, las piedras Nakayama son conocidas por una sensaci\u00f3n de afilado m\u00e1s agradable y una alta velocidad de trabajo. Se valoran especialmente la piedra multicapa (Hondomae, Shikitomae) y Kiita.<\/p>","protected":false},"excerpt":{"rendered":"<ul>\n<li>Ideal para el acabado de navajas, cuchillos, tijeras, carpinter\u00eda y otras herramientas.<\/li>\n<li>Dimensiones: 194x69x30mm<\/li>\n<li>Peso con soporte: 1150 g<\/li>\n<li>Dureza: Lv 5<\/li>\n<li>La superficie es lisa y lista para trabajar.<\/li>\n<li>Se pueden sentir algunas manchas con el dedo, pero no interfieren con el afilado y deber\u00edan desaparecer con el tiempo. Una esquina desconchada, que se ve claramente en las fotos.<\/li>\n<\/ul>","protected":false},"featured_media":2249,"comment_status":"open","ping_status":"closed","template":"","meta":[],"product_brand":[],"product_cat":[22],"product_tag":[260,51,58,49,108],"class_list":{"0":"post-2246","1":"product","2":"type-product","3":"status-publish","4":"has-post-thumbnail","6":"product_cat-jnats","7":"product_tag-8-sluoksniu","8":"product_tag-hondomae","9":"product_tag-maruka","10":"product_tag-nakayama","11":"product_tag-shikitomae","12":"product_shipping_class-iprastas","14":"first","15":"outofstock","16":"sale","17":"shipping-taxable","18":"purchasable","19":"product-type-simple"},"_links":{"self":[{"href":"https:\/\/jnats.eu\/es\/wp-json\/wp\/v2\/product\/2246","targetHints":{"allow":["GET"]}}],"collection":[{"href":"https:\/\/jnats.eu\/es\/wp-json\/wp\/v2\/product"}],"about":[{"href":"https:\/\/jnats.eu\/es\/wp-json\/wp\/v2\/types\/product"}],"replies":[{"embeddable":true,"href":"https:\/\/jnats.eu\/es\/wp-json\/wp\/v2\/comments?post=2246"}],"wp:featuredmedia":[{"embeddable":true,"href":"https:\/\/jnats.eu\/es\/wp-json\/wp\/v2\/media\/2249"}],"wp:attachment":[{"href":"https:\/\/jnats.eu\/es\/wp-json\/wp\/v2\/media?parent=2246"}],"wp:term":[{"taxonomy":"product_brand","embeddable":true,"href":"https:\/\/jnats.eu\/es\/wp-json\/wp\/v2\/product_brand?post=2246"},{"taxonomy":"product_cat","embeddable":true,"href":"https:\/\/jnats.eu\/es\/wp-json\/wp\/v2\/product_cat?post=2246"},{"taxonomy":"product_tag","embeddable":true,"href":"https:\/\/jnats.eu\/es\/wp-json\/wp\/v2\/product_tag?post=2246"}],"curies":[{"name":"wp","href":"https:\/\/api.w.org\/{rel}","templated":true}]}}