{"id":2263,"date":"2024-04-29T11:57:03","date_gmt":"2024-04-29T08:57:03","guid":{"rendered":"http:\/\/jnats.eu\/?post_type=product&#038;p=2263"},"modified":"2025-04-11T21:03:49","modified_gmt":"2025-04-11T18:03:49","slug":"nakayama-kiita-nashiji-2","status":"publish","type":"product","link":"https:\/\/jnats.eu\/es\/producto-2\/nakayama-kiita-nashiji-2\/","title":{"rendered":"Nakayama Kiita Nashiji"},"content":{"rendered":"<p>A pesar de ser muy dura, esta piedra de afilar Nakayama Kiita Nashiji es f\u00e1cil de trabajar. Es lo suficientemente bueno para rematar una navaja, pero lo suficientemente f\u00e1cil de usar como para que tambi\u00e9n sea bueno para cuchillos. Se siente m\u00e1s suave y m\u00e1s r\u00e1pido de lo que cabr\u00eda esperar de esta dureza. Sin un nagur o una placa de diamante, la piedra no soltar\u00e1 su suspensi\u00f3n, pero pronto ser\u00e1n visibles los restos de metal pulido. Su tama\u00f1o lo hace perfecto para trabajar con navajas, pero tambi\u00e9n se puede utilizar para afilar herramientas m\u00e1s grandes. Si tu cuchillo est\u00e1 bien preparado, tambi\u00e9n le dar\u00e1 un pulido kasumi muy refinado.<\/p>\n\n\n\n<p>Este kiita es de color amarillo brillante con manchas grises. Est\u00e1 lleno de puntos nashiji por todas partes. <\/p>\n\n\n\n<p><strong>Nakayama (\u4e2d\u5c71)<\/strong><\/p>\n\n\n\n<p>Esta mina oriental es famosa por sus piedras de acabado de awasedo, y es quiz\u00e1s la m\u00e1s buscada entre los profesionales y aficionados al afilado. En comparaci\u00f3n con piedras de dureza y finura similares de otras minas, las piedras Nakayama son conocidas por una sensaci\u00f3n de afilado m\u00e1s agradable y una alta velocidad de trabajo. Se valoran especialmente la piedra multicapa (Hondomae, Shikitomae) y Kiita.<\/p>","protected":false},"excerpt":{"rendered":"<ul>\n<li>Ideal para el acabado de navajas, cuchillos, tijeras, carpinter\u00eda y otras herramientas.<\/li>\n<li>Dimensiones: 135x82x25mm<\/li>\n<li>Peso: 610 g<\/li>\n<li>Dureza: Lv 5<\/li>\n<li>La superficie es lisa y lista para trabajar.<\/li>\n<\/ul>","protected":false},"featured_media":2270,"comment_status":"open","ping_status":"closed","template":"","meta":[],"product_brand":[],"product_cat":[22],"product_tag":[141,49,48],"class_list":{"0":"post-2263","1":"product","2":"type-product","3":"status-publish","4":"has-post-thumbnail","6":"product_cat-jnats","7":"product_tag-kiita","8":"product_tag-nakayama","9":"product_tag-nashiji","10":"product_shipping_class-iprastas","12":"first","13":"outofstock","14":"shipping-taxable","15":"purchasable","16":"product-type-simple"},"_links":{"self":[{"href":"https:\/\/jnats.eu\/es\/wp-json\/wp\/v2\/product\/2263","targetHints":{"allow":["GET"]}}],"collection":[{"href":"https:\/\/jnats.eu\/es\/wp-json\/wp\/v2\/product"}],"about":[{"href":"https:\/\/jnats.eu\/es\/wp-json\/wp\/v2\/types\/product"}],"replies":[{"embeddable":true,"href":"https:\/\/jnats.eu\/es\/wp-json\/wp\/v2\/comments?post=2263"}],"wp:featuredmedia":[{"embeddable":true,"href":"https:\/\/jnats.eu\/es\/wp-json\/wp\/v2\/media\/2270"}],"wp:attachment":[{"href":"https:\/\/jnats.eu\/es\/wp-json\/wp\/v2\/media?parent=2263"}],"wp:term":[{"taxonomy":"product_brand","embeddable":true,"href":"https:\/\/jnats.eu\/es\/wp-json\/wp\/v2\/product_brand?post=2263"},{"taxonomy":"product_cat","embeddable":true,"href":"https:\/\/jnats.eu\/es\/wp-json\/wp\/v2\/product_cat?post=2263"},{"taxonomy":"product_tag","embeddable":true,"href":"https:\/\/jnats.eu\/es\/wp-json\/wp\/v2\/product_tag?post=2263"}],"curies":[{"name":"wp","href":"https:\/\/api.w.org\/{rel}","templated":true}]}}