{"id":2277,"date":"2024-04-29T12:09:34","date_gmt":"2024-04-29T09:09:34","guid":{"rendered":"http:\/\/jnats.eu\/?post_type=product&#038;p=2277"},"modified":"2025-10-15T13:39:51","modified_gmt":"2025-10-15T10:39:51","slug":"piedra-de-afilar-de-acabado-premium-nakayama-asagi","status":"publish","type":"product","link":"https:\/\/jnats.eu\/es\/producto-2\/piedra-de-afilar-de-acabado-premium-nakayama-asagi\/","title":{"rendered":"Piedra de afilar de acabado premium Nakayama Asagi"},"content":{"rendered":"<p>Muy hermoso Nakayama Asagi cuya superficie se asemeja al vidrio esmerilado. Esta es una prueba confiable de la piedra de calidad Premium de Nakayama Asagi que no ver\u00e1 en ning\u00fan otro lugar. Adecuado para terminar el afilado de navajas, cuchillos, tijeras, carpinter\u00eda y otras herramientas. Sin aplicar mucha presi\u00f3n, obtendr\u00e1s un brillo turbio en la hoja. <\/p>\n\n\n\n<p>Esta piedra tambi\u00e9n se puede utilizar como base para naguras ya que es bastante dura.<\/p>\n\n\n\n<figure class=\"wp-block-embed is-type-video is-provider-youtube wp-block-embed-youtube wp-embed-aspect-16-9 wp-has-aspect-ratio\"><div class=\"wp-block-embed__wrapper\">\n<div class=\"video-container\"><iframe title=\"Piedra de afilar de acabado premium Nakayama Asagi\" width=\"1170\" height=\"658\" src=\"https:\/\/www.youtube.com\/embed\/gbhrWnnV_ck?feature=oembed\" frameborder=\"0\" allow=\"accelerometer; autoplay; clipboard-write; encrypted-media; gyroscope; picture-in-picture; web-share\" referrerpolicy=\"strict-origin-when-cross-origin\" allowfullscreen><\/iframe><\/div>\n<\/div><\/figure>","protected":false},"excerpt":{"rendered":"<ul>\n<li>Adecuado para el acabado de navajas, cuchillos, tijeras, carpinter\u00eda y otras herramientas.\u00a0<\/li>\n<li>Dimensiones: 206x76x26mm<\/li>\n<li>Peso: 1000 gramos<\/li>\n<li>Dureza: Lv 4.8<\/li>\n<li>La superficie es lisa y lista para trabajar.<\/li>\n<\/ul>","protected":false},"featured_media":2284,"comment_status":"open","ping_status":"closed","template":"","meta":[],"product_brand":[],"product_cat":[22],"product_tag":[45,71,49,264,265],"class_list":{"0":"post-2277","1":"product","2":"type-product","3":"status-publish","4":"has-post-thumbnail","6":"product_cat-jnats","7":"product_tag-asagi","8":"product_tag-finishing","9":"product_tag-nakayama","10":"product_tag-premium","11":"product_tag-whetstone","12":"product_shipping_class-iprastas","14":"first","15":"outofstock","16":"shipping-taxable","17":"purchasable","18":"product-type-simple"},"_links":{"self":[{"href":"https:\/\/jnats.eu\/es\/wp-json\/wp\/v2\/product\/2277","targetHints":{"allow":["GET"]}}],"collection":[{"href":"https:\/\/jnats.eu\/es\/wp-json\/wp\/v2\/product"}],"about":[{"href":"https:\/\/jnats.eu\/es\/wp-json\/wp\/v2\/types\/product"}],"replies":[{"embeddable":true,"href":"https:\/\/jnats.eu\/es\/wp-json\/wp\/v2\/comments?post=2277"}],"wp:featuredmedia":[{"embeddable":true,"href":"https:\/\/jnats.eu\/es\/wp-json\/wp\/v2\/media\/2284"}],"wp:attachment":[{"href":"https:\/\/jnats.eu\/es\/wp-json\/wp\/v2\/media?parent=2277"}],"wp:term":[{"taxonomy":"product_brand","embeddable":true,"href":"https:\/\/jnats.eu\/es\/wp-json\/wp\/v2\/product_brand?post=2277"},{"taxonomy":"product_cat","embeddable":true,"href":"https:\/\/jnats.eu\/es\/wp-json\/wp\/v2\/product_cat?post=2277"},{"taxonomy":"product_tag","embeddable":true,"href":"https:\/\/jnats.eu\/es\/wp-json\/wp\/v2\/product_tag?post=2277"}],"curies":[{"name":"wp","href":"https:\/\/api.w.org\/{rel}","templated":true}]}}