{"id":2285,"date":"2024-04-29T12:16:51","date_gmt":"2024-04-29T09:16:51","guid":{"rendered":"http:\/\/jnats.eu\/?post_type=product&#038;p=2285"},"modified":"2024-06-29T10:46:22","modified_gmt":"2024-06-29T07:46:22","slug":"nakayama-mizu-asagi-acabado-piedra-de-afilar","status":"publish","type":"product","link":"https:\/\/jnats.eu\/es\/producto-2\/nakayama-mizu-asagi-acabado-piedra-de-afilar\/","title":{"rendered":"Piedra de afilar de acabado Nakayama Mizu Asagi"},"content":{"rendered":"<p>Esta piedra es dura y extremadamente fina, con la que se pueden trabajar f\u00e1cilmente las navajas. Aunque es dura, tiene una respuesta mejor que la media respecto a otras piedras de este grano. Tambi\u00e9n se puede utilizar para herramientas de carpinter\u00eda y cuchillos. Dejar\u00e1 un brillo plateado brillante y un pulido san mai detallado. Se trata de piedras de acabado muy poderosas en todos los sentidos.<\/p>\n\n\n\n<p>Esta piedra tambi\u00e9n se puede utilizar como base para naguras ya que es bastante dura.<\/p>\n\n\n\n<p><strong>Nakayama (\u4e2d\u5c71)<\/strong><br>Esta mina oriental es famosa por las piedras de awasedo para finalizar el proceso de afilado. La piedra multicapa (Hondomae Shikitomae) con un &quot;colega&quot; de diferente color es especialmente valorada por los carpinteros y afiladores. En comparaci\u00f3n con piedras de dureza y finura similares de otras minas, los productos Nakayama son conocidos por una sensaci\u00f3n de afilado m\u00e1s agradable. Las piedras aut\u00e9nticas de Nakayama suelen venir con el famoso sello Maruka \u32d5\u6b63\u672c\u5c71.<\/p>\n\n\n\n<p><\/p>","protected":false},"excerpt":{"rendered":"<ul>\n<li>Adecuado para el acabado de navajas, cuchillos, tijeras, carpinter\u00eda y otras herramientas.<\/li>\n<li>Dimensiones: 183x63x30mm<\/li>\n<li>Peso: 930 gramos<\/li>\n<li>Dureza: Lv 5<\/li>\n<li>La superficie es lisa y lista para trabajar.<\/li>\n<li>Las l\u00edneas son seguras<\/li>\n<\/ul>","protected":false},"featured_media":2289,"comment_status":"open","ping_status":"closed","template":"","meta":[],"product_brand":[],"product_cat":[22],"product_tag":[45,266,154,49],"class_list":{"0":"post-2285","1":"product","2":"type-product","3":"status-publish","4":"has-post-thumbnail","6":"product_cat-jnats","7":"product_tag-asagi","8":"product_tag-finishing-whetstone","9":"product_tag-mizu","10":"product_tag-nakayama","11":"product_shipping_class-iprastas","13":"first","14":"outofstock","15":"shipping-taxable","16":"purchasable","17":"product-type-simple"},"_links":{"self":[{"href":"https:\/\/jnats.eu\/es\/wp-json\/wp\/v2\/product\/2285","targetHints":{"allow":["GET"]}}],"collection":[{"href":"https:\/\/jnats.eu\/es\/wp-json\/wp\/v2\/product"}],"about":[{"href":"https:\/\/jnats.eu\/es\/wp-json\/wp\/v2\/types\/product"}],"replies":[{"embeddable":true,"href":"https:\/\/jnats.eu\/es\/wp-json\/wp\/v2\/comments?post=2285"}],"wp:featuredmedia":[{"embeddable":true,"href":"https:\/\/jnats.eu\/es\/wp-json\/wp\/v2\/media\/2289"}],"wp:attachment":[{"href":"https:\/\/jnats.eu\/es\/wp-json\/wp\/v2\/media?parent=2285"}],"wp:term":[{"taxonomy":"product_brand","embeddable":true,"href":"https:\/\/jnats.eu\/es\/wp-json\/wp\/v2\/product_brand?post=2285"},{"taxonomy":"product_cat","embeddable":true,"href":"https:\/\/jnats.eu\/es\/wp-json\/wp\/v2\/product_cat?post=2285"},{"taxonomy":"product_tag","embeddable":true,"href":"https:\/\/jnats.eu\/es\/wp-json\/wp\/v2\/product_tag?post=2285"}],"curies":[{"name":"wp","href":"https:\/\/api.w.org\/{rel}","templated":true}]}}