{"id":2299,"date":"2024-04-30T09:16:32","date_gmt":"2024-04-30T06:16:32","guid":{"rendered":"http:\/\/jnats.eu\/?post_type=product&#038;p=2299"},"modified":"2025-10-20T17:52:29","modified_gmt":"2025-10-20T14:52:29","slug":"ohira-iromono-tomae","status":"publish","type":"product","link":"https:\/\/jnats.eu\/es\/producto-2\/ohira-iromono-tomae\/","title":{"rendered":"Ohira Iromono Tomae"},"content":{"rendered":"<p>Los Ohira Iromono Tomae de dureza media son f\u00e1ciles de usar y dejan un acabado mate. Hacen un gran trabajo al convertir rayones sint\u00e9ticos en kasumi. Esta piedra de afilar japonesa es muy homog\u00e9nea y lo suficientemente r\u00e1pida para trabajar bien con cuchillos. Dejar\u00e1 un n\u00facleo de acero muy limpio y un rasgu\u00f1o muy leve y consistente en el revestimiento de hierro m\u00e1s suave. Puede pasar f\u00e1cilmente de esta piedra a piedras de acabado al pulir. Esta piedra tambi\u00e9n es adecuada para afilar herramientas de carpinter\u00eda y navajas, pero no es la mejor opci\u00f3n para el acabado de estas herramientas.<\/p>\n\n\n\n<p>Esta piedra tiene una hermosa combinaci\u00f3n de rojo, amarillo y verde, decorada con finos puntos Nashiji. En el troquel se ven un par de l\u00edneas superficiales pero sospechosas. Probablemente sea mejor evitarlos. Dimensiones &quot;americanas&quot; y forma regular.<\/p>","protected":false},"excerpt":{"rendered":"<ul>\n<li>Adecuado para cuchillos de acabado, tijeras, carpinter\u00eda y otras herramientas.<\/li>\n<li>Dimensiones: 204x53x29mm<\/li>\n<li>Peso: 810 gramos<\/li>\n<li>Dureza: Lv 3.7<\/li>\n<li>La superficie es lisa y lista para trabajar.<\/li>\n<\/ul>","protected":false},"featured_media":2300,"comment_status":"open","ping_status":"closed","template":"","meta":[],"product_brand":[],"product_cat":[22],"product_tag":[47,67],"class_list":{"0":"post-2299","1":"product","2":"type-product","3":"status-publish","4":"has-post-thumbnail","6":"product_cat-jnats","7":"product_tag-ohira","8":"product_tag-tomae","9":"product_shipping_class-iprastas","11":"first","12":"outofstock","13":"sale","14":"shipping-taxable","15":"purchasable","16":"product-type-simple"},"_links":{"self":[{"href":"https:\/\/jnats.eu\/es\/wp-json\/wp\/v2\/product\/2299","targetHints":{"allow":["GET"]}}],"collection":[{"href":"https:\/\/jnats.eu\/es\/wp-json\/wp\/v2\/product"}],"about":[{"href":"https:\/\/jnats.eu\/es\/wp-json\/wp\/v2\/types\/product"}],"replies":[{"embeddable":true,"href":"https:\/\/jnats.eu\/es\/wp-json\/wp\/v2\/comments?post=2299"}],"wp:featuredmedia":[{"embeddable":true,"href":"https:\/\/jnats.eu\/es\/wp-json\/wp\/v2\/media\/2300"}],"wp:attachment":[{"href":"https:\/\/jnats.eu\/es\/wp-json\/wp\/v2\/media?parent=2299"}],"wp:term":[{"taxonomy":"product_brand","embeddable":true,"href":"https:\/\/jnats.eu\/es\/wp-json\/wp\/v2\/product_brand?post=2299"},{"taxonomy":"product_cat","embeddable":true,"href":"https:\/\/jnats.eu\/es\/wp-json\/wp\/v2\/product_cat?post=2299"},{"taxonomy":"product_tag","embeddable":true,"href":"https:\/\/jnats.eu\/es\/wp-json\/wp\/v2\/product_tag?post=2299"}],"curies":[{"name":"wp","href":"https:\/\/api.w.org\/{rel}","templated":true}]}}