{"id":2306,"date":"2024-04-30T09:32:25","date_gmt":"2024-04-30T06:32:25","guid":{"rendered":"http:\/\/jnats.eu\/?post_type=product&#038;p=2306"},"modified":"2024-11-30T13:07:57","modified_gmt":"2024-11-30T11:07:57","slug":"nakayama-karasu-aisa","status":"publish","type":"product","link":"https:\/\/jnats.eu\/es\/producto-2\/nakayama-karasu-aisa\/","title":{"rendered":"Nakayama Karasu Aisa"},"content":{"rendered":"<p>Un maravilloso Nakayama Karasu que puede usarse para terminar de afilar navajas, cuchillos y herramientas. \u00a1Es muy raro que Nakayama Karasu pueda usarse en cuchillos sin rayarlos!<\/p>\n\n\n\n<p>\u00a1Da un acabado semiespejo s\u00faper fino con un contraste n\u00edtido! Lo mejor es trabajar con Nagura y acelerar el proceso de esa manera.<\/p>\n\n\n\n<p>Tambi\u00e9n se puede utilizar con la progresi\u00f3n completa de nagura Asano para afeitadoras y proporcionar\u00e1 suficiente afilado. Una piedra gris muy bonita con \"cuervos\", algunas l\u00edneas negras finas y un par de l\u00edneas namazu cortas.<\/p>\n\n\n\n<p>Forma perfecta, lista para usar y nivelada. La segunda mitad tambi\u00e9n se puede completar f\u00e1cilmente. <\/p>\n\n\n\n<figure class=\"wp-block-embed is-type-video is-provider-youtube wp-block-embed-youtube wp-embed-aspect-16-9 wp-has-aspect-ratio\"><div class=\"wp-block-embed__wrapper\">\n<div class=\"video-container\"><iframe title=\"Galandame Kanemasa Maquinilla de Afeitar C\u00f3ncava Super Extra Full Nakayama Karasu Aisa\" width=\"1170\" height=\"658\" src=\"https:\/\/www.youtube.com\/embed\/ewmrUk9XIg8?start=266&#038;feature=oembed\" frameborder=\"0\" allow=\"accelerometer; autoplay; clipboard-write; encrypted-media; gyroscope; picture-in-picture; web-share\" referrerpolicy=\"strict-origin-when-cross-origin\" allowfullscreen><\/iframe><\/div>\n<\/div><\/figure>","protected":false},"excerpt":{"rendered":"<ul>\n<li>Adecuado para el acabado de hojas de afeitar, carpinter\u00eda y otras herramientas.<\/li>\n<li>Dimensiones: 206x74x22mm<\/li>\n<li>Peso: 900 gramos<\/li>\n<li>Dureza: Lv 5<\/li>\n<li>Las l\u00edneas son seguras<\/li>\n<li>La superficie no es completamente lisa, hay hoyos en los bordes.<\/li>\n<li>Recomendamos trabajar con agua tibia, porque el agua fr\u00eda deteriora la velocidad de trabajo y la respuesta.<\/li>\n<\/ul>","protected":false},"featured_media":2309,"comment_status":"open","ping_status":"closed","template":"","meta":[],"product_brand":[],"product_cat":[22],"product_tag":[250,57,49],"class_list":{"0":"post-2306","1":"product","2":"type-product","3":"status-publish","4":"has-post-thumbnail","6":"product_cat-jnats","7":"product_tag-aisa","8":"product_tag-karasu","9":"product_tag-nakayama","10":"product_shipping_class-iprastas","12":"first","13":"outofstock","14":"sale","15":"shipping-taxable","16":"purchasable","17":"product-type-simple"},"_links":{"self":[{"href":"https:\/\/jnats.eu\/es\/wp-json\/wp\/v2\/product\/2306","targetHints":{"allow":["GET"]}}],"collection":[{"href":"https:\/\/jnats.eu\/es\/wp-json\/wp\/v2\/product"}],"about":[{"href":"https:\/\/jnats.eu\/es\/wp-json\/wp\/v2\/types\/product"}],"replies":[{"embeddable":true,"href":"https:\/\/jnats.eu\/es\/wp-json\/wp\/v2\/comments?post=2306"}],"wp:featuredmedia":[{"embeddable":true,"href":"https:\/\/jnats.eu\/es\/wp-json\/wp\/v2\/media\/2309"}],"wp:attachment":[{"href":"https:\/\/jnats.eu\/es\/wp-json\/wp\/v2\/media?parent=2306"}],"wp:term":[{"taxonomy":"product_brand","embeddable":true,"href":"https:\/\/jnats.eu\/es\/wp-json\/wp\/v2\/product_brand?post=2306"},{"taxonomy":"product_cat","embeddable":true,"href":"https:\/\/jnats.eu\/es\/wp-json\/wp\/v2\/product_cat?post=2306"},{"taxonomy":"product_tag","embeddable":true,"href":"https:\/\/jnats.eu\/es\/wp-json\/wp\/v2\/product_tag?post=2306"}],"curies":[{"name":"wp","href":"https:\/\/api.w.org\/{rel}","templated":true}]}}