{"id":2321,"date":"2024-04-30T09:46:56","date_gmt":"2024-04-30T06:46:56","guid":{"rendered":"http:\/\/jnats.eu\/?post_type=product&#038;p=2321"},"modified":"2024-09-25T15:27:31","modified_gmt":"2024-09-25T12:27:31","slug":"nakayama-asagi-maruka","status":"publish","type":"product","link":"https:\/\/jnats.eu\/es\/producto-2\/nakayama-asagi-maruka\/","title":{"rendered":"Nakayama Asagi Maruka"},"content":{"rendered":"<p>Esta gran piedra refleja a la perfecci\u00f3n todas las ventajas de la Nakayama: peque\u00f1a, pero bastante r\u00e1pida y suave. No necesita un tomahawk ni un plato de diamante para empezar. La Nakayama Asagi Maruka pule r\u00e1pidamente el metal y deja un brillo muy refinado. Su gran tama\u00f1o hace que los cuchillos largos sean muy f\u00e1ciles de afilar, al igual que otras herramientas.<\/p>\n\n\n\n<p>Esta piedra de afilar Nakayama es de color gris con matices verdosos.<\/p>\n\n\n\n<p>Esta piedra cuenta con una forma perfecta para cualquier herramienta y un grosor que durar\u00e1 varios siglos. El sello de Maruka \u32d5\u6b63\u672c\u5c71 es claramente visible y no se ha desgastado durante un largo per\u00edodo de tiempo. Kato-san, el \u00faltimo propietario de la mina Nakayama, utiliz\u00f3 esta marca s\u00f3lo en las piedras de afilar japonesas de la m\u00e1s alta calidad.&nbsp;<\/p>\n\n\n\n<figure class=\"wp-block-embed is-type-video is-provider-youtube wp-block-embed-youtube wp-embed-aspect-16-9 wp-has-aspect-ratio\"><div class=\"wp-block-embed__wrapper\">\n<div class=\"video-container\"><iframe title=\"Nakayama Maruka Lv 5\" width=\"1170\" height=\"658\" src=\"https:\/\/www.youtube.com\/embed\/jcWysxk_6ns?feature=oembed\" frameborder=\"0\" allow=\"accelerometer; autoplay; clipboard-write; encrypted-media; gyroscope; picture-in-picture; web-share\" referrerpolicy=\"strict-origin-when-cross-origin\" allowfullscreen><\/iframe><\/div>\n<\/div><\/figure>\n\n\n\n<p>La piedra Nakayama es famosa por la marca Kato Mutsuyama Maruka con la letra &quot;ka&quot; y el sello Seihonzan \u32d5\u6b63\u672c\u5c71. Kato Mutsuyama fue el primero en tallar tal sello. Las dimensiones no est\u00e1ndar, el gran tama\u00f1o o las piedras en bruto no ten\u00edan originalmente la marca de Maruka. Sin embargo, tambi\u00e9n hay productos de calidad y piedras de afilar no est\u00e1ndar que posteriormente se marcaron con el sello Maruka durante el procesamiento final en el comercio minorista, as\u00ed como piedras que el vendedor cort\u00f3 a partir de piedras en bruto sin el sello \u32d5\u6b63\u672c\u5c71. Adem\u00e1s, las muelas Nakayama vendidas antes del per\u00edodo de estampado no llevan el sello Maruka. <\/p>\n\n\n\n<p>En cualquier caso, si es la piedra de Kato Mutsuyama de esta mina, ser\u00e1 la misma piedra de Nakayama, independientemente de si tiene la marca de Maruka o no. El sello \u32d5\u6b63\u672c\u5c71 puede estar presente o no seg\u00fan el canal de distribuci\u00f3n y no garantiza la calidad. No s\u00f3lo Nakayama, sino tambi\u00e9n otras piedras de moler naturales, cada una es diferente y no hay dos iguales. Adem\u00e1s, han pasado muchos a\u00f1os desde el cierre de la mina, por lo que cada a\u00f1o hay menos ejemplares buenos en el mercado.<\/p>\n\n\n\n<p>Debido a su rareza y al poder de la marca, existen muchas falsificaciones, por lo que te recomendamos que no te f\u00edes demasiado del sello de Maruka y eval\u00faes la piedra con tus propios ojos.&nbsp;<\/p>\n\n\n\n<p>La mina Kato est\u00e1 ubicada en las monta\u00f1as Nakayama, donde se extra\u00edan piedras de afilar y se llamaba as\u00ed porque era propiedad del Sr. Kato. Hatanaka Whetstone es una tienda de piedra de larga trayectoria en Kioto. Despu\u00e9s de la guerra, las ventas de las piedras de moler Nakayama extra\u00eddas en Kato Utsuyama estaban a cargo de un grupo de cinco personas de un importante taller de piedra de Kioto. Entre ellos, se dice que Hatanaka Toishi fue el m\u00e1s confiable durante un tiempo por los propietarios de monta\u00f1as. en 1952 Hatanaka Toishi registr\u00f3 la marca Junshin Honzan (\u7d14\u7a7a\u6b63\u672c\u5c71) para distinguirse de otros minoristas. Despu\u00e9s de 1980 donde los derechos de la mina Nakayama fueron comprados por Hatanaka Whetstone y se convirtieron en propietarios de la marca Maruka. Al mismo tiempo, las piedras de esta mina tambi\u00e9n se distribuyeron a trav\u00e9s de otros minoristas.<\/p>\n\n\n\n<p><strong>Nakayama (\u4e2d\u5c71)<\/strong><\/p>\n\n\n\n<p>Esta mina oriental es famosa por sus piedras de acabado awasedo y ocupa el primer lugar entre las m\u00e1s buscadas entre los profesionales y aficionados al afilado. En comparaci\u00f3n con piedras de dureza y finura similares de otras minas, las piedras Nakayama son conocidas por una sensaci\u00f3n de afilado m\u00e1s agradable y una alta velocidad de trabajo. Se valoran especialmente la piedra multicapa (Hondomae, Shikitomae) y Kiita.<\/p>","protected":false},"excerpt":{"rendered":"<ul>\n<li>Ideal para el acabado de navajas, cuchillos, tijeras, carpinter\u00eda y otras herramientas.<\/li>\n<li>Dimensiones: 207x76x29mm<\/li>\n<li>Peso: 1200 g<\/li>\n<li>Dureza: Lv 5<\/li>\n<li>La superficie queda lisa y lista para trabajar. La segunda mitad se puede preparar f\u00e1cilmente.<\/li>\n<\/ul>","protected":false},"featured_media":2326,"comment_status":"open","ping_status":"closed","template":"","meta":[],"product_brand":[],"product_cat":[],"product_tag":[45,58,49],"class_list":{"0":"post-2321","1":"product","2":"type-product","3":"status-publish","4":"has-post-thumbnail","6":"product_tag-asagi","7":"product_tag-maruka","8":"product_tag-nakayama","9":"product_shipping_class-iprastas","11":"first","12":"outofstock","13":"sale","14":"shipping-taxable","15":"purchasable","16":"product-type-simple"},"_links":{"self":[{"href":"https:\/\/jnats.eu\/es\/wp-json\/wp\/v2\/product\/2321","targetHints":{"allow":["GET"]}}],"collection":[{"href":"https:\/\/jnats.eu\/es\/wp-json\/wp\/v2\/product"}],"about":[{"href":"https:\/\/jnats.eu\/es\/wp-json\/wp\/v2\/types\/product"}],"replies":[{"embeddable":true,"href":"https:\/\/jnats.eu\/es\/wp-json\/wp\/v2\/comments?post=2321"}],"wp:featuredmedia":[{"embeddable":true,"href":"https:\/\/jnats.eu\/es\/wp-json\/wp\/v2\/media\/2326"}],"wp:attachment":[{"href":"https:\/\/jnats.eu\/es\/wp-json\/wp\/v2\/media?parent=2321"}],"wp:term":[{"taxonomy":"product_brand","embeddable":true,"href":"https:\/\/jnats.eu\/es\/wp-json\/wp\/v2\/product_brand?post=2321"},{"taxonomy":"product_cat","embeddable":true,"href":"https:\/\/jnats.eu\/es\/wp-json\/wp\/v2\/product_cat?post=2321"},{"taxonomy":"product_tag","embeddable":true,"href":"https:\/\/jnats.eu\/es\/wp-json\/wp\/v2\/product_tag?post=2321"}],"curies":[{"name":"wp","href":"https:\/\/api.w.org\/{rel}","templated":true}]}}