{"id":2343,"date":"2024-05-01T10:42:04","date_gmt":"2024-05-01T07:42:04","guid":{"rendered":"http:\/\/jnats.eu\/?post_type=product&#038;p=2343"},"modified":"2024-08-21T15:29:45","modified_gmt":"2024-08-21T12:29:45","slug":"nakayama-iromono-japoniskas-naturalus-akmuo-galandimui","status":"publish","type":"product","link":"https:\/\/jnats.eu\/es\/producto-2\/nakayama-iromono-japoniskas-naturalus-akmuo-galandimui\/","title":{"rendered":"Nakayama Iromono piedra de afilar natural japonesa"},"content":{"rendered":"<p>Este precioso iromono de Nakayama es una piedra natural japonesa dura y perfecta para terminar el afilado de cualquier herramienta. Es mejor para aquellos con m\u00e1s experiencia, pero se puede combinar con un nagura para una experiencia m\u00e1s f\u00e1cil de usar. La textura es muy fina (10k+) y el esmalte tiende a reflejarse. <\/p>\n\n\n\n<p>La piedra se extrae en la mina Kato, famosa por sus piedras Maruka.<\/p>\n\n\n\n<figure class=\"wp-block-embed is-type-video is-provider-youtube wp-block-embed-youtube wp-embed-aspect-16-9 wp-has-aspect-ratio\"><div class=\"wp-block-embed__wrapper\">\n<div class=\"video-container\"><iframe title=\"Nakayama Tomae Iromono, Nakayama Kiita Nashiji, Nakayama Suita Maruka\" width=\"1170\" height=\"658\" src=\"https:\/\/www.youtube.com\/embed\/IZ-D-qy6bYY?start=126&#038;feature=oembed\" frameborder=\"0\" allow=\"accelerometer; autoplay; clipboard-write; encrypted-media; gyroscope; picture-in-picture; web-share\" referrerpolicy=\"strict-origin-when-cross-origin\" allowfullscreen><\/iframe><\/div>\n<\/div><\/figure>\n\n\n\n<p><strong>Nakayama (\u4e2d\u5c71)<\/strong><\/p>\n\n\n\n<p>Esta mina oriental es famosa por sus piedras de acabado de afilado y es quiz\u00e1 el lugar de afilado m\u00e1s solicitado por profesionales y aficionados. En comparaci\u00f3n con las piedras de dureza y finura similares de otras minas, las piedras de Nakayama son conocidas por su sensaci\u00f3n de afilado m\u00e1s agradable y su alta velocidad de trabajo. Las piedras multicapa (Hondomae, Shikitomae) y Kiita son especialmente apreciadas.<\/p>","protected":false},"excerpt":{"rendered":"<ul>\n<li>Adecuado para el acabado de navajas, cuchillos, tijeras, carpinter\u00eda y otras herramientas.<\/li>\n<li>Dimensiones aproximadas: 150x60x21 mm<\/li>\n<li>Peso: 455 gramos<\/li>\n<li>Dureza: Nivel 4,5<\/li>\n<li>La superficie es lisa y lista para trabajar.<\/li>\n<\/ul>","protected":false},"featured_media":2349,"comment_status":"open","ping_status":"closed","template":"","meta":[],"product_brand":[],"product_cat":[22],"product_tag":[49],"class_list":{"0":"post-2343","1":"product","2":"type-product","3":"status-publish","4":"has-post-thumbnail","6":"product_cat-jnats","7":"product_tag-nakayama","8":"product_shipping_class-iprastas","10":"first","11":"outofstock","12":"shipping-taxable","13":"purchasable","14":"product-type-simple"},"_links":{"self":[{"href":"https:\/\/jnats.eu\/es\/wp-json\/wp\/v2\/product\/2343","targetHints":{"allow":["GET"]}}],"collection":[{"href":"https:\/\/jnats.eu\/es\/wp-json\/wp\/v2\/product"}],"about":[{"href":"https:\/\/jnats.eu\/es\/wp-json\/wp\/v2\/types\/product"}],"replies":[{"embeddable":true,"href":"https:\/\/jnats.eu\/es\/wp-json\/wp\/v2\/comments?post=2343"}],"wp:featuredmedia":[{"embeddable":true,"href":"https:\/\/jnats.eu\/es\/wp-json\/wp\/v2\/media\/2349"}],"wp:attachment":[{"href":"https:\/\/jnats.eu\/es\/wp-json\/wp\/v2\/media?parent=2343"}],"wp:term":[{"taxonomy":"product_brand","embeddable":true,"href":"https:\/\/jnats.eu\/es\/wp-json\/wp\/v2\/product_brand?post=2343"},{"taxonomy":"product_cat","embeddable":true,"href":"https:\/\/jnats.eu\/es\/wp-json\/wp\/v2\/product_cat?post=2343"},{"taxonomy":"product_tag","embeddable":true,"href":"https:\/\/jnats.eu\/es\/wp-json\/wp\/v2\/product_tag?post=2343"}],"curies":[{"name":"wp","href":"https:\/\/api.w.org\/{rel}","templated":true}]}}