{"id":2357,"date":"2024-05-01T11:04:25","date_gmt":"2024-05-01T08:04:25","guid":{"rendered":"http:\/\/jnats.eu\/?post_type=product&#038;p=2357"},"modified":"2024-08-26T08:58:17","modified_gmt":"2024-08-26T05:58:17","slug":"nakayama-tomae-iromono-nashiji","status":"publish","type":"product","link":"https:\/\/jnats.eu\/es\/producto-2\/nakayama-tomae-iromono-nashiji\/","title":{"rendered":"Nakayama Tomae Iromono Nashiji"},"content":{"rendered":"<p>Piedra de acabado de afilado natural japonesa Nakayama Tomae Awasedo. Es una piedra de dureza media con excelente velocidad de afilado. Lo recomendamos para el acabado de cuchillos o para el preacabado de navajas. Tambi\u00e9n es bueno para terminar las navajas, siempre y cuando no uses demasiada fuerza.<\/p>\n\n\n\n<p>\u00a1Esta es una piedra enorme de forma regular que hace su trabajo muy bien!<\/p>\n\n\n\n<p>Esta piedra gris presenta un dibujo de gradaciones de tonos rosados y verdosos, salpicado de peque\u00f1os puntos nashiji. No se aprecian l\u00edneas ni inclusiones. Una mirada m\u00e1s profunda al lateral muestra que la piedra puede volverse negra en el futuro, con manchas namazu amarillas. Por lo tanto, con esta piedra te espera un viaje interesante e impredecible al mundo de las piedras de afilar naturales japonesas \ud83d\ude42 . <\/p>\n\n\n\n<p>En serio, aunque el color cambie, la piedra debe funcionar de forma muy similar. Esto se aprecia en la estructura homog\u00e9nea que forman los lados.<\/p>\n\n\n\n<figure class=\"wp-block-embed is-type-video is-provider-youtube wp-block-embed-youtube wp-embed-aspect-16-9 wp-has-aspect-ratio\"><div class=\"wp-block-embed__wrapper\">\n<div class=\"video-container\"><iframe title=\"Nakayama Tomae Iromono, Nakayama Kiita Nashiji, Nakayama Suita Maruka\" width=\"1170\" height=\"658\" src=\"https:\/\/www.youtube.com\/embed\/IZ-D-qy6bYY?start=3&#038;feature=oembed\" frameborder=\"0\" allow=\"accelerometer; autoplay; clipboard-write; encrypted-media; gyroscope; picture-in-picture; web-share\" referrerpolicy=\"strict-origin-when-cross-origin\" allowfullscreen><\/iframe><\/div>\n<\/div><\/figure>\n\n\n\n<p><strong>Nakayama (\u4e2d\u5c71)<\/strong><\/p>\n\n\n\n<p>Esta mina oriental es famosa por sus piedras de acabado de afilado awasedo y es probablemente la primera entre las m\u00e1s buscadas entre los profesionales y aficionados al afilado. En comparaci\u00f3n con piedras de dureza y finura similares de otras minas, las piedras Nakayama son conocidas por una respuesta de afilado m\u00e1s agradable y una alta velocidad de trabajo. Se valoran especialmente la piedra multicapa (Hondomae, Shikitomae) y Kiita.<\/p>","protected":false},"excerpt":{"rendered":"<ul>\n<li>Adecuado para el acabado de navajas, cuchillos, tijeras, carpinter\u00eda y otras herramientas.<\/li>\n<li>Dimensiones: 208x76x41mm<\/li>\n<li>Peso: 1600 gramos<\/li>\n<li>Dureza: Lv 4<\/li>\n<li>La superficie queda lisa y lista para trabajar.<\/li>\n<li>Recomendamos trabajar con agua caliente, ya que el agua fr\u00eda reduce la velocidad y la respuesta.<\/li>\n<\/ul>","protected":false},"featured_media":2362,"comment_status":"open","ping_status":"closed","template":"","meta":[],"product_brand":[],"product_cat":[22],"product_tag":[41,49,48,67],"class_list":{"0":"post-2357","1":"product","2":"type-product","3":"status-publish","4":"has-post-thumbnail","6":"product_cat-jnats","7":"product_tag-iromono","8":"product_tag-nakayama","9":"product_tag-nashiji","10":"product_tag-tomae","11":"product_shipping_class-iprastas","13":"first","14":"instock","15":"shipping-taxable","16":"purchasable","17":"product-type-simple"},"_links":{"self":[{"href":"https:\/\/jnats.eu\/es\/wp-json\/wp\/v2\/product\/2357","targetHints":{"allow":["GET"]}}],"collection":[{"href":"https:\/\/jnats.eu\/es\/wp-json\/wp\/v2\/product"}],"about":[{"href":"https:\/\/jnats.eu\/es\/wp-json\/wp\/v2\/types\/product"}],"replies":[{"embeddable":true,"href":"https:\/\/jnats.eu\/es\/wp-json\/wp\/v2\/comments?post=2357"}],"wp:featuredmedia":[{"embeddable":true,"href":"https:\/\/jnats.eu\/es\/wp-json\/wp\/v2\/media\/2362"}],"wp:attachment":[{"href":"https:\/\/jnats.eu\/es\/wp-json\/wp\/v2\/media?parent=2357"}],"wp:term":[{"taxonomy":"product_brand","embeddable":true,"href":"https:\/\/jnats.eu\/es\/wp-json\/wp\/v2\/product_brand?post=2357"},{"taxonomy":"product_cat","embeddable":true,"href":"https:\/\/jnats.eu\/es\/wp-json\/wp\/v2\/product_cat?post=2357"},{"taxonomy":"product_tag","embeddable":true,"href":"https:\/\/jnats.eu\/es\/wp-json\/wp\/v2\/product_tag?post=2357"}],"curies":[{"name":"wp","href":"https:\/\/api.w.org\/{rel}","templated":true}]}}