{"id":2364,"date":"2024-05-01T11:24:39","date_gmt":"2024-05-01T08:24:39","guid":{"rendered":"http:\/\/jnats.eu\/?post_type=product&#038;p=2364"},"modified":"2024-10-20T15:02:06","modified_gmt":"2024-10-20T12:02:06","slug":"nakayama-suita-maruka-natural-whetstone","status":"publish","type":"product","link":"https:\/\/jnats.eu\/es\/producto-2\/nakayama-suita-maruka-natural-whetstone\/","title":{"rendered":"Piedra de afilar natural Nakayama Suita Maruka \u00a0"},"content":{"rendered":"<p>Un Nakayama Suita grande y raro con el sello de Maruka ya borrado, pero sin piedras con las que confundirlo. Esta piedra es muy r\u00e1pida y fina, por lo que se la puede llamar la piedra final para afilar los sue\u00f1os. Adecuado para todas las aplicaciones que requieren una piedra fina: herramientas, cuchillos y navajas. <\/p>\n\n\n\n<p>Una piedra limpia, blanca y sin los caracter\u00edsticos agujeros llamados Suita. <em>con<\/em>, con algunas manchas marrones inofensivas.<\/p>\n\n\n\n<p>Especialmente para las maquinillas de afeitar, esta piedra es bastante interesante. No s\u00f3lo es un excelente acabado previo con lechada diluida o agua corriente, sino que tambi\u00e9n puede terminar muy bien.<\/p>\n\n\n\n<figure class=\"wp-block-embed is-type-video is-provider-youtube wp-block-embed-youtube wp-embed-aspect-16-9 wp-has-aspect-ratio\"><div class=\"wp-block-embed__wrapper\">\n<div class=\"video-container\"><iframe title=\"Nakayama Tomae Iromono, Nakayama Kiita Nashiji, Nakayama Suita Maruka\" width=\"1170\" height=\"658\" src=\"https:\/\/www.youtube.com\/embed\/IZ-D-qy6bYY?start=415&#038;feature=oembed\" frameborder=\"0\" allow=\"accelerometer; autoplay; clipboard-write; encrypted-media; gyroscope; picture-in-picture; web-share\" referrerpolicy=\"strict-origin-when-cross-origin\" allowfullscreen><\/iframe><\/div>\n<\/div><\/figure>\n\n\n\n<p>La piedra Nakayama es famosa por la marca Kato Mutsuyama Maruka con la letra &quot;ka&quot; y el sello Seihonzan \u32d5\u6b63\u672c\u5c71. Kato Mutsuyama fue el primero en tallar tal sello. Las dimensiones no est\u00e1ndar, el gran tama\u00f1o o las piedras en bruto no ten\u00edan originalmente la marca de Maruka. Sin embargo, tambi\u00e9n hay productos de calidad y piedras de afilar no est\u00e1ndar que posteriormente se marcaron con el sello Maruka durante el procesamiento final en el comercio minorista, as\u00ed como piedras que el vendedor cort\u00f3 a partir de piedras en bruto sin el sello \u32d5\u6b63\u672c\u5c71. Adem\u00e1s, las muelas Nakayama vendidas antes del per\u00edodo de estampado no llevan el sello Maruka. <\/p>\n\n\n\n<p>En cualquier caso, si es la piedra de Kato Mutsuyama de esta mina, ser\u00e1 la misma piedra de Nakayama, independientemente de si tiene la marca de Maruka o no. El sello \u32d5\u6b63\u672c\u5c71 puede estar presente o no seg\u00fan el canal de distribuci\u00f3n y no garantiza la calidad. No s\u00f3lo Nakayama, sino tambi\u00e9n otras piedras de moler naturales, cada una es diferente y no hay dos iguales. Adem\u00e1s, han pasado muchos a\u00f1os desde el cierre de la mina, por lo que cada a\u00f1o hay menos ejemplares buenos en el mercado.<\/p>\n\n\n\n<p>Debido a su rareza y al poder de la marca, existen muchas falsificaciones, por lo que te recomendamos que no te f\u00edes demasiado del sello de Maruka y eval\u00faes la piedra con tus propios ojos.&nbsp;<\/p>\n\n\n\n<p>La mina Kato est\u00e1 ubicada en las monta\u00f1as Nakayama, donde se extra\u00edan piedras de afilar y se llamaba as\u00ed porque era propiedad del Sr. Kato. Hatanaka Whetstone es una tienda de piedra de larga trayectoria en Kioto. Despu\u00e9s de la guerra, las ventas de las piedras de moler Nakayama extra\u00eddas en Kato Utsuyama estaban a cargo de un grupo de cinco personas de un importante taller de piedra de Kioto. Entre ellos, se dice que Hatanaka Toishi fue el m\u00e1s confiable durante un tiempo por los propietarios de monta\u00f1as. en 1952 Hatanaka Toishi registr\u00f3 la marca Junshin Honzan (\u7d14\u7a7a\u6b63\u672c\u5c71) para distinguirse de otros minoristas. Despu\u00e9s de 1980 donde los derechos de la mina Nakayama fueron comprados por Hatanaka Whetstone y se convirtieron en propietarios de la marca Maruka. Al mismo tiempo, las piedras de esta mina tambi\u00e9n se distribuyeron a trav\u00e9s de otros minoristas.<\/p>","protected":false},"excerpt":{"rendered":"<ul>\n<li>Adecuado para el acabado de navajas, cuchillos, tijeras, carpinter\u00eda y otras herramientas.<\/li>\n<li>Dimensiones: 200x71x33mm<\/li>\n<li>Peso: 1130 gramos<\/li>\n<li>Dureza: Lv 5<\/li>\n<li>La superficie queda lisa y lista para trabajar.<\/li>\n<li>Recomendamos trabajar con agua caliente, ya que el agua fr\u00eda reduce la velocidad y la respuesta.<\/li>\n<\/ul>","protected":false},"featured_media":2370,"comment_status":"open","ping_status":"closed","template":"","meta":[],"product_brand":[],"product_cat":[22],"product_tag":[58,49,50],"class_list":{"0":"post-2364","1":"product","2":"type-product","3":"status-publish","4":"has-post-thumbnail","6":"product_cat-jnats","7":"product_tag-maruka","8":"product_tag-nakayama","9":"product_tag-suita","10":"product_shipping_class-iprastas","12":"first","13":"outofstock","14":"shipping-taxable","15":"purchasable","16":"product-type-simple"},"_links":{"self":[{"href":"https:\/\/jnats.eu\/es\/wp-json\/wp\/v2\/product\/2364","targetHints":{"allow":["GET"]}}],"collection":[{"href":"https:\/\/jnats.eu\/es\/wp-json\/wp\/v2\/product"}],"about":[{"href":"https:\/\/jnats.eu\/es\/wp-json\/wp\/v2\/types\/product"}],"replies":[{"embeddable":true,"href":"https:\/\/jnats.eu\/es\/wp-json\/wp\/v2\/comments?post=2364"}],"wp:featuredmedia":[{"embeddable":true,"href":"https:\/\/jnats.eu\/es\/wp-json\/wp\/v2\/media\/2370"}],"wp:attachment":[{"href":"https:\/\/jnats.eu\/es\/wp-json\/wp\/v2\/media?parent=2364"}],"wp:term":[{"taxonomy":"product_brand","embeddable":true,"href":"https:\/\/jnats.eu\/es\/wp-json\/wp\/v2\/product_brand?post=2364"},{"taxonomy":"product_cat","embeddable":true,"href":"https:\/\/jnats.eu\/es\/wp-json\/wp\/v2\/product_cat?post=2364"},{"taxonomy":"product_tag","embeddable":true,"href":"https:\/\/jnats.eu\/es\/wp-json\/wp\/v2\/product_tag?post=2364"}],"curies":[{"name":"wp","href":"https:\/\/api.w.org\/{rel}","templated":true}]}}