{"id":2400,"date":"2024-05-02T11:05:42","date_gmt":"2024-05-02T08:05:42","guid":{"rendered":"http:\/\/jnats.eu\/?post_type=product&#038;p=2400"},"modified":"2025-04-28T23:24:20","modified_gmt":"2025-04-28T20:24:20","slug":"nakayama-iromono-japoniskas-naturalus-akmuo-galandimui-2","status":"publish","type":"product","link":"https:\/\/jnats.eu\/es\/producto-2\/nakayama-iromono-japoniskas-naturalus-akmuo-galandimui-2\/","title":{"rendered":"Nakayama Iromono piedra de afilar natural japonesa"},"content":{"rendered":"<p>Este precioso iromono Nakayama es una piedra natural japonesa de dureza media perfecta para terminar el afilado de cualquier herramienta. Puedes prescindir f\u00e1cilmente de un respaldo o de una placa de diamante, porque la piedra suelta bastante bien su suspensi\u00f3n.<\/p>\n\n\n\n<p><strong>Nakayama (\u4e2d\u5c71)<\/strong><\/p>\n\n\n\n<p>Esta mina oriental es famosa por sus piedras de acabado de afilado awasedo y es probablemente la primera entre las m\u00e1s buscadas entre los profesionales y aficionados del afilado. En comparaci\u00f3n con piedras de dureza y finura similares de otras minas, las piedras Nakayama son conocidas por una sensaci\u00f3n de afilado m\u00e1s agradable y una alta velocidad de trabajo. Se valoran especialmente la piedra multicapa (Hondomae, Shikitomae) y Kiita.<\/p>","protected":false},"excerpt":{"rendered":"<ul>\n<li>Adecuado para el acabado de navajas, cuchillos, tijeras, carpinter\u00eda y otras herramientas.<\/li>\n<li>Dimensiones aproximadas: 204x75x22 mm<\/li>\n<li>Peso: 970 gramos<\/li>\n<li>Dureza: Lv 4<\/li>\n<li>La superficie es lisa y lista para trabajar.<\/li>\n<\/ul>","protected":false},"featured_media":2408,"comment_status":"open","ping_status":"closed","template":"","meta":[],"product_brand":[],"product_cat":[22],"product_tag":[41,49],"class_list":{"0":"post-2400","1":"product","2":"type-product","3":"status-publish","4":"has-post-thumbnail","6":"product_cat-jnats","7":"product_tag-iromono","8":"product_tag-nakayama","9":"product_shipping_class-iprastas","11":"first","12":"outofstock","13":"shipping-taxable","14":"purchasable","15":"product-type-simple"},"_links":{"self":[{"href":"https:\/\/jnats.eu\/es\/wp-json\/wp\/v2\/product\/2400","targetHints":{"allow":["GET"]}}],"collection":[{"href":"https:\/\/jnats.eu\/es\/wp-json\/wp\/v2\/product"}],"about":[{"href":"https:\/\/jnats.eu\/es\/wp-json\/wp\/v2\/types\/product"}],"replies":[{"embeddable":true,"href":"https:\/\/jnats.eu\/es\/wp-json\/wp\/v2\/comments?post=2400"}],"wp:featuredmedia":[{"embeddable":true,"href":"https:\/\/jnats.eu\/es\/wp-json\/wp\/v2\/media\/2408"}],"wp:attachment":[{"href":"https:\/\/jnats.eu\/es\/wp-json\/wp\/v2\/media?parent=2400"}],"wp:term":[{"taxonomy":"product_brand","embeddable":true,"href":"https:\/\/jnats.eu\/es\/wp-json\/wp\/v2\/product_brand?post=2400"},{"taxonomy":"product_cat","embeddable":true,"href":"https:\/\/jnats.eu\/es\/wp-json\/wp\/v2\/product_cat?post=2400"},{"taxonomy":"product_tag","embeddable":true,"href":"https:\/\/jnats.eu\/es\/wp-json\/wp\/v2\/product_tag?post=2400"}],"curies":[{"name":"wp","href":"https:\/\/api.w.org\/{rel}","templated":true}]}}