{"id":2417,"date":"2024-05-03T09:02:02","date_gmt":"2024-05-03T06:02:02","guid":{"rendered":"http:\/\/jnats.eu\/?post_type=product&#038;p=2417"},"modified":"2024-05-03T09:42:24","modified_gmt":"2024-05-03T06:42:24","slug":"hatahoshi-hatanaka-%e7%b4%94%e7%9c%9f%e6%ad%a3%e6%9c%ac%e5%b1%b1-jyunshin-shohonyama","status":"publish","type":"product","link":"https:\/\/jnats.eu\/es\/producto-2\/hatahoshi-hatanaka-%e7%b4%94%e7%9c%9f%e6%ad%a3%e6%9c%ac%e5%b1%b1-jyunshin-shohonyama\/","title":{"rendered":"Hatahoshi Hatanaka, \u7d14\u7535\u5f71\u672c\u5c71 Jyunshin sh\u014dhonyama Piedras de afilar"},"content":{"rendered":"<p>Actualmente, las \u00fanicas piedras de acabado de afilado Nakayama nuevas y genuinas las comercializa Hatanaka, el \u00faltimo propietario de la mina. S\u00f3lo \u00e9l posee el derecho de utilizar el nombre de la mina Nakayama, junto con los nombres protegidos por derechos de autor y los sellos de tinta asociados con ella, aunque la mina est\u00e9 f\u00edsicamente cerrada. Se ha reservado el derecho de sellar cualquier inventario sobrante del negocio de su familia, y se cree que muchas de sus nuevas piedras proceden de las enormes reservas de bruto que se han extra\u00eddo desde que su padre era socio en Kato.<\/p>\n\n\n\n<p>Hatanaka gestiona el negocio con tanta astucia como Kato, sin inundar el mercado con piedras que viajan desde \u00e9l a trav\u00e9s de los canales elegidos. Tambi\u00e9n ve las actividades de los falsificadores de sellos. Su empresa est\u00e1 en la cima de la pir\u00e1mide mundial tennen toishi y la reputaci\u00f3n es lo m\u00e1s importante para \u00e9l, por eso las aut\u00e9nticas piedras Hatahoshi Hatanaka siempre han destacado por su m\u00e1xima calidad y son muy valoradas.<\/p>\n\n\n\n<figure class=\"wp-block-embed is-type-video is-provider-youtube wp-block-embed-youtube wp-embed-aspect-16-9 wp-has-aspect-ratio\"><div class=\"wp-block-embed__wrapper\">\n<div class=\"video-container\"><iframe title=\"Hatahoshi Hatanaka, \u7d14\u7535\u5f71\u672c\u5c71 Piedras de afilar Jyunshin\" width=\"1170\" height=\"658\" src=\"https:\/\/www.youtube.com\/embed\/ekLZW0ghpeU?feature=oembed\" frameborder=\"0\" allow=\"accelerometer; autoplay; clipboard-write; encrypted-media; gyroscope; picture-in-picture; web-share\" referrerpolicy=\"strict-origin-when-cross-origin\" allowfullscreen><\/iframe><\/div>\n<\/div><\/figure>","protected":false},"excerpt":{"rendered":"<p>Vendido<\/p>","protected":false},"featured_media":2420,"comment_status":"open","ping_status":"closed","template":"","meta":[],"product_brand":[],"product_cat":[22],"product_tag":[273,269,274,272],"class_list":{"0":"post-2417","1":"product","2":"type-product","3":"status-publish","4":"has-post-thumbnail","6":"product_cat-jnats","7":"product_tag-hatahoshi","8":"product_tag-hatanaka","9":"product_tag-jyunshin","10":"product_tag-272","12":"first","13":"outofstock","14":"shipping-taxable","15":"purchasable","16":"product-type-simple"},"_links":{"self":[{"href":"https:\/\/jnats.eu\/es\/wp-json\/wp\/v2\/product\/2417","targetHints":{"allow":["GET"]}}],"collection":[{"href":"https:\/\/jnats.eu\/es\/wp-json\/wp\/v2\/product"}],"about":[{"href":"https:\/\/jnats.eu\/es\/wp-json\/wp\/v2\/types\/product"}],"replies":[{"embeddable":true,"href":"https:\/\/jnats.eu\/es\/wp-json\/wp\/v2\/comments?post=2417"}],"wp:featuredmedia":[{"embeddable":true,"href":"https:\/\/jnats.eu\/es\/wp-json\/wp\/v2\/media\/2420"}],"wp:attachment":[{"href":"https:\/\/jnats.eu\/es\/wp-json\/wp\/v2\/media?parent=2417"}],"wp:term":[{"taxonomy":"product_brand","embeddable":true,"href":"https:\/\/jnats.eu\/es\/wp-json\/wp\/v2\/product_brand?post=2417"},{"taxonomy":"product_cat","embeddable":true,"href":"https:\/\/jnats.eu\/es\/wp-json\/wp\/v2\/product_cat?post=2417"},{"taxonomy":"product_tag","embeddable":true,"href":"https:\/\/jnats.eu\/es\/wp-json\/wp\/v2\/product_tag?post=2417"}],"curies":[{"name":"wp","href":"https:\/\/api.w.org\/{rel}","templated":true}]}}