{"id":2421,"date":"2024-05-03T09:27:54","date_gmt":"2024-05-03T06:27:54","guid":{"rendered":"http:\/\/jnats.eu\/?post_type=product&#038;p=2421"},"modified":"2024-10-15T09:03:23","modified_gmt":"2024-10-15T06:03:23","slug":"narutaki-specialiai-skustuvams-atrinkti-uzbaigimo-akmenys","status":"publish","type":"product","link":"https:\/\/jnats.eu\/es\/producto-2\/narutaki-specialiai-skustuvams-atrinkti-uzbaigimo-akmenys\/","title":{"rendered":"Piedras de acabado seleccionadas espec\u00edficamente para las maquinillas de afeitar Narutaki."},"content":{"rendered":"<p>Piedras de acabado vintage especialmente seleccionadas para maquinillas de afeitar de la mina Narutaki. A mediados del siglo pasado, estas piedras se utilizaban ampliamente y se puede dudar de la competencia de quienes las procesaban. Por tanto, podemos garantizar un afeitado perfecto tras terminar de afilar con estas piedras.<\/p>\n\n\n\n<p>Nagura no es necesario porque las piedras no son muy duras y sueltan su propia suspensi\u00f3n.<\/p>\n\n\n\n<p><strong>Naruto (\u9cf4\u7027, \u9cf4\u6edd)<\/strong><br>Una mina oriental que produce piedras de terminaci\u00f3n que togishi considera bien para jizuya. Curiosamente, el mismo t\u00e9rmino se utiliza a menudo para describir la regi\u00f3n donde se extraen las piedras de las minas orientales. Las piedras de la mina Hon-Narutaki rara vez se ven en el comercio hoy en d\u00eda.<\/p>\n\n\n\n<figure class=\"wp-block-embed is-type-video is-provider-youtube wp-block-embed-youtube wp-embed-aspect-16-9 wp-has-aspect-ratio\"><div class=\"wp-block-embed__wrapper\">\n<div class=\"video-container\"><iframe title=\"Piedras de afilar de acabado Narutaki especialmente seleccionadas para maquinillas de afeitar.\" width=\"1170\" height=\"658\" src=\"https:\/\/www.youtube.com\/embed\/ziKIUoWWSCc?feature=oembed\" frameborder=\"0\" allow=\"accelerometer; autoplay; clipboard-write; encrypted-media; gyroscope; picture-in-picture; web-share\" referrerpolicy=\"strict-origin-when-cross-origin\" allowfullscreen><\/iframe><\/div>\n<\/div><\/figure>","protected":false},"excerpt":{"rendered":"<ol>\n<li><del>Dimensiones: 163x56x22 mm; Peso 528 gramos.\u00a0<\/del> Vendido<\/li>\n<li><del>Dimensiones: 156x56x26 mm; Peso 559 gramos.<\/del> Vendido<\/li>\n<li><del>Dimensiones: 148x52x26 mm; Peso 489 gramos.<\/del><\/li>\n<li><del>Dimensiones: 155x57x24 mm; Peso 554 gramos.<\/del> <strong>Sin tapa de caja.<\/strong><\/li>\n<\/ol>","protected":false},"featured_media":2429,"comment_status":"open","ping_status":"closed","template":"","meta":[],"product_brand":[],"product_cat":[22],"product_tag":[146],"class_list":{"0":"post-2421","1":"product","2":"type-product","3":"status-publish","4":"has-post-thumbnail","6":"product_cat-jnats","7":"product_tag-narutaki","8":"product_shipping_class-iprastas","10":"first","11":"outofstock","12":"sold-individually","13":"shipping-taxable","14":"purchasable","15":"product-type-variable"},"_links":{"self":[{"href":"https:\/\/jnats.eu\/es\/wp-json\/wp\/v2\/product\/2421","targetHints":{"allow":["GET"]}}],"collection":[{"href":"https:\/\/jnats.eu\/es\/wp-json\/wp\/v2\/product"}],"about":[{"href":"https:\/\/jnats.eu\/es\/wp-json\/wp\/v2\/types\/product"}],"replies":[{"embeddable":true,"href":"https:\/\/jnats.eu\/es\/wp-json\/wp\/v2\/comments?post=2421"}],"wp:featuredmedia":[{"embeddable":true,"href":"https:\/\/jnats.eu\/es\/wp-json\/wp\/v2\/media\/2429"}],"wp:attachment":[{"href":"https:\/\/jnats.eu\/es\/wp-json\/wp\/v2\/media?parent=2421"}],"wp:term":[{"taxonomy":"product_brand","embeddable":true,"href":"https:\/\/jnats.eu\/es\/wp-json\/wp\/v2\/product_brand?post=2421"},{"taxonomy":"product_cat","embeddable":true,"href":"https:\/\/jnats.eu\/es\/wp-json\/wp\/v2\/product_cat?post=2421"},{"taxonomy":"product_tag","embeddable":true,"href":"https:\/\/jnats.eu\/es\/wp-json\/wp\/v2\/product_tag?post=2421"}],"curies":[{"name":"wp","href":"https:\/\/api.w.org\/{rel}","templated":true}]}}