{"id":2434,"date":"2024-05-03T10:27:43","date_gmt":"2024-05-03T07:27:43","guid":{"rendered":"http:\/\/jnats.eu\/?post_type=product&#038;p=2434"},"modified":"2024-06-29T15:55:34","modified_gmt":"2024-06-29T12:55:34","slug":"narutaki-awasedo-maruichi-for-kamisori","status":"publish","type":"product","link":"https:\/\/jnats.eu\/es\/producto-2\/narutaki-awasedo-maruichi-for-kamisori\/","title":{"rendered":"NARUTAKI AWASEDO Maruichi para Kamisori\u00a0"},"content":{"rendered":"<p>Los narutak-toi son piedras finas obtenidas de las zonas de Narutaki, Umegahata y Takao.<\/p>\n\n\n\n<p>La piedra natural japonesa NARUTAKI AWASEDO Maruichi para Kamisori, especialmente seleccionada para el acabado del afilado de navajas, act\u00faa r\u00e1pidamente y libera una cantidad suficiente de su suspensi\u00f3n. No es necesaria una piedra m\u00e1s blanda (mikawa o tomo nagura) ni una placa de diamante desgastada para formar una suspensi\u00f3n.<\/p>\n\n\n\n<p>En la hoja de acero Aogami 2, la Hagane tiene un acabado de espejo, mientras que la Jigae, m\u00e1s suave, tiene un acabado plateado mate brillante.<\/p>\n\n\n\n<p>Las piedras de afilar de Narutaki se encuentran entre las mejores extra\u00eddas de Kioto desde hace casi 900 a\u00f1os. Durante la era samur\u00e1i, fue muy importante a nivel militar porque era un afilador de armas, por lo que durante cientos de a\u00f1os las monta\u00f1as estuvieron custodiadas por el emperador japon\u00e9s, los shogunes o el gobierno. S\u00f3lo la familia Honmu min\u00f3 la monta\u00f1a durante mucho tiempo. Narutaki-to se utiliza para afilar y pulir espadas japonesas, pero Kanna (cincel japon\u00e9s), obliamsl, Kamisori, etc. tambi\u00e9n permit\u00edan el uso de piedras m\u00e1s peque\u00f1as o inferiores.<\/p>\n\n\n\n<p>Una piedra de amolar natural tiene una escala de trabajo mayor que una artificial, por lo que no sabemos el resultado exacto hasta que terminamos de afilar. El abrasivo de las piedras de afilar artificiales no se descompone en tama\u00f1os m\u00e1s peque\u00f1os, y las part\u00edculas naturales se pueden descomponer en tama\u00f1os m\u00e1s peque\u00f1os, que se mezclan con la chatarra de acero para producir el acabado Jigane y Hagane adecuado.<\/p>","protected":false},"excerpt":{"rendered":"<ul>\n<li>Adecuado para el acabado de navajas, cuchillos, carpinter\u00eda y otras herramientas.<\/li>\n<li>Dimensiones aproximadas: 133x82x24 mm<\/li>\n<li>Peso: 609 gramos<\/li>\n<li>Dureza: Lv 5<\/li>\n<li>La superficie es lisa y lista para trabajar.<\/li>\n<\/ul>","protected":false},"featured_media":2439,"comment_status":"open","ping_status":"closed","template":"","meta":[],"product_brand":[],"product_cat":[22],"product_tag":[40,25,275,146],"class_list":{"0":"post-2434","1":"product","2":"type-product","3":"status-publish","4":"has-post-thumbnail","6":"product_cat-jnats","7":"product_tag-awasedo","8":"product_tag-kamisori","9":"product_tag-maruichi","10":"product_tag-narutaki","11":"product_shipping_class-iprastas","13":"first","14":"outofstock","15":"shipping-taxable","16":"purchasable","17":"product-type-simple"},"_links":{"self":[{"href":"https:\/\/jnats.eu\/es\/wp-json\/wp\/v2\/product\/2434","targetHints":{"allow":["GET"]}}],"collection":[{"href":"https:\/\/jnats.eu\/es\/wp-json\/wp\/v2\/product"}],"about":[{"href":"https:\/\/jnats.eu\/es\/wp-json\/wp\/v2\/types\/product"}],"replies":[{"embeddable":true,"href":"https:\/\/jnats.eu\/es\/wp-json\/wp\/v2\/comments?post=2434"}],"wp:featuredmedia":[{"embeddable":true,"href":"https:\/\/jnats.eu\/es\/wp-json\/wp\/v2\/media\/2439"}],"wp:attachment":[{"href":"https:\/\/jnats.eu\/es\/wp-json\/wp\/v2\/media?parent=2434"}],"wp:term":[{"taxonomy":"product_brand","embeddable":true,"href":"https:\/\/jnats.eu\/es\/wp-json\/wp\/v2\/product_brand?post=2434"},{"taxonomy":"product_cat","embeddable":true,"href":"https:\/\/jnats.eu\/es\/wp-json\/wp\/v2\/product_cat?post=2434"},{"taxonomy":"product_tag","embeddable":true,"href":"https:\/\/jnats.eu\/es\/wp-json\/wp\/v2\/product_tag?post=2434"}],"curies":[{"name":"wp","href":"https:\/\/api.w.org\/{rel}","templated":true}]}}