{"id":2442,"date":"2024-05-03T10:33:17","date_gmt":"2024-05-03T07:33:17","guid":{"rendered":"http:\/\/jnats.eu\/?post_type=product&#038;p=2442"},"modified":"2024-11-28T23:41:07","modified_gmt":"2024-11-28T21:41:07","slug":"narutaki-awasedo-maruichi-for-kamisori-2","status":"publish","type":"product","link":"https:\/\/jnats.eu\/es\/producto-2\/narutaki-awasedo-maruichi-for-kamisori-2\/","title":{"rendered":"Maruichi Maruka para Kamisori\u00a0"},"content":{"rendered":"<p>Los narutak-toi son piedras finas obtenidas de las zonas de Narutaki, Umegahata y Takao.<\/p>\n\n\n\n<p>La piedra natural japonesa NARUTAKI AWASEDO Maruichi Maruka para Kamisori, especialmente seleccionada para el acabado del afilado de navajas, trabaja r\u00e1pidamente y produce una cantidad suficiente de su suspensi\u00f3n. La suspensi\u00f3n no requiere una piedra m\u00e1s suave (mikawa o tomo nagura) o una placa de diamante desgastado.<\/p>\n\n\n\n<p>En la hoja de acero Aogami 2, la Hagane tiene un acabado de espejo, mientras que la Jigae, m\u00e1s suave, tiene un acabado plateado mate brillante.<\/p>\n\n\n\n<p>Las piedras de afilar de Narutaki se encuentran entre las mejores extra\u00eddas en Kioto desde hace casi 900 a\u00f1os. En la \u00e9poca de los samur\u00e1is era muy importante en el \u00e1mbito militar como afilador de armas, y durante cientos de a\u00f1os la monta\u00f1a estuvo custodiada por el emperador, el shogun o el gobierno japon\u00e9s. S\u00f3lo la familia Honma explot\u00f3 la monta\u00f1a durante mucho tiempo. Narutaki-to se utilizaba para afilar y pulir espadas japonesas, pero tambi\u00e9n se empleaban piedras m\u00e1s peque\u00f1as o de menor calidad para Kanna (cincel japon\u00e9s), cepillos, Kamisori, etc.<\/p>\n\n\n\n<p>Una piedra de amolar natural tiene una escala de trabajo mayor que una artificial, por lo que no sabemos el resultado exacto hasta que terminamos de afilar. El abrasivo de las piedras de afilar artificiales no se descompone en tama\u00f1os m\u00e1s peque\u00f1os, y las part\u00edculas naturales se pueden descomponer en tama\u00f1os m\u00e1s peque\u00f1os, que se mezclan con la chatarra de acero para producir el acabado Jigane y Hagane adecuado.<\/p>","protected":false},"excerpt":{"rendered":"<ul>\n<li>Adecuado para el acabado de navajas, cuchillos, carpinter\u00eda y otras herramientas.<\/li>\n<li>Dimensiones aproximadas: 144x84x28 mm<\/li>\n<li>Peso: 857 gramos<\/li>\n<li>Dureza: Lv 5<\/li>\n<li>La superficie es lisa y lista para trabajar.<\/li>\n<\/ul>","protected":false},"featured_media":2444,"comment_status":"open","ping_status":"closed","template":"","meta":[],"product_brand":[],"product_cat":[22],"product_tag":[40,275],"class_list":{"0":"post-2442","1":"product","2":"type-product","3":"status-publish","4":"has-post-thumbnail","6":"product_cat-jnats","7":"product_tag-awasedo","8":"product_tag-maruichi","9":"product_shipping_class-iprastas","11":"first","12":"outofstock","13":"shipping-taxable","14":"purchasable","15":"product-type-simple"},"_links":{"self":[{"href":"https:\/\/jnats.eu\/es\/wp-json\/wp\/v2\/product\/2442","targetHints":{"allow":["GET"]}}],"collection":[{"href":"https:\/\/jnats.eu\/es\/wp-json\/wp\/v2\/product"}],"about":[{"href":"https:\/\/jnats.eu\/es\/wp-json\/wp\/v2\/types\/product"}],"replies":[{"embeddable":true,"href":"https:\/\/jnats.eu\/es\/wp-json\/wp\/v2\/comments?post=2442"}],"wp:featuredmedia":[{"embeddable":true,"href":"https:\/\/jnats.eu\/es\/wp-json\/wp\/v2\/media\/2444"}],"wp:attachment":[{"href":"https:\/\/jnats.eu\/es\/wp-json\/wp\/v2\/media?parent=2442"}],"wp:term":[{"taxonomy":"product_brand","embeddable":true,"href":"https:\/\/jnats.eu\/es\/wp-json\/wp\/v2\/product_brand?post=2442"},{"taxonomy":"product_cat","embeddable":true,"href":"https:\/\/jnats.eu\/es\/wp-json\/wp\/v2\/product_cat?post=2442"},{"taxonomy":"product_tag","embeddable":true,"href":"https:\/\/jnats.eu\/es\/wp-json\/wp\/v2\/product_tag?post=2442"}],"curies":[{"name":"wp","href":"https:\/\/api.w.org\/{rel}","templated":true}]}}