{"id":2458,"date":"2024-05-03T11:07:28","date_gmt":"2024-05-03T08:07:28","guid":{"rendered":"http:\/\/jnats.eu\/?post_type=product&#038;p=2458"},"modified":"2024-06-24T12:41:55","modified_gmt":"2024-06-24T09:41:55","slug":"maruoyama-kurato-black-lotus","status":"publish","type":"product","link":"https:\/\/jnats.eu\/es\/producto-2\/maruoyama-kurato-black-lotus\/","title":{"rendered":"Loto negro de Maruoyama Kurato"},"content":{"rendered":"<p>Maruoyama Kurato Black Lotus es adecuado para el afilado final de todo tipo de herramientas como cuchillos, cepilladoras, cinceles, navajas, cuchillos, etc. F\u00e1cil de afilar, se puede terminar r\u00e1pidamente y luego cortar con la herramienta durante mucho tiempo. <\/p>\n\n\n\n<p>La mina Maruo est\u00e1 situada en las monta\u00f1as Tanba. Ubicada en el noroeste de la ciudad de Kameoka, la monta\u00f1a de piedra natural llamada Nishimono es relativamente nueva y ha sido extra\u00edda desde la era Meiji. Hab\u00eda aproximadamente 500 entradas de piedra principales y combinadas, grandes y peque\u00f1as, en un radio de 3 km del sitio. Uno de ellos es el monte Maruo, donde actualmente la familia t\u00e1rtara explota la miner\u00eda. <\/p>\n\n\n\n<p>Shoji de tercera generaci\u00f3n y Yozo de cuarta generaci\u00f3n comenzaron a extraer minas en 1970. La mina contiene las capas Suita y Tomae formadas por Honguchi, y hoy en d\u00eda todav\u00eda se extraen piedras con acabado de alta calidad. Se lleva a cabo una miner\u00eda totalmente subterr\u00e1nea, lo cual es muy raro en la actualidad.<\/p>","protected":false},"excerpt":{"rendered":"<ul>\n<li>Adecuado para el acabado de navajas, cuchillos, carpinter\u00eda y otras herramientas.<\/li>\n<li>Dimensiones aproximadas: 142x64x38 mm<\/li>\n<li>Peso: 750 gramos<\/li>\n<li>Dureza: Nivel 4,5<\/li>\n<li>La superficie es lisa y lista para trabajar.<\/li>\n<\/ul>","protected":false},"featured_media":2466,"comment_status":"open","ping_status":"closed","template":"","meta":[],"product_brand":[],"product_cat":[22],"product_tag":[277,233],"class_list":{"0":"post-2458","1":"product","2":"type-product","3":"status-publish","4":"has-post-thumbnail","6":"product_cat-jnats","7":"product_tag-lotus","8":"product_tag-maruoyama","9":"product_shipping_class-iprastas","11":"first","12":"outofstock","13":"shipping-taxable","14":"purchasable","15":"product-type-simple"},"_links":{"self":[{"href":"https:\/\/jnats.eu\/es\/wp-json\/wp\/v2\/product\/2458","targetHints":{"allow":["GET"]}}],"collection":[{"href":"https:\/\/jnats.eu\/es\/wp-json\/wp\/v2\/product"}],"about":[{"href":"https:\/\/jnats.eu\/es\/wp-json\/wp\/v2\/types\/product"}],"replies":[{"embeddable":true,"href":"https:\/\/jnats.eu\/es\/wp-json\/wp\/v2\/comments?post=2458"}],"wp:featuredmedia":[{"embeddable":true,"href":"https:\/\/jnats.eu\/es\/wp-json\/wp\/v2\/media\/2466"}],"wp:attachment":[{"href":"https:\/\/jnats.eu\/es\/wp-json\/wp\/v2\/media?parent=2458"}],"wp:term":[{"taxonomy":"product_brand","embeddable":true,"href":"https:\/\/jnats.eu\/es\/wp-json\/wp\/v2\/product_brand?post=2458"},{"taxonomy":"product_cat","embeddable":true,"href":"https:\/\/jnats.eu\/es\/wp-json\/wp\/v2\/product_cat?post=2458"},{"taxonomy":"product_tag","embeddable":true,"href":"https:\/\/jnats.eu\/es\/wp-json\/wp\/v2\/product_tag?post=2458"}],"curies":[{"name":"wp","href":"https:\/\/api.w.org\/{rel}","templated":true}]}}