{"id":2468,"date":"2024-05-03T11:12:03","date_gmt":"2024-05-03T08:12:03","guid":{"rendered":"http:\/\/jnats.eu\/?post_type=product&#038;p=2468"},"modified":"2025-09-09T08:41:05","modified_gmt":"2025-09-09T05:41:05","slug":"maruoyama-shin-ogami","status":"publish","type":"product","link":"https:\/\/jnats.eu\/es\/producto-2\/maruoyama-shin-ogami\/","title":{"rendered":"Maruoyama Shin Ogami"},"content":{"rendered":"<p>Maruoyama Shin Ogami es adecuado para el acabado del afilado de todo tipo de herramientas como cuchillos, cepilladoras, cinceles, navajas, etc. Es f\u00e1cil de afilar, puede terminar bien y r\u00e1pidamente y luego cortar con la herramienta durante mucho tiempo.<\/p>\n\n\n\n<p>La mina Maruo est\u00e1 situada en las monta\u00f1as Tanba. Ubicada en el noroeste de la ciudad de Kameoka, la monta\u00f1a de piedra natural llamada Nishimono es relativamente nueva y su extracci\u00f3n comenz\u00f3 en la era Meiji (Fecha de finalizaci\u00f3n: 30 de julio de 1912, Fecha de inicio: 25 de enero de 1868). Hab\u00eda aproximadamente 500 entradas de piedra principales y combinadas, grandes y peque\u00f1as, en un radio de 3 km del sitio. Uno de ellos es el monte Maruo, donde actualmente la familia t\u00e1rtara explota la miner\u00eda.<\/p>\n\n\n\n<p>Shoji de tercera generaci\u00f3n y Yozo de cuarta generaci\u00f3n comenzaron a extraer minas en 1970. La mina contiene las capas Suita y Tomae formadas por Honguchi, y hoy en d\u00eda todav\u00eda se extraen piedras con acabado tallado de alta calidad. Se lleva a cabo una miner\u00eda totalmente subterr\u00e1nea, lo cual es muy raro en la actualidad.<\/p>","protected":false},"excerpt":{"rendered":"<ul>\n<li>Adecuado para el acabado de navajas, cuchillos, carpinter\u00eda y otras herramientas.<\/li>\n<li>Dimensiones: 196x40x67mm<\/li>\n<li>Peso: 1060 gramos<\/li>\n<li>Dureza: Lv 4<\/li>\n<li>La superficie es lisa y lista para trabajar.<\/li>\n<\/ul>","protected":false},"featured_media":2471,"comment_status":"open","ping_status":"closed","template":"","meta":[],"product_brand":[],"product_cat":[22],"product_tag":[233],"class_list":{"0":"post-2468","1":"product","2":"type-product","3":"status-publish","4":"has-post-thumbnail","6":"product_cat-jnats","7":"product_tag-maruoyama","8":"product_shipping_class-iprastas","10":"first","11":"instock","12":"sale","13":"shipping-taxable","14":"purchasable","15":"product-type-simple"},"_links":{"self":[{"href":"https:\/\/jnats.eu\/es\/wp-json\/wp\/v2\/product\/2468","targetHints":{"allow":["GET"]}}],"collection":[{"href":"https:\/\/jnats.eu\/es\/wp-json\/wp\/v2\/product"}],"about":[{"href":"https:\/\/jnats.eu\/es\/wp-json\/wp\/v2\/types\/product"}],"replies":[{"embeddable":true,"href":"https:\/\/jnats.eu\/es\/wp-json\/wp\/v2\/comments?post=2468"}],"wp:featuredmedia":[{"embeddable":true,"href":"https:\/\/jnats.eu\/es\/wp-json\/wp\/v2\/media\/2471"}],"wp:attachment":[{"href":"https:\/\/jnats.eu\/es\/wp-json\/wp\/v2\/media?parent=2468"}],"wp:term":[{"taxonomy":"product_brand","embeddable":true,"href":"https:\/\/jnats.eu\/es\/wp-json\/wp\/v2\/product_brand?post=2468"},{"taxonomy":"product_cat","embeddable":true,"href":"https:\/\/jnats.eu\/es\/wp-json\/wp\/v2\/product_cat?post=2468"},{"taxonomy":"product_tag","embeddable":true,"href":"https:\/\/jnats.eu\/es\/wp-json\/wp\/v2\/product_tag?post=2468"}],"curies":[{"name":"wp","href":"https:\/\/api.w.org\/{rel}","templated":true}]}}