{"id":2501,"date":"2024-05-03T12:24:14","date_gmt":"2024-05-03T09:24:14","guid":{"rendered":"http:\/\/jnats.eu\/?post_type=product&#038;p=2501"},"modified":"2025-10-08T12:27:10","modified_gmt":"2025-10-08T09:27:10","slug":"narutaki-asagi-awasedo","status":"publish","type":"product","link":"https:\/\/jnats.eu\/es\/producto-2\/narutaki-asagi-awasedo\/","title":{"rendered":"Narutaki Asagi Awasedo"},"content":{"rendered":"<p>Homog\u00e9neo y con una forma ideal, Narutaki Asagi Awasedo es adecuado para el acabado de afilado de cualquier herramienta y tiene buena velocidad y uniformidad de trabajo.<\/p>\n\n\n\n<p><strong>Naruto (\u9cf4\u7027, \u9cf4\u6edd)<\/strong><br>Una mina oriental que produce piedras de terminaci\u00f3n que togishi considera bien para jizuya. Curiosamente, el mismo t\u00e9rmino se utiliza a menudo para describir la regi\u00f3n donde se extraen las piedras de las minas orientales. Las piedras de la mina Hon-Narutaki rara vez se ven en el comercio hoy en d\u00eda.<\/p>","protected":false},"excerpt":{"rendered":"<ul>\n<li>Adecuado para el acabado de navajas, cuchillos, tijeras, carpinter\u00eda y otras herramientas.<\/li>\n<li>Dimensiones: 205x76x44mm<\/li>\n<li>Peso: 1697 gramos<\/li>\n<li>Dureza: Lv 4.8<\/li>\n<li>Ambas partes est\u00e1n listas para trabajar. Se ven agujeros en uno de ellos. <em>con, que aceleran el trabajo, pero no son deseables para las afeitadoras debido a la posibilidad de da\u00f1ar la delicada hoja.<\/em><\/li>\n<li>Recomendamos trabajar con agua caliente, ya que el agua fr\u00eda reduce la velocidad y la respuesta.<\/li>\n<\/ul>","protected":false},"featured_media":2502,"comment_status":"open","ping_status":"closed","template":"","meta":[],"product_brand":[],"product_cat":[22],"product_tag":[45,40,146],"class_list":{"0":"post-2501","1":"product","2":"type-product","3":"status-publish","4":"has-post-thumbnail","6":"product_cat-jnats","7":"product_tag-asagi","8":"product_tag-awasedo","9":"product_tag-narutaki","10":"product_shipping_class-iprastas","12":"first","13":"outofstock","14":"sale","15":"shipping-taxable","16":"purchasable","17":"product-type-simple"},"_links":{"self":[{"href":"https:\/\/jnats.eu\/es\/wp-json\/wp\/v2\/product\/2501","targetHints":{"allow":["GET"]}}],"collection":[{"href":"https:\/\/jnats.eu\/es\/wp-json\/wp\/v2\/product"}],"about":[{"href":"https:\/\/jnats.eu\/es\/wp-json\/wp\/v2\/types\/product"}],"replies":[{"embeddable":true,"href":"https:\/\/jnats.eu\/es\/wp-json\/wp\/v2\/comments?post=2501"}],"wp:featuredmedia":[{"embeddable":true,"href":"https:\/\/jnats.eu\/es\/wp-json\/wp\/v2\/media\/2502"}],"wp:attachment":[{"href":"https:\/\/jnats.eu\/es\/wp-json\/wp\/v2\/media?parent=2501"}],"wp:term":[{"taxonomy":"product_brand","embeddable":true,"href":"https:\/\/jnats.eu\/es\/wp-json\/wp\/v2\/product_brand?post=2501"},{"taxonomy":"product_cat","embeddable":true,"href":"https:\/\/jnats.eu\/es\/wp-json\/wp\/v2\/product_cat?post=2501"},{"taxonomy":"product_tag","embeddable":true,"href":"https:\/\/jnats.eu\/es\/wp-json\/wp\/v2\/product_tag?post=2501"}],"curies":[{"name":"wp","href":"https:\/\/api.w.org\/{rel}","templated":true}]}}