{"id":2509,"date":"2024-05-03T12:31:41","date_gmt":"2024-05-03T09:31:41","guid":{"rendered":"http:\/\/jnats.eu\/?post_type=product&#038;p=2509"},"modified":"2025-09-19T08:00:58","modified_gmt":"2025-09-19T05:00:58","slug":"narutaki-suita","status":"publish","type":"product","link":"https:\/\/jnats.eu\/es\/producto-2\/narutaki-suita\/","title":{"rendered":"traje de naruto"},"content":{"rendered":"<p>Homog\u00e9neo y con una forma ideal, Narutaki Suita es adecuado para el acabado de afilado de cualquier herramienta y tiene una velocidad y uniformidad de trabajo medias.<\/p>\n\n\n\n<p><strong>Naruto (\u9cf4\u7027, \u9cf4\u6edd)<\/strong><br>Una mina oriental que produce piedras de terminaci\u00f3n que togishi considera bien para jizuya. Curiosamente, el mismo t\u00e9rmino se utiliza a menudo para describir la regi\u00f3n donde se extraen las piedras de las minas orientales. Las piedras de la mina Hon-Narutaki rara vez se ven en el comercio hoy en d\u00eda.<\/p>","protected":false},"excerpt":{"rendered":"<ul>\n<li>Adecuado para cuchillos de acabado, tijeras, carpinter\u00eda y otras herramientas.<\/li>\n<li>Dimensiones: 213x37x35mm<\/li>\n<li>Peso: 677 gramos<\/li>\n<li>Dureza: Lv 4.8<\/li>\n<li>Alisado y listo para usar.<\/li>\n<li>Recomendamos trabajar con agua caliente, ya que el agua fr\u00eda reduce la velocidad y la respuesta.<\/li>\n<\/ul>","protected":false},"featured_media":2511,"comment_status":"open","ping_status":"closed","template":"","meta":[],"product_brand":[],"product_cat":[22],"product_tag":[146,50],"class_list":{"0":"post-2509","1":"product","2":"type-product","3":"status-publish","4":"has-post-thumbnail","6":"product_cat-jnats","7":"product_tag-narutaki","8":"product_tag-suita","9":"product_shipping_class-iprastas","11":"first","12":"outofstock","13":"sale","14":"shipping-taxable","15":"purchasable","16":"product-type-simple"},"_links":{"self":[{"href":"https:\/\/jnats.eu\/es\/wp-json\/wp\/v2\/product\/2509","targetHints":{"allow":["GET"]}}],"collection":[{"href":"https:\/\/jnats.eu\/es\/wp-json\/wp\/v2\/product"}],"about":[{"href":"https:\/\/jnats.eu\/es\/wp-json\/wp\/v2\/types\/product"}],"replies":[{"embeddable":true,"href":"https:\/\/jnats.eu\/es\/wp-json\/wp\/v2\/comments?post=2509"}],"wp:featuredmedia":[{"embeddable":true,"href":"https:\/\/jnats.eu\/es\/wp-json\/wp\/v2\/media\/2511"}],"wp:attachment":[{"href":"https:\/\/jnats.eu\/es\/wp-json\/wp\/v2\/media?parent=2509"}],"wp:term":[{"taxonomy":"product_brand","embeddable":true,"href":"https:\/\/jnats.eu\/es\/wp-json\/wp\/v2\/product_brand?post=2509"},{"taxonomy":"product_cat","embeddable":true,"href":"https:\/\/jnats.eu\/es\/wp-json\/wp\/v2\/product_cat?post=2509"},{"taxonomy":"product_tag","embeddable":true,"href":"https:\/\/jnats.eu\/es\/wp-json\/wp\/v2\/product_tag?post=2509"}],"curies":[{"name":"wp","href":"https:\/\/api.w.org\/{rel}","templated":true}]}}