{"id":2548,"date":"2024-05-05T09:18:48","date_gmt":"2024-05-05T06:18:48","guid":{"rendered":"http:\/\/jnats.eu\/?post_type=product&#038;p=2548"},"modified":"2024-06-22T10:01:37","modified_gmt":"2024-06-22T07:01:37","slug":"sungari-kiniskas-naturalus-galandimo-akmuo","status":"publish","type":"product","link":"https:\/\/jnats.eu\/es\/producto-2\/sungari-kiniskas-naturalus-galandimo-akmuo\/","title":{"rendered":"Piedra de afilar natural china Sungari"},"content":{"rendered":"<ul class=\"wp-block-list\">\n<li>Dimensiones: 201x69x27mm<\/li>\n\n\n\n<li>Peso: 1070 gramos<\/li>\n\n\n\n<li>Dureza: Lv 5<\/li>\n\n\n\n<li>Grano aproximadamente #3000<\/li>\n\n\n\n<li>Las l\u00edneas son seguras<\/li>\n\n\n\n<li>Adecuado para el acabado de cuchillos y herramientas. La piedra es muy homog\u00e9nea, pero en comparaci\u00f3n con las japonesas, funciona lentamente. Ambas partes est\u00e1n listas para trabajar.<\/li>\n<\/ul>","protected":false},"excerpt":{"rendered":"<ul>\n<li>Dimensiones: 201x69x27mm<\/li>\n<li>Peso: 1070 gramos<\/li>\n<li>Dureza: Lv 5<\/li>\n<li>Grano aproximadamente #3000<\/li>\n<li>Las l\u00edneas son seguras<\/li>\n<li>Adecuado para el acabado de cuchillos y herramientas. La piedra es muy homog\u00e9nea, pero en comparaci\u00f3n con las japonesas, funciona lentamente. Ambas partes est\u00e1n listas para trabajar.<\/li>\n<\/ul>","protected":false},"featured_media":2549,"comment_status":"open","ping_status":"closed","template":"","meta":[],"product_brand":[],"product_cat":[22],"product_tag":[281],"class_list":{"0":"post-2548","1":"product","2":"type-product","3":"status-publish","4":"has-post-thumbnail","6":"product_cat-jnats","7":"product_tag-sungari","8":"product_shipping_class-iprastas","10":"first","11":"outofstock","12":"shipping-taxable","13":"purchasable","14":"product-type-simple"},"_links":{"self":[{"href":"https:\/\/jnats.eu\/es\/wp-json\/wp\/v2\/product\/2548","targetHints":{"allow":["GET"]}}],"collection":[{"href":"https:\/\/jnats.eu\/es\/wp-json\/wp\/v2\/product"}],"about":[{"href":"https:\/\/jnats.eu\/es\/wp-json\/wp\/v2\/types\/product"}],"replies":[{"embeddable":true,"href":"https:\/\/jnats.eu\/es\/wp-json\/wp\/v2\/comments?post=2548"}],"wp:featuredmedia":[{"embeddable":true,"href":"https:\/\/jnats.eu\/es\/wp-json\/wp\/v2\/media\/2549"}],"wp:attachment":[{"href":"https:\/\/jnats.eu\/es\/wp-json\/wp\/v2\/media?parent=2548"}],"wp:term":[{"taxonomy":"product_brand","embeddable":true,"href":"https:\/\/jnats.eu\/es\/wp-json\/wp\/v2\/product_brand?post=2548"},{"taxonomy":"product_cat","embeddable":true,"href":"https:\/\/jnats.eu\/es\/wp-json\/wp\/v2\/product_cat?post=2548"},{"taxonomy":"product_tag","embeddable":true,"href":"https:\/\/jnats.eu\/es\/wp-json\/wp\/v2\/product_tag?post=2548"}],"curies":[{"name":"wp","href":"https:\/\/api.w.org\/{rel}","templated":true}]}}