{"id":2558,"date":"2024-05-05T09:44:49","date_gmt":"2024-05-05T06:44:49","guid":{"rendered":"http:\/\/jnats.eu\/?post_type=product&#038;p=2558"},"modified":"2024-07-19T15:51:05","modified_gmt":"2024-07-19T12:51:05","slug":"techninis-jaspis-jasma-rusiskas-naturalus-galandimo-akmuo-2","status":"publish","type":"product","link":"https:\/\/jnats.eu\/es\/producto-2\/techninis-jaspis-jasma-rusiskas-naturalus-galandimo-akmuo-2\/","title":{"rendered":"Jaspe t\u00e9cnico (Ja\u0161ma) Piedra de afilar natural rusa"},"content":{"rendered":"<p>El jaspe t\u00e9cnico (ja\u0161ma - \u044f\u0448\u043c\u0430) es una piedra de moler de color verde o verde oscuro. Es una de las variedades secretoras de rocas cristalinas, compuesta principalmente por cuarzo, calcedonia e impurezas de otros minerales (epidota, actinolita, clorita, mica, pirita, \u00f3xidos e hidr\u00f3xidos de hierro y manganeso). Jasper es de origen sedimentario o volc\u00e1nico. Composici\u00f3n aproximada del jaspe: cuarzo y calcedonia (SiO2) 80-95%; \u00f3xido de aluminio (Al2O3) y \u00f3xido de hierro (Fe2O3) hasta 15 %; \u00f3xido de calcio (CaO) - 3-6% (y otros). Cabe se\u00f1alar que el cuarzo y la calcedonia tienen la misma f\u00f3rmula qu\u00edmica (SiO2) y se diferencian entre s\u00ed s\u00f3lo en apariencia.<\/p>\n\n\n\n<p>El jaspe industrial se extrae en \u00e1reas donde se encuentran rocas escamosas o en capas. El jaspe t\u00e9cnico incluye principalmente cuarzo y calcedonia-cuarzo, que son variedades de jaspe bandeado o bandeado. Muy a menudo, este tipo de jaspe tiene un color verde, que est\u00e1 directamente relacionado con el color del lodo que emiten los volcanes submarinos. A lo largo de millones de a\u00f1os, hicieron erupci\u00f3n a trav\u00e9s de grandes cantidades de s\u00edlice en forma de lava, luego se asentaron como s\u00edlice y luego, tambi\u00e9n durante millones de a\u00f1os, sufrieron un proceso de recristalizaci\u00f3n. El jaspe tambi\u00e9n puede tener un origen secundario a partir de materias primas org\u00e1nicas. Un ejemplo son los \u00e1rboles petrificados que se han transformado a lo largo de millones de a\u00f1os en diversas formas de cuarzo, incluido el jaspe. Adem\u00e1s, la formaci\u00f3n secundaria de jaspe puede ocurrir a partir de ciertos tipos de organismos vivos: esponjas, algas, etc.<\/p>\n\n\n\n<p>A diferencia de otros tipos de jaspe, el jaspe industrial tiene una densidad mucho mayor porque generalmente consta de 80-90% de cuarzo y 10-15% de clorita (un mineral similar a la mica de la subclase de silicato en capas) con una mezcla de epidota. , tiosita y arcilla. Jasper tiene una fractura peinada, similar en apariencia a la superficie interna de las conchas. Adem\u00e1s del jaspe com\u00fan, el jaspe manchado tambi\u00e9n se clasifica como jaspe t\u00e9cnico. Seg\u00fan el n\u00famero y la densidad de las manchas, los jaspes manchados se dividen en varios tipos: con manchas d\u00e9biles, densos, borrosos, con manchas amarillas, etc. Al mismo tiempo, un menor n\u00famero de manchas indica una mayor uniformidad del jaspe, lo que est\u00e1 directamente relacionado con su eficiencia laboral.<\/p>\n\n\n\n<p><em>Cuanto m\u00e1s uniforme sea el jaspe, mejor ser\u00e1 la calidad de la piedra de afilar, m\u00e1s afilada ser\u00e1 la l\u00ednea y m\u00e1s agresivo ser\u00e1 el corte del cuchillo tras el afilado.<\/em><\/p>\n\n\n\n<p>En la industria, el jaspe t\u00e9cnico se utiliza principalmente como materia prima, as\u00ed como como piedras de acabado y decorativas. De hecho, las piedras preciosas de menor calidad, no aptas para artesan\u00edas, souvenirs y vajillas, se denominan &quot;jaspes t\u00e9cnicos&quot;. A partir de ellos se fabrican ejes de procesamiento, copas, prismas de soporte para instrumentos de medici\u00f3n, etc. Este tipo de jaspe se caracteriza por su m\u00e1xima resistencia, dureza, uniformidad y, lo m\u00e1s importante, la repetibilidad de las propiedades de la piedra extra\u00edda en un solo dep\u00f3sito.<br>En Rusia hay bastantes yacimientos industriales de jaspe. Los jaspes grises y verde gris\u00e1ceo se extraen en el dep\u00f3sito de Kalkan, los dep\u00f3sitos de Kushkuldinskoye, Anastasevskoye, Muldakaevskoye, Malomuinakovskoye y Naurazovskoye, donde se encuentran jaspe de otros tonos, tambi\u00e9n se consideran bastante grandes. En el extranjero existen yacimientos de jaspe industrial en India, Jap\u00f3n, Alemania, Francia, Uzbekist\u00e1n y Tayikist\u00e1n.<\/p>\n\n\n\n<p>En el afilado se utiliza el jaspe industrial como piedra de acabado y pulido. Muestra la mayor eficiencia cuando se trabaja con acero al carbono como Aogami, Shirogami, R6M5, U7, 65G, etc. Despu\u00e9s del jaspe, obtienen una superficie mate uniforme con un corte agresivo. La piedra tambi\u00e9n afila aceros en polvo RWL, CPM S 35VN, S30V, ELMAX con una dureza de hasta 63HRC. La piedra est\u00e1 dise\u00f1ada para trabajar con aceite, pero tambi\u00e9n puede funcionar con agua. Sin embargo, trabajar con agua da como resultado una superficie de hoja m\u00e1s rugosa que con aceite. Los afiladores experimentados, al comparar el jaspe t\u00e9cnico con el washita o el Arkansas, notan el trabajo m\u00e1s fino de estas piedras y el corte m\u00e1s afilado del cuchillo despu\u00e9s del afilado. El cuchillo con acabado t\u00e9cnico de afilado jaspe proporciona los m\u00e1ximos resultados al trabajar con madera, carne y otros materiales densos.<\/p>\n\n\n\n<p>El jaspe t\u00e9cnico no est\u00e1 clasificado como una piedra rara que s\u00f3lo pueden adquirir los profesionales del afilado. Es una piedra com\u00fan y ampliamente vendida. Jasper se vende tanto en rect\u00e1ngulos grandes para afilar a mano como en piezas de tama\u00f1o &quot;apexoide&quot; para portaabrasivos est\u00e1ndar. Habiendo superado un largo viaje de varios siglos, todav\u00eda no renuncia a su puesto.<\/p>","protected":false},"excerpt":{"rendered":"<ul>\n<li>Dimensiones: 171x39x18mm<\/li>\n<li>Peso: 322 gramos<\/li>\n<li>Dureza: Nivel 5+++<\/li>\n<li>Adecuado para el acabado de navajas, cuchillos y herramientas.<\/li>\n<li>La piedra es muy homog\u00e9nea, sin l\u00edneas t\u00f3xicas.<\/li>\n<li>Ambas partes est\u00e1n listas para trabajar.<\/li>\n<li>Utilizado en la URSS como alternativa a las piedras transl\u00facidas de Arkansas. Es recomendable trabajar con grasa, pero tambi\u00e9n es posible con agua. Una piedra de desgaste muy, muy lento y por tanto dif\u00edcil de nivelar.<\/li>\n<\/ul>","protected":false},"featured_media":2561,"comment_status":"open","ping_status":"closed","template":"","meta":[],"product_brand":[],"product_cat":[22],"product_tag":[282],"class_list":{"0":"post-2558","1":"product","2":"type-product","3":"status-publish","4":"has-post-thumbnail","6":"product_cat-jnats","7":"product_tag-jaspis","8":"product_shipping_class-iprastas","10":"first","11":"outofstock","12":"shipping-taxable","13":"purchasable","14":"product-type-simple"},"_links":{"self":[{"href":"https:\/\/jnats.eu\/es\/wp-json\/wp\/v2\/product\/2558","targetHints":{"allow":["GET"]}}],"collection":[{"href":"https:\/\/jnats.eu\/es\/wp-json\/wp\/v2\/product"}],"about":[{"href":"https:\/\/jnats.eu\/es\/wp-json\/wp\/v2\/types\/product"}],"replies":[{"embeddable":true,"href":"https:\/\/jnats.eu\/es\/wp-json\/wp\/v2\/comments?post=2558"}],"wp:featuredmedia":[{"embeddable":true,"href":"https:\/\/jnats.eu\/es\/wp-json\/wp\/v2\/media\/2561"}],"wp:attachment":[{"href":"https:\/\/jnats.eu\/es\/wp-json\/wp\/v2\/media?parent=2558"}],"wp:term":[{"taxonomy":"product_brand","embeddable":true,"href":"https:\/\/jnats.eu\/es\/wp-json\/wp\/v2\/product_brand?post=2558"},{"taxonomy":"product_cat","embeddable":true,"href":"https:\/\/jnats.eu\/es\/wp-json\/wp\/v2\/product_cat?post=2558"},{"taxonomy":"product_tag","embeddable":true,"href":"https:\/\/jnats.eu\/es\/wp-json\/wp\/v2\/product_tag?post=2558"}],"curies":[{"name":"wp","href":"https:\/\/api.w.org\/{rel}","templated":true}]}}