{"id":2563,"date":"2024-05-05T09:55:23","date_gmt":"2024-05-05T06:55:23","guid":{"rendered":"http:\/\/jnats.eu\/?post_type=product&#038;p=2563"},"modified":"2024-05-09T18:05:01","modified_gmt":"2024-05-09T15:05:01","slug":"vokiskas-naturalus-galandinimo-akmuo-echter-wasser-abziehstein-genuine-water-hone","status":"publish","type":"product","link":"https:\/\/jnats.eu\/es\/producto-2\/vokiskas-naturalus-galandinimo-akmuo-echter-wasser-abziehstein-genuine-water-hone\/","title":{"rendered":"Piedra de afilar natural alemana Echter Wasser-Abziehstein Genuine Water hone"},"content":{"rendered":"<p>Echter Wasser-Abziehstein Afilador de agua genuino para maquinillas de afeitar, cuchillos y herramientas con nagura. <\/p>\n\n\n\n<p>M\u00fcller Schleifechnik. Hecho en Alemania. <\/p>\n\n\n\n<p>Piedra de amolar natural alemana de grano fino para afilar navajas y bistur\u00edes. Adecuado para usar con grandes cantidades de agua.<\/p>","protected":false},"excerpt":{"rendered":"<ul>\n<li>Dimensiones: 200x50x20mm<\/li>\n<li>Peso: 570 gramos<\/li>\n<li>Dureza: Lv 4<\/li>\n<li>Adecuado para el acabado de navajas, cuchillos y herramientas.<\/li>\n<li>La piedra es muy homog\u00e9nea, sin l\u00edneas t\u00f3xicas.<\/li>\n<li>Ambas partes est\u00e1n listas para trabajar.<\/li>\n<\/ul>","protected":false},"featured_media":2564,"comment_status":"open","ping_status":"closed","template":"","meta":[],"product_brand":[],"product_cat":[22],"product_tag":[283],"class_list":{"0":"post-2563","1":"product","2":"type-product","3":"status-publish","4":"has-post-thumbnail","6":"product_cat-jnats","7":"product_tag-echter","8":"product_shipping_class-iprastas","10":"first","11":"outofstock","12":"shipping-taxable","13":"purchasable","14":"product-type-simple"},"_links":{"self":[{"href":"https:\/\/jnats.eu\/es\/wp-json\/wp\/v2\/product\/2563","targetHints":{"allow":["GET"]}}],"collection":[{"href":"https:\/\/jnats.eu\/es\/wp-json\/wp\/v2\/product"}],"about":[{"href":"https:\/\/jnats.eu\/es\/wp-json\/wp\/v2\/types\/product"}],"replies":[{"embeddable":true,"href":"https:\/\/jnats.eu\/es\/wp-json\/wp\/v2\/comments?post=2563"}],"wp:featuredmedia":[{"embeddable":true,"href":"https:\/\/jnats.eu\/es\/wp-json\/wp\/v2\/media\/2564"}],"wp:attachment":[{"href":"https:\/\/jnats.eu\/es\/wp-json\/wp\/v2\/media?parent=2563"}],"wp:term":[{"taxonomy":"product_brand","embeddable":true,"href":"https:\/\/jnats.eu\/es\/wp-json\/wp\/v2\/product_brand?post=2563"},{"taxonomy":"product_cat","embeddable":true,"href":"https:\/\/jnats.eu\/es\/wp-json\/wp\/v2\/product_cat?post=2563"},{"taxonomy":"product_tag","embeddable":true,"href":"https:\/\/jnats.eu\/es\/wp-json\/wp\/v2\/product_tag?post=2563"}],"curies":[{"name":"wp","href":"https:\/\/api.w.org\/{rel}","templated":true}]}}