{"id":2567,"date":"2024-05-05T10:13:50","date_gmt":"2024-05-05T07:13:50","guid":{"rendered":"http:\/\/jnats.eu\/?post_type=product&#038;p=2567"},"modified":"2024-06-29T15:55:34","modified_gmt":"2024-06-29T12:55:34","slug":"charnley-forest-naturalus-britiskas-galandimo-akmuo","status":"publish","type":"product","link":"https:\/\/jnats.eu\/es\/producto-2\/charnley-forest-naturalus-britiskas-galandimo-akmuo\/","title":{"rendered":"Piedra de afilar brit\u00e1nica natural Charnley Forest"},"content":{"rendered":"<p>La piedra de afilar brit\u00e1nica natural Charnley Forest es muy dura y muy fina, lo que la hace perfecta para terminar el afilado de navajas. Charnley Forest es novacul\u00edtico y similar a las rocas de Arkansas. Recomendamos trabajar con grasa, pero tambi\u00e9n es posible con agua.<\/p>\n\n\n\n<p>En una caja de madera de la que se puede sacar la piedra f\u00e1cilmente. Las l\u00edneas marrones son ligeramente m\u00e1s rugosas que el resto de la superficie.<\/p>","protected":false},"excerpt":{"rendered":"<ul>\n<li>Dimensiones aproximadas: 285x48x30 mm<\/li>\n<li>Peso sin caja: 986 g<\/li>\n<li>Peso con caja: 1657 g<\/li>\n<li>Dureza: Lv 5<\/li>\n<li>Adecuado para el acabado de cuchillos y herramientas. Evitar las manchas marrones tambi\u00e9n puede acabar con las afeitadoras.<\/li>\n<li>Recomendamos trabajar con grasa, pero tambi\u00e9n es posible con agua.<\/li>\n<\/ul>","protected":false},"featured_media":2569,"comment_status":"open","ping_status":"closed","template":"","meta":[],"product_brand":[],"product_cat":[22],"product_tag":[284],"class_list":{"0":"post-2567","1":"product","2":"type-product","3":"status-publish","4":"has-post-thumbnail","6":"product_cat-jnats","7":"product_tag-charnley-forest","8":"product_shipping_class-iprastas","10":"first","11":"outofstock","12":"shipping-taxable","13":"purchasable","14":"product-type-simple"},"_links":{"self":[{"href":"https:\/\/jnats.eu\/es\/wp-json\/wp\/v2\/product\/2567","targetHints":{"allow":["GET"]}}],"collection":[{"href":"https:\/\/jnats.eu\/es\/wp-json\/wp\/v2\/product"}],"about":[{"href":"https:\/\/jnats.eu\/es\/wp-json\/wp\/v2\/types\/product"}],"replies":[{"embeddable":true,"href":"https:\/\/jnats.eu\/es\/wp-json\/wp\/v2\/comments?post=2567"}],"wp:featuredmedia":[{"embeddable":true,"href":"https:\/\/jnats.eu\/es\/wp-json\/wp\/v2\/media\/2569"}],"wp:attachment":[{"href":"https:\/\/jnats.eu\/es\/wp-json\/wp\/v2\/media?parent=2567"}],"wp:term":[{"taxonomy":"product_brand","embeddable":true,"href":"https:\/\/jnats.eu\/es\/wp-json\/wp\/v2\/product_brand?post=2567"},{"taxonomy":"product_cat","embeddable":true,"href":"https:\/\/jnats.eu\/es\/wp-json\/wp\/v2\/product_cat?post=2567"},{"taxonomy":"product_tag","embeddable":true,"href":"https:\/\/jnats.eu\/es\/wp-json\/wp\/v2\/product_tag?post=2567"}],"curies":[{"name":"wp","href":"https:\/\/api.w.org\/{rel}","templated":true}]}}