{"id":2580,"date":"2025-04-02T11:16:59","date_gmt":"2025-04-02T08:16:59","guid":{"rendered":"http:\/\/jnats.eu\/?post_type=product&#038;p=2580"},"modified":"2025-09-30T12:24:17","modified_gmt":"2025-09-30T09:24:17","slug":"mikawa-nagura-asano","status":"publish","type":"product","link":"https:\/\/jnats.eu\/es\/producto-2\/mikawa-nagura-asano\/","title":{"rendered":"Asano Mikawa Nagura"},"content":{"rendered":"<p>Al igual que otras naguras, Mikawa Asano se utiliza tradicionalmente para crear una suspensi\u00f3n abrasiva sobre una piedra de afilar natural. La diferencia con los dem\u00e1s es cari\u00f1o. Asano es un intento de crear un sistema de calificaci\u00f3n gratuito que permitir\u00e1 al usuario elegir una progresi\u00f3n de afilado de grueso a fino. <\/p>\n\n\n\n<p>De hecho, una vuelta, cualquiera de ellas, es suficiente para afilar, ya que las part\u00edculas abrasivas naturales se descomponen y se vuelven m\u00e1s finas durante el afilado. Si es necesario, la suspensi\u00f3n se puede crear nuevamente usando el mismo Mikawa Nagura.  <\/p>\n\n\n\n<p>La excepci\u00f3n a la regla es Muchi. Este \u00faltimo puede resultar demasiado \u00e1spero en algunos casos y no es recomendable utilizarlo para afeitadoras. <\/p>\n\n\n\n<p>Este tipo de piedra se extrae de la mina Junmikawa Shiro en el distrito de Kitashitara de la prefectura de Aichi. La roca encontrada all\u00ed consta de 10 a 12 capas, dependiendo de la zona excavada. De estas capas hay 8 utilizables y 4 de ellas son las m\u00e1s populares. Las \u00e1reas con 12 capas utilizables incluyen dos capas Tenjyo diferentes, as\u00ed como Yae Botan y Botan, que son muy similares. Como ocurre con todas las piedras naturales japonesas, cada ejemplar individual puede variar. <\/p>\n\n\n\n<p>Mikawa nagura se clasifica de m\u00e1s grueso a m\u00e1s fino de la siguiente manera: <strong>Mushi [\u30e0\u30b7] &gt; Ban [\u30d0\u30f3] &gt; Atsu [\u30a2\u30c4] &gt; Yae Botan [\u516b\u91cd\u30dc\u30bf\u30f3] &gt; Botan [\u30dc\u30bf\u30f3] &gt; Tenjyo [\u5929\u4e0a] &gt; Mejiro [\u76ee\u767d] &gt; Koma [\u30b3\u30de]<\/strong><\/p>\n\n\n\n<p>Los nagura Asano Mikawa se clasifican seg\u00fan su velocidad de funcionamiento de la siguiente manera:<strong> Ban &gt; Koma &gt; Yae Botan &gt; Botan &gt; Atsu &gt;Tenjo &gt; Mejiro.<\/strong><\/p>\n\n\n\n<p>El desglose no siempre coincide exactamente con la realidad, ya que cada piedra natural es \u00fanica y tiene propiedades ligeramente diferentes, pero en la mayor\u00eda de los casos es cierto. <\/p>\n\n\n\n<p>Despu\u00e9s de los nagurs, el afilado suele realizarse sobre la misma piedra limpia que sirvi\u00f3 de base. Algunos finalizan el proceso de afilado de las navajas con una suspensi\u00f3n l\u00edquida y de esta forma consiguen un afeitado suave y seguro, porque entonces la hoja deja de ser agresiva para la piel, pero corta el pelo.<\/p>\n\n\n\n<figure class=\"wp-block-embed is-type-video is-provider-youtube wp-block-embed-youtube wp-embed-aspect-16-9 wp-has-aspect-ratio\"><div class=\"wp-block-embed__wrapper\">\n<div class=\"video-container\"><iframe title=\"Asano Mikawa Nagura\" width=\"1170\" height=\"658\" src=\"https:\/\/www.youtube.com\/embed\/uzbRmb6lzcI?feature=oembed\" frameborder=\"0\" allow=\"accelerometer; autoplay; clipboard-write; encrypted-media; gyroscope; picture-in-picture; web-share\" referrerpolicy=\"strict-origin-when-cross-origin\" allowfullscreen><\/iframe><\/div>\n<\/div><\/figure>","protected":false},"excerpt":{"rendered":"<ol>\n<li><strong>Bot\u00e1n [botan] \u2013 200 g. 85\u20ac<\/strong><\/li>\n<li><strong>Bot\u00e1n [botan] \u2013 130 g. 65\u20ac<\/strong><\/li>\n<li><strong>Bot\u00e1n [botan] \u2013 100 g. 45\u20ac<\/strong><\/li>\n<li><strong>Bot\u00e1n [botan] \u2013 110 g. 50\u20ac<\/strong><\/li>\n<li><strong>Bot\u00e1n [botan] \u2013 196 g. 82\u20ac<\/strong><\/li>\n<li><strong>Mejiro [\u76ee\u767d] \u2013 225 g. 100\u20ac<\/strong><\/li>\n<li><strong>Mejiro [\u76ee\u767d] \u2013 124 g. 60\u20ac<\/strong><\/li>\n<li><strong>Tenjyo [\u5929\u4e0a] \u2013 120 g. 58\u20ac<\/strong><\/li>\n<li><strong>Tenjyo [\u5929\u4e0a] \u2013 115 g. 52\u20ac\u00a0<\/strong><\/li>\n<li><strong>Coma [\u30b3\u30de] \u2013 107 g. 80\u20ac<\/strong><\/li>\n<li><strong>Coma [\u30b3\u30de] \u2013 105 g. 79\u20ac <\/strong><strong>\u00a0<\/strong><\/li>\n<li><strong>Coma [\u30b3\u30de] \u2013 166 g. 150\u20ac<\/strong><\/li>\n<\/ol>\n<p><span style=\"color: #993300;\"><strong>Si no ve el art\u00edculo en la lista desplegable, significa que est\u00e1 vendido.<\/strong><\/span><\/p>","protected":false},"featured_media":4271,"comment_status":"open","ping_status":"closed","template":"","meta":[],"product_brand":[],"product_cat":[22],"product_tag":[285,151,153],"class_list":{"0":"post-2580","1":"product","2":"type-product","3":"status-publish","4":"has-post-thumbnail","6":"product_cat-jnats","7":"product_tag-asano","8":"product_tag-mikawa","9":"product_tag-nagura","10":"product_shipping_class-light","12":"first","13":"outofstock","14":"shipping-taxable","15":"product-type-variable"},"_links":{"self":[{"href":"https:\/\/jnats.eu\/es\/wp-json\/wp\/v2\/product\/2580","targetHints":{"allow":["GET"]}}],"collection":[{"href":"https:\/\/jnats.eu\/es\/wp-json\/wp\/v2\/product"}],"about":[{"href":"https:\/\/jnats.eu\/es\/wp-json\/wp\/v2\/types\/product"}],"replies":[{"embeddable":true,"href":"https:\/\/jnats.eu\/es\/wp-json\/wp\/v2\/comments?post=2580"}],"wp:featuredmedia":[{"embeddable":true,"href":"https:\/\/jnats.eu\/es\/wp-json\/wp\/v2\/media\/4271"}],"wp:attachment":[{"href":"https:\/\/jnats.eu\/es\/wp-json\/wp\/v2\/media?parent=2580"}],"wp:term":[{"taxonomy":"product_brand","embeddable":true,"href":"https:\/\/jnats.eu\/es\/wp-json\/wp\/v2\/product_brand?post=2580"},{"taxonomy":"product_cat","embeddable":true,"href":"https:\/\/jnats.eu\/es\/wp-json\/wp\/v2\/product_cat?post=2580"},{"taxonomy":"product_tag","embeddable":true,"href":"https:\/\/jnats.eu\/es\/wp-json\/wp\/v2\/product_tag?post=2580"}],"curies":[{"name":"wp","href":"https:\/\/api.w.org\/{rel}","templated":true}]}}