{"id":2618,"date":"2024-05-08T13:30:08","date_gmt":"2024-05-08T10:30:08","guid":{"rendered":"http:\/\/jnats.eu\/?post_type=product&#038;p=2618"},"modified":"2024-08-26T19:59:17","modified_gmt":"2024-08-26T16:59:17","slug":"surgical-black-arkansas-amerikietiskas-galandinimo-akmuo","status":"publish","type":"product","link":"https:\/\/jnats.eu\/es\/producto-2\/surgical-black-arkansas-amerikietiskas-galandinimo-akmuo\/","title":{"rendered":"Piedra de afilar americana Arkansas negra quir\u00fargica"},"content":{"rendered":"<p>La piedra de afilar Arkansas negra quir\u00fargica tiene un grano de aproximadamente 4000-6000. Como sugiere el nombre, crear\u00e1 una hoja muy afilada, como un bistur\u00ed. Lo suficientemente largo y ancho para todas las tareas de afilado, desde cuchillos de cocina, diversas herramientas para trabajar la madera hasta navajas. La piedra se encuentra en una caja de madera separada para su almacenamiento y transporte.<\/p>\n\n\n\n<p><br>Lo mejor es utilizar aceite mineral, aceite para beb\u00e9s, aceite especial para afilar o aceite de oliva cuando trabaje con todas las piedras de Arkansas. Aplique unas gotas a la superficie de la piedra para evitar obstrucciones, reducir la fricci\u00f3n durante el afilado y mantener la piedra limpia. Tambi\u00e9n se puede utilizar agua, pero la grasa da un resultado ligeramente mejor. Usar agua tambi\u00e9n dificultar\u00e1 un poco la limpieza de la piedra. Especialmente si has usado una piedra con aceite antes.<\/p>\n\n\n\n<p>Estas piedras naturales son muy duras y no es necesario lijarlas con tanta frecuencia como la mayor\u00eda de las piedras sint\u00e9ticas. <\/p>","protected":false},"excerpt":{"rendered":"<ul>\n<li>Dimensiones aproximadas: 103x49x13 mm<\/li>\n<li>Peso sin caja: 357 g<\/li>\n<li>Peso con caja: 606 g<\/li>\n<li>Dureza: Lv 5<\/li>\n<li>Adecuado para el acabado de navajas, cuchillos y herramientas.<\/li>\n<li>Recomendamos trabajar con grasa, pero tambi\u00e9n es posible con agua.<\/li>\n<\/ul>","protected":false},"featured_media":2622,"comment_status":"open","ping_status":"closed","template":"","meta":[],"product_brand":[],"product_cat":[22],"product_tag":[288,286,287],"class_list":{"0":"post-2618","1":"product","2":"type-product","3":"status-publish","4":"has-post-thumbnail","6":"product_cat-jnats","7":"product_tag-arkansas","8":"product_tag-black","9":"product_tag-surgical","10":"product_shipping_class-iprastas","12":"first","13":"outofstock","14":"shipping-taxable","15":"purchasable","16":"product-type-simple"},"_links":{"self":[{"href":"https:\/\/jnats.eu\/es\/wp-json\/wp\/v2\/product\/2618","targetHints":{"allow":["GET"]}}],"collection":[{"href":"https:\/\/jnats.eu\/es\/wp-json\/wp\/v2\/product"}],"about":[{"href":"https:\/\/jnats.eu\/es\/wp-json\/wp\/v2\/types\/product"}],"replies":[{"embeddable":true,"href":"https:\/\/jnats.eu\/es\/wp-json\/wp\/v2\/comments?post=2618"}],"wp:featuredmedia":[{"embeddable":true,"href":"https:\/\/jnats.eu\/es\/wp-json\/wp\/v2\/media\/2622"}],"wp:attachment":[{"href":"https:\/\/jnats.eu\/es\/wp-json\/wp\/v2\/media?parent=2618"}],"wp:term":[{"taxonomy":"product_brand","embeddable":true,"href":"https:\/\/jnats.eu\/es\/wp-json\/wp\/v2\/product_brand?post=2618"},{"taxonomy":"product_cat","embeddable":true,"href":"https:\/\/jnats.eu\/es\/wp-json\/wp\/v2\/product_cat?post=2618"},{"taxonomy":"product_tag","embeddable":true,"href":"https:\/\/jnats.eu\/es\/wp-json\/wp\/v2\/product_tag?post=2618"}],"curies":[{"name":"wp","href":"https:\/\/api.w.org\/{rel}","templated":true}]}}