{"id":2623,"date":"2024-05-08T13:41:39","date_gmt":"2024-05-08T10:41:39","guid":{"rendered":"http:\/\/jnats.eu\/?post_type=product&#038;p=2623"},"modified":"2024-11-19T14:20:29","modified_gmt":"2024-11-19T12:20:29","slug":"translucent-hard-arkansas-ir-whale-oil-stone-mini-akmenu-komplektas","status":"publish","type":"product","link":"https:\/\/jnats.eu\/es\/producto-2\/translucent-hard-arkansas-ir-whale-oil-stone-mini-akmenu-komplektas\/","title":{"rendered":"Juego de mini piedras transl\u00facidas duras de Arkansas y aceite de ballena"},"content":{"rendered":"<p>La piedra de afilar Hard Arkansas tiene aproximadamente 10,000 granos. Te permitir\u00e1 conseguir una hoja muy afilada. <\/p>\n\n\n\n<p>Lo mejor es utilizar aceite mineral, aceite para beb\u00e9s, aceite especial para afilar o aceite de oliva cuando trabaje con todas las piedras de Arkansas. Aplique unas gotas a la superficie de la piedra para evitar obstrucciones, reducir la fricci\u00f3n durante el afilado y mantener la piedra limpia. Tambi\u00e9n se puede utilizar agua, pero la grasa da un resultado ligeramente mejor. Usar agua tambi\u00e9n dificultar\u00e1 un poco la limpieza de la piedra. Especialmente si has usado una piedra con aceite antes.<\/p>\n\n\n\n<p>Estas piedras naturales son muy duras y no es necesario lijarlas con tanta frecuencia como la mayor\u00eda de las piedras sint\u00e9ticas.<\/p>\n\n\n\n<p>Piedra de aceite de ballena de aproximadamente 3000 granos. Trabajar con grasa.<\/p>","protected":false},"excerpt":{"rendered":"<p><strong>Arkansas duro transl\u00facido<\/strong><\/p>\n<ul>\n<li>Dimensiones: 99x25x12mm<\/li>\n<li>Peso: 83 gramos<\/li>\n<li>Dureza: Lv 5<\/li>\n<li>Adecuado para el acabado de navajas, cuchillos y herramientas.<\/li>\n<li>Recomendamos trabajar con grasa, pero tambi\u00e9n es posible con agua.<\/li>\n<\/ul>\n<p><strong>Piedra de aceite de ballena<\/strong><\/p>\n<ul>\n<li>Dimensiones: 103x21x13mm<\/li>\n<li>Peso: 79 gramos<\/li>\n<li>Grano: #3000<\/li>\n<li>Adecuado para afilar navajas, cuchillos y herramientas.<\/li>\n<li>Recomendamos trabajar con grasa.<\/li>\n<\/ul>\n<p>&nbsp;<\/p>","protected":false},"featured_media":2624,"comment_status":"open","ping_status":"closed","template":"","meta":[],"product_brand":[],"product_cat":[22],"product_tag":[288,289],"class_list":{"0":"post-2623","1":"product","2":"type-product","3":"status-publish","4":"has-post-thumbnail","6":"product_cat-jnats","7":"product_tag-arkansas","8":"product_tag-translucent-hard-arkansas","9":"product_shipping_class-iprastas","11":"first","12":"outofstock","13":"shipping-taxable","14":"purchasable","15":"product-type-simple"},"_links":{"self":[{"href":"https:\/\/jnats.eu\/es\/wp-json\/wp\/v2\/product\/2623","targetHints":{"allow":["GET"]}}],"collection":[{"href":"https:\/\/jnats.eu\/es\/wp-json\/wp\/v2\/product"}],"about":[{"href":"https:\/\/jnats.eu\/es\/wp-json\/wp\/v2\/types\/product"}],"replies":[{"embeddable":true,"href":"https:\/\/jnats.eu\/es\/wp-json\/wp\/v2\/comments?post=2623"}],"wp:featuredmedia":[{"embeddable":true,"href":"https:\/\/jnats.eu\/es\/wp-json\/wp\/v2\/media\/2624"}],"wp:attachment":[{"href":"https:\/\/jnats.eu\/es\/wp-json\/wp\/v2\/media?parent=2623"}],"wp:term":[{"taxonomy":"product_brand","embeddable":true,"href":"https:\/\/jnats.eu\/es\/wp-json\/wp\/v2\/product_brand?post=2623"},{"taxonomy":"product_cat","embeddable":true,"href":"https:\/\/jnats.eu\/es\/wp-json\/wp\/v2\/product_cat?post=2623"},{"taxonomy":"product_tag","embeddable":true,"href":"https:\/\/jnats.eu\/es\/wp-json\/wp\/v2\/product_tag?post=2623"}],"curies":[{"name":"wp","href":"https:\/\/api.w.org\/{rel}","templated":true}]}}