{"id":265,"date":"2024-02-27T11:59:19","date_gmt":"2024-02-27T09:59:19","guid":{"rendered":"http:\/\/jnats.eu\/?post_type=product&#038;p=265"},"modified":"2025-09-03T00:47:47","modified_gmt":"2025-09-02T21:47:47","slug":"traje-momiji-tomono","status":"publish","type":"product","link":"https:\/\/jnats.eu\/es\/producto-2\/traje-momiji-tomono\/","title":{"rendered":"Piedra de afilar natural japonesa Suita Momiji Tomono"},"content":{"rendered":"<p>Presentamos Suita Momiji Tomono, una piedra de afilar japonesa que saca lo mejor de los cuchillos.<\/p>\n\n\n\n<p>Mejore su experiencia de afilado con la piedra de afilar japonesa de Suita Momiji Tomono, una herramienta exclusiva dise\u00f1ada para afilar hojas a la perfecci\u00f3n con una precisi\u00f3n incomparable. Cuidadosamente seleccionada y elaborada por expertos, la piedra Suita es respetada tanto entre entusiastas como entre profesionales por sus cualidades excepcionales, especialmente su velocidad de trabajo.<\/p>\n\n\n\n<p><strong>Principales caracter\u00edsticas:<\/strong><\/p>\n\n\n\n<p>Suavidad abrasiva y versatilidad: la piedra Suita cuenta con un nivel de grano constante. Ya sea que desee restaurar el filo de la hoja de un cuchillo o mejorar el filo de otras herramientas, esta piedra se adapta f\u00e1cilmente a sus necesidades de afilado.<\/p>\n\n\n\n<p>Composici\u00f3n natural: Originaria del rico paisaje geol\u00f3gico de Jap\u00f3n, la piedra Suita es una maravilla natural con una composici\u00f3n \u00fanica que la distingue. Su estructura rica en minerales contribuye a la capacidad de la piedra para crear bordes afilados y un acabado similar a un espejo en los cuchillos.<\/p>\n\n\n\n<p>Aplicaci\u00f3n universal: la piedra Suita es perfecta para afilar cuchillos de cocina, herramientas de carpinter\u00eda, navajas, etc. Su versatilidad lo convierte en un compa\u00f1ero indispensable para los profesionales y aficionados de la cocina que buscan la m\u00e1xima precisi\u00f3n en su trabajo.<\/p>\n\n\n\n<p>Artesan\u00eda profesional: cada piedra de Suite se mecaniza meticulosamente para garantizar uniformidad y consistencia. La durabilidad y longevidad de la piedra la convierten en una sabia inversi\u00f3n para quienes valoran la artesan\u00eda en el cuidado de los cuchillos.<\/p>\n\n\n\n<p>Facilidad de uso: La piedra Suita es conveniente, incluso para aquellos que son nuevos en el autoafilado. Su composici\u00f3n facilita un pulido eficaz del metal, evita obstrucciones y garantiza un afilado suave.<\/p>\n\n\n\n<p>Instrucciones de cuidado y uso:<\/p>\n\n\n\n<p>Para maximizar la vida y eficacia de la piedra Suita, se recomienda trabajar con agua tibia. <\/p>\n\n\n\n<p>Mejore sus rituales de afilado con la piedra de afilar japonesa Suita, donde la tradici\u00f3n se une a la precisi\u00f3n. Invierta en artesan\u00eda y disfrute del filo y la durabilidad de los cuchillos como nunca antes.<\/p>\n\n\n\n<figure class=\"wp-block-embed is-type-video is-provider-youtube wp-block-embed-youtube wp-embed-aspect-16-9 wp-has-aspect-ratio\"><div class=\"wp-block-embed__wrapper\">\n<div class=\"video-container\"><iframe title=\"Piedras de afilar naturales japonesas: piedras de afilar Aiwatani, Wakasa, Suita Momiji Tomono\" width=\"1170\" height=\"658\" src=\"https:\/\/www.youtube.com\/embed\/l3u342Q8jTo?start=501&#038;feature=oembed\" frameborder=\"0\" allow=\"accelerometer; autoplay; clipboard-write; encrypted-media; gyroscope; picture-in-picture; web-share\" referrerpolicy=\"strict-origin-when-cross-origin\" allowfullscreen><\/iframe><\/div>\n<\/div><\/figure>\n\n\n\n<p>Las principales ventajas de las piedras de afilar japonesas naturales:<\/p>\n\n\n\n<ul class=\"wp-block-list\">\n<li>Las herramientas se mantienen afiladas m\u00e1s tiempo<\/li>\n\n\n\n<li>Las piedras no se contaminan con residuos met\u00e1licos<\/li>\n\n\n\n<li>F\u00e1cil desmontaje de la v\u00e1lvula de compuerta<\/li>\n\n\n\n<li>Una respuesta sorprendente que permite sentir exactamente lo que ocurre en la superficie met\u00e1lica.<\/li>\n<\/ul>","protected":false},"excerpt":{"rendered":"<ul>\n<li><strong>Dureza: Nivel 4,5<\/strong><\/li>\n<li><strong>Dimensiones: 207x78x47mm<\/strong><\/li>\n<li><strong>Peso: 1850 gramos<\/strong><\/li>\n<li><strong>Las l\u00edneas visibles son completamente seguras y no interfieren con el afilado.<\/strong><\/li>\n<li>Una piedra extremadamente r\u00e1pida, limpia y con una estructura uniforme que durar\u00e1 varias veces. Adecuado para el acabado del afilado de cuchillos, carpinter\u00eda y otras herramientas. Para maquinillas de afeitar: preacabado. Como la mayor\u00eda de las piedras naturales japonesas, esta Suita garantiza una larga vida \u00fatil de la hoja y un buen filo.<\/li>\n<\/ul>","protected":false},"featured_media":1172,"comment_status":"open","ping_status":"closed","template":"","meta":[],"product_brand":[],"product_cat":[22],"product_tag":[62,50,63],"class_list":{"0":"post-265","1":"product","2":"type-product","3":"status-publish","4":"has-post-thumbnail","6":"product_cat-jnats","7":"product_tag-momiji","8":"product_tag-suita","9":"product_tag-tomono","10":"product_shipping_class-iprastas","12":"first","13":"outofstock","14":"sale","15":"shipping-taxable","16":"purchasable","17":"product-type-simple"},"_links":{"self":[{"href":"https:\/\/jnats.eu\/es\/wp-json\/wp\/v2\/product\/265","targetHints":{"allow":["GET"]}}],"collection":[{"href":"https:\/\/jnats.eu\/es\/wp-json\/wp\/v2\/product"}],"about":[{"href":"https:\/\/jnats.eu\/es\/wp-json\/wp\/v2\/types\/product"}],"replies":[{"embeddable":true,"href":"https:\/\/jnats.eu\/es\/wp-json\/wp\/v2\/comments?post=265"}],"wp:featuredmedia":[{"embeddable":true,"href":"https:\/\/jnats.eu\/es\/wp-json\/wp\/v2\/media\/1172"}],"wp:attachment":[{"href":"https:\/\/jnats.eu\/es\/wp-json\/wp\/v2\/media?parent=265"}],"wp:term":[{"taxonomy":"product_brand","embeddable":true,"href":"https:\/\/jnats.eu\/es\/wp-json\/wp\/v2\/product_brand?post=265"},{"taxonomy":"product_cat","embeddable":true,"href":"https:\/\/jnats.eu\/es\/wp-json\/wp\/v2\/product_cat?post=265"},{"taxonomy":"product_tag","embeddable":true,"href":"https:\/\/jnats.eu\/es\/wp-json\/wp\/v2\/product_tag?post=265"}],"curies":[{"name":"wp","href":"https:\/\/api.w.org\/{rel}","templated":true}]}}