{"id":2659,"date":"2024-05-13T08:28:21","date_gmt":"2024-05-13T05:28:21","guid":{"rendered":"http:\/\/jnats.eu\/?post_type=product&#038;p=2659"},"modified":"2026-04-01T11:53:42","modified_gmt":"2026-04-01T08:53:42","slug":"naniwa-220-pa-bgs-022p-pink-alumina-traditional-whetstone","status":"publish","type":"product","link":"https:\/\/jnats.eu\/es\/producto-2\/naniwa-220-pa-bgs-022p-pink-alumina-traditional-whetstone\/","title":{"rendered":"Naniwa #220 PA BGS-022p Piedra de afilar tradicional de al\u00famina rosa"},"content":{"rendered":"<p>Naniwa 220 Grit Pink Alumina Traditional Waterstone es similar a la serie Naniwa Traditional, pero ha sido dise\u00f1ada para desgastarse m\u00e1s lentamente y trabajar m\u00e1s r\u00e1pido.<\/p>\n\n\n\n<figure class=\"wp-block-embed is-type-video is-provider-youtube wp-block-embed-youtube wp-embed-aspect-16-9 wp-has-aspect-ratio\"><div class=\"wp-block-embed__wrapper\">\n<div class=\"video-container\"><iframe title=\"Prueba de piedra de afilar de \u00f3xido de aluminio rosa Naniwa con Shirogami Honyaki\" width=\"1170\" height=\"658\" src=\"https:\/\/www.youtube.com\/embed\/DuBMwsrQGaY?feature=oembed\" frameborder=\"0\" allow=\"accelerometer; autoplay; clipboard-write; encrypted-media; gyroscope; picture-in-picture; web-share\" referrerpolicy=\"strict-origin-when-cross-origin\" allowfullscreen><\/iframe><\/div>\n<\/div><\/figure>\n\n\n\n<p>Las piedras de agua tradicionales Naniwa ofrecen un excelente equilibrio entre precio y rendimiento. Usted obtiene la calidad y la atenci\u00f3n que Naniwa pone en todas sus piedras, sin tener que pagar los precios m\u00e1s altos de las l\u00edneas de piedras m\u00e1s caras. A diferencia de las piedras Super, tienen un aglutinante tradicional que absorbe el agua. Recomendamos remojar en agua antes de usar.<\/p>\n\n\n\n<p>La caja tiene un marco en la parte superior que permite colocar una piedra encima para trabajar. La caja tiene patas de goma y orificios de ventilaci\u00f3n para poder colocar la piedra dentro y cerrarla inmediatamente despu\u00e9s del trabajo.<\/p>\n\n\n\n<p>Fabricada con \u00f3xido de aluminio rosa, que es m\u00e1s duro y duradero que el \u00f3xido de aluminio blanco habitual o el carburo de silicio utilizado en otras piedras de amolar. La al\u00famina rosa contiene aditivos de \u00f3xido de cromo que le dan un color rosado y aumentan su dureza y resistencia a la abrasi\u00f3n.<\/p>\n\n\n\n<p><strong>Ventajas<\/strong>:<\/p>\n\n\n\n<ul class=\"wp-block-list\">\n<li><strong>Durabilidad<\/strong>R: El \u00f3xido de aluminio rosa se desgasta m\u00e1s lentamente que el carburo de silicio, por lo que la piedra mantiene su forma durante m\u00e1s tiempo.<\/li>\n\n\n\n<li><strong>Eficacia<\/strong>: Proporciona una buena velocidad de rectificado, pero es menos agresiva que las piedras de carburo de silicio, por lo que no da\u00f1a tan profundamente la superficie met\u00e1lica.<\/li>\n\n\n\n<li>Fabricado en Jap\u00f3n, lo que garantiza una alta calidad y t\u00e9cnicas de producci\u00f3n tradicionales.<\/li>\n<\/ul>","protected":false},"excerpt":{"rendered":"<ul>\n<li>El \u00f3xido de aluminio rosa se desgasta m\u00e1s lentamente que el carburo de silicio, por lo que la piedra mantiene su forma durante m\u00e1s tiempo. Proporciona una buena velocidad de rectificado, pero es menos agresiva que las piedras de carburo de silicio y, por tanto, no da\u00f1a la superficie met\u00e1lica tan profundamente.<!-- \/wp:list --><\/li>\n<li>Granulometr\u00eda: #220<\/li>\n<li>Se utiliza para la fase inicial de afilado<\/li>\n<li>Remojar en agua antes de trabajar<\/li>\n<li>Dimensiones: 210 x 70 x 20 mm<\/li>\n<\/ul>","protected":false},"featured_media":2660,"comment_status":"open","ping_status":"closed","template":"","meta":[],"product_brand":[],"product_cat":[290],"product_tag":[197],"class_list":{"0":"post-2659","1":"product","2":"type-product","3":"status-publish","4":"has-post-thumbnail","6":"product_cat-whetstones","7":"product_tag-naniwa","8":"product_shipping_class-iprastas","10":"first","11":"instock","12":"shipping-taxable","13":"purchasable","14":"product-type-simple"},"_links":{"self":[{"href":"https:\/\/jnats.eu\/es\/wp-json\/wp\/v2\/product\/2659","targetHints":{"allow":["GET"]}}],"collection":[{"href":"https:\/\/jnats.eu\/es\/wp-json\/wp\/v2\/product"}],"about":[{"href":"https:\/\/jnats.eu\/es\/wp-json\/wp\/v2\/types\/product"}],"replies":[{"embeddable":true,"href":"https:\/\/jnats.eu\/es\/wp-json\/wp\/v2\/comments?post=2659"}],"wp:featuredmedia":[{"embeddable":true,"href":"https:\/\/jnats.eu\/es\/wp-json\/wp\/v2\/media\/2660"}],"wp:attachment":[{"href":"https:\/\/jnats.eu\/es\/wp-json\/wp\/v2\/media?parent=2659"}],"wp:term":[{"taxonomy":"product_brand","embeddable":true,"href":"https:\/\/jnats.eu\/es\/wp-json\/wp\/v2\/product_brand?post=2659"},{"taxonomy":"product_cat","embeddable":true,"href":"https:\/\/jnats.eu\/es\/wp-json\/wp\/v2\/product_cat?post=2659"},{"taxonomy":"product_tag","embeddable":true,"href":"https:\/\/jnats.eu\/es\/wp-json\/wp\/v2\/product_tag?post=2659"}],"curies":[{"name":"wp","href":"https:\/\/api.w.org\/{rel}","templated":true}]}}