{"id":2665,"date":"2024-05-13T08:43:33","date_gmt":"2024-05-13T05:43:33","guid":{"rendered":"http:\/\/jnats.eu\/?post_type=product&#038;p=2665"},"modified":"2025-06-05T13:22:58","modified_gmt":"2025-06-05T10:22:58","slug":"naniwa-1000-wa-sekimonzen-toishi","status":"publish","type":"product","link":"https:\/\/jnats.eu\/es\/producto-2\/naniwa-1000-wa-sekimonzen-toishi\/","title":{"rendered":"Naniwa #1000 WA Sekimonzen Toishi"},"content":{"rendered":"<p>Basta ya de pedos... \u00a1tus 5 mil\u00edmetros! Consigue algo de lo que no te averg\u00fcences de coger un pu\u00f1ado o presumir ante los dem\u00e1s. \u00a1Ten amor propio!<\/p>\n\n\n\n<p>La Naniwa #1000 WA Sekimonzen Toishi es una piedra de afilar grande para afilar cuchillos desafilados (como en). Como usar\u00e1s mucho una piedra de afilar con este grano, se desgastan bastante r\u00e1pido. Para garantizar una larga vida \u00fatil, Naniwa ha fabricado esta piedra de afilar con un grosor extra. \u00a1Tres veces m\u00e1s gruesa que la piedra de afilar promedio!<\/p>","protected":false},"excerpt":{"rendered":"<ul>\n<li>Utilizado para la etapa de afilado medio.<\/li>\n<li>\u00d3xido de aluminio blanco<\/li>\n<li>Grano: #1000<\/li>\n<li>Necesitas remojarte<\/li>\n<li>Dimensiones: 210 x 70 x 60 mm<\/li>\n<li>Peso: 1810 gramos<\/li>\n<\/ul>","protected":false},"featured_media":2666,"comment_status":"open","ping_status":"closed","template":"","meta":[],"product_brand":[],"product_cat":[290],"product_tag":[197],"class_list":{"0":"post-2665","1":"product","2":"type-product","3":"status-publish","4":"has-post-thumbnail","6":"product_cat-whetstones","7":"product_tag-naniwa","8":"product_shipping_class-iprastas","10":"first","11":"outofstock","12":"sale","13":"shipping-taxable","14":"purchasable","15":"product-type-simple"},"_links":{"self":[{"href":"https:\/\/jnats.eu\/es\/wp-json\/wp\/v2\/product\/2665","targetHints":{"allow":["GET"]}}],"collection":[{"href":"https:\/\/jnats.eu\/es\/wp-json\/wp\/v2\/product"}],"about":[{"href":"https:\/\/jnats.eu\/es\/wp-json\/wp\/v2\/types\/product"}],"replies":[{"embeddable":true,"href":"https:\/\/jnats.eu\/es\/wp-json\/wp\/v2\/comments?post=2665"}],"wp:featuredmedia":[{"embeddable":true,"href":"https:\/\/jnats.eu\/es\/wp-json\/wp\/v2\/media\/2666"}],"wp:attachment":[{"href":"https:\/\/jnats.eu\/es\/wp-json\/wp\/v2\/media?parent=2665"}],"wp:term":[{"taxonomy":"product_brand","embeddable":true,"href":"https:\/\/jnats.eu\/es\/wp-json\/wp\/v2\/product_brand?post=2665"},{"taxonomy":"product_cat","embeddable":true,"href":"https:\/\/jnats.eu\/es\/wp-json\/wp\/v2\/product_cat?post=2665"},{"taxonomy":"product_tag","embeddable":true,"href":"https:\/\/jnats.eu\/es\/wp-json\/wp\/v2\/product_tag?post=2665"}],"curies":[{"name":"wp","href":"https:\/\/api.w.org\/{rel}","templated":true}]}}